{"id":9865,"date":"2023-06-22T18:20:43","date_gmt":"2023-06-22T18:20:43","guid":{"rendered":"https:\/rechtlicher-hinweis\/"},"modified":"2023-07-25T18:06:56","modified_gmt":"2023-07-25T18:06:56","slug":"rechtlicher-hinweis","status":"publish","type":"page","link":"https:\/\/vacationvillas.es\/de\/rechtlicher-hinweis\/","title":{"rendered":"Rechtlicher Hinweis"},"content":{"rendered":"\n<h3 class=\"wp-block-heading\">DENTIFICACION<\/h3>\n\n<p>En cumplimiento de la Ley 34\/2002, de 11 de julio, de servicios de la sociedad de la informaci\u00f3n y de comercio electr\u00f3nico, le informamos que esta p\u00e1gina web pertenece a:<\/p>\n\n<h3 class=\"wp-block-heading\">ALLGEMEINE NUTZUNGSBEDINGUNGEN.<\/h3>\n\n<p>www.vacationvillasspain.com le informa que el acceso y uso de la presente p\u00e1gina Web, as\u00ed como de los servicios y\/o contenidos que a trav\u00e9s de ella se obtengan o se puedan obtener, est\u00e1n sujetos a los t\u00e9rminos que se detallan en este Aviso Legal.<\/p>\n\n<p>Aus diesem Grund, wenn die detaillierten Erw\u00e4gungen, die wir in der Folge anstellen, nicht mit unseren Vorstellungen \u00fcbereinstimmen, bitten wir Sie, diese Webseite nicht zu benutzen, denn jede Benutzung dieser Webseite oder der darin enthaltenen Inhalte und Dienstleistungen impliziert die Annahme der in diesem Text enthaltenen rechtlichen Bestimmungen.<\/p>\n\n<p>Das Surfen auf der Website von www.vacationvillasspain.com unterliegt den Nutzungsbedingungen des Nutzers und impliziert die uneingeschr\u00e4nkte und vorbehaltlose Annahme aller und aller in dieser Rechtsverbindlichkeitserkl\u00e4rung enthaltenen Bestimmungen, die ge\u00e4ndert werden k\u00f6nnen.<\/p>\n\n<p>Der Nutzer ist verpflichtet, die Website in \u00dcbereinstimmung mit den Gesetzen, der guten Sitten, der \u00f6ffentlichen Ordnung, der Nutzung des Internets und den vorliegenden rechtlichen Hinweisen korrekt zu nutzen. El usuario responder\u00e1 frente a www.vacationvillasspain.com o frente a terceros, de cualesquiera da\u00f1os y perjuicios que pudieran causarse como consecuencia del incumplimiento de dicha obligaci\u00f3n.<\/p>\n\n<p>www.vacationvillasspain.com, se reserva el derecho a realizar cambios en la p\u00e1gina Web sin previo aviso, con el objeto de actualizar, corregir, modificar, a\u00f1adir o eliminar los contenidos de la misma. Por lo que las condiciones y t\u00e9rminos que se recogen en este apartado, pueden variar en cualquier momento. Por ello, le invitamos a que revise estos t\u00e9rminos cuando visite de nuevo esta p\u00e1gina Web. Dicha modificaci\u00f3n ser\u00e1 de aplicaci\u00f3n desde el momento en que est\u00e9 a disposici\u00f3n de los Usuarios.<\/p>\n\n<p>www.vacationvillasspain.com haftet nicht f\u00fcr Sch\u00e4den, die der Kunde durch eine fehlerhafte oder unsachgem\u00e4\u00dfe Nutzung in Verbindung mit Dritten verursachen k\u00f6nnte, da dies die alleinige und ausschlie\u00dfliche Verantwortung des Kunden ist. Adem\u00e1s, www.vacationvillasspain.com, no se haceresponsable en ning\u00fan caso, de los da\u00f1os y perjuicios de cualquier naturaleza que se puedan ocasionar, por ejemplo como consecuencia de la transmisi\u00f3n de un virus o de programas maliciosos, a pesar de haber adoptado todas las medidas tecnol\u00f3gicas necesarias para evitarlo.<\/p>\n\n<p>El Usuario, se compromete a no utilizar la p\u00e1gina Web de www.vacationvillasspain.com de forma contraria a lo dispuesto por la legislaci\u00f3n vigente.<\/p>\n\n<p>Wenn der Benutzer beschlie\u00dft, die vorliegende Rechtsverbindlichkeit nicht zu akzeptieren, muss er auf den Zugriff und\/oder die Nutzung der Inhalte und\/oder Dienstleistungen verzichten, die von www.vacationvillasspain.com \u00fcber seine Website angeboten werden.<\/p>\n\n<h3 class=\"wp-block-heading\">ZUGANG UND NUTZUNG<\/h3>\n\n<p>Der Zugang zu unserer Website ist frei und kostenlos, au\u00dfer in Bezug auf die Kosten f\u00fcr die Verbindung mit dem Telekommunikationsnetz, die von dem von dem Nutzer beauftragten Betreiber getragen werden.<\/p>\n\n<p>Der einfache Zugriff auf das Internet setzt keine gesch\u00e4ftliche Beziehung zwischen www.vacationvillasspain.com und dem Nutzer voraus.<\/p>\n\n<p>Der Nutzer garantiert die Authentizit\u00e4t und Aktualit\u00e4t aller Daten, die er \u00fcbermittelt, und ist allein verantwortlich f\u00fcr falsche oder ungenaue Angaben, die er macht.<\/p>\n\n<p>El usuario se compromete expresamente a hacer un uso adecuado de los contenidos y servicios de www.vacationvillasspain.com y a no emplearlos para, entre otros:<\/p>\n\n<ul class=\"wp-block-list\">\n<li>a) Difundir contenidos, delictivos, violentos, pornogr\u00e1ficos, racistas, xen\u00f3fobo, ofensivos, de apolog\u00eda del terrorismo o, en general, contrarios a la ley o al orden p\u00fablico.<\/li>\n\n\n\n<li>b) Einschleusen von Computerviren oder Durchf\u00fchrung von Aktionen, die geeignet sind, die elektronischen Dokumente, Daten oder Systeme von www.vacationvillasspain.com oder von Dritten zu ver\u00e4ndern, zu zerst\u00f6ren, zu st\u00f6ren oder Fehler oder Sch\u00e4den zu verursachen.com oder von Drittpersonen zu verletzen; sowie den Zugang anderer Benutzer zur Website und zu ihren Dienstleistungen zu behindern, indem sie massenhaft Informationsquellen nutzen, \u00fcber die www.vacationvillasspain.com seine Dienstleistungen anbietet.<\/li>\n\n\n\n<li>c) die Rechte auf geistiges oder gewerbliches Eigentum verletzen sowie die Vertraulichkeit der Informationen von www.vacationvillasspain.com oder Dritten verletzen.<\/li>\n\n\n\n<li>d) die Inhalte zu vervielf\u00e4ltigen, zu kopieren, zu verbreiten, zur Verf\u00fcgung zu stellen oder auf irgendeine andere Weise \u00f6ffentlich bekannt zu machen, umzuwandeln oder zu ver\u00e4ndern, sofern dies mit der Genehmigung des Inhabers der entsprechenden Rechte geschieht oder rechtlich zul\u00e4ssig ist.<\/li>\n\n\n\n<li>e) Speicherung von Daten mit \u00f6ffentlichem Zweck und Weiterleitung von Werbung jeder Art und von Mitteilungen mit Gewinnabsichten und anderen nat\u00fcrlichen Wirtschaftsg\u00fctern ohne vorherige Aufforderung oder Zustimmung durch den Nutzer.<\/li>\n<\/ul>\n\n<h3 class=\"wp-block-heading\">GEISTIGES EIGENTUM<\/h3>\n\n<p>www.vacationvillasspain.com, por s\u00ed o como cesionaria, es titular de todos los derechos de propiedad intelectual e industrial de su sitio Web, as\u00ed como de los elementos contentidos en el mismo (a t\u00edtulo enunciativo, im\u00e1genes, texto, marcas o logotipos, combinaciones de colores, estructura y dise\u00f1o) titularidad de la misma o de sus licenciantes. Todos los derechos reservados.<\/p>\n\n<p>Quedan expresamente prohibidas la reproducci\u00f3n, la transformaci\u00f3n, la distribuci\u00f3n y la comunicaci\u00f3n p\u00fablica, incluida su modalidad de puesta a disposici\u00f3n, de la totalidad o parte de los contenidos de este sitio Web, con fines comerciales, en cualquier soporte y por cualquier medio t\u00e9cnico, sin la autorizaci\u00f3n previa y por escrito de www.vacationvillasspain.com . El incumplimiento de lo anterior, facultar\u00e1 a www.vacationvillasspain.com para interponer las acciones legales pertinentes.<\/p>\n\n<p>El usuario se compromete a respetar los derechos de propiedad intelectual e industrial de www.vacationvillasspain.com, como propietaria o cesionaria. Podr\u00e1 visualizar los elementos del portal Web e incluso imprimirlos, copiarlos y almacenarlos en el disco duro de su ordenador o en cualquier otro soporte f\u00edsico siempre y cuando sea, \u00fanica y exclusivamente, para su uso personal y privado. La distribuci\u00f3n, modificaci\u00f3n, cesi\u00f3n o comunicaci\u00f3n p\u00fablica de los contenidos y cualquier otro acto que no haya sido expresamente autorizado por el titular de los derechos de explotaci\u00f3n quedan prohibidos.<\/p>\n\n<h3 class=\"wp-block-heading\">HIPERENLACES<\/h3>\n\n<p>El establecimiento de un hiperenlace no implica en ning\u00fan caso la existencia de relaciones entre www.vacationvillasspain.com y el propietario del sitio web en la que se establezca, ni la aceptaci\u00f3n y aprobaci\u00f3n por parte de www.vacationvillasspain.com de sus contenidos o servicios. Aquellas personas que se propongan establecer un hiperenlace previamente deber\u00e1n solicitar autorizaci\u00f3n por escrito a www.vacationvillasspain.com.<\/p>\n\n<h3 class=\"wp-block-heading\">GARANTIEN UND VERANTWORTUNG<\/h3>\n\n<p>www.vacationvillasspain.com schlie\u00dft, soweit dies rechtlich zul\u00e4ssig ist, jegliche Haftung f\u00fcr Sch\u00e4den und Nachteile aus, die aus der Natur entstehen:<\/p>\n\n<ul class=\"wp-block-list\">\n<li>a) La imposibilidad de accesso al sitio web o la falta de veracidad, exactitud, exhaustividad y\/o actualidad de los contenidos, as\u00ed como la existencia de vicios y defectos de toda clase de los contenidos transmitidos, difundidos, almacenados, puestos a disposici\u00f3n a los que se haya accedido a trav\u00e9s del sitio web o de los servicios que se ofrecen.<\/li>\n\n\n\n<li>b) Das Vorhandensein von Viren oder anderen Elementen in den Inhalten, die Ver\u00e4nderungen in den Informationssystemen, elektronischen Dokumenten oder Daten der Nutzer hervorrufen k\u00f6nnen.<\/li>\n\n\n\n<li>c) El incumplimiento de las leyes, la buena fe, el orden p\u00fablico, los usos del tr\u00e1fico y el presente aviso legal como consecuencia del uso incorrecto del sitio web. Insbesondere und beispielhaft ist www.vacationvillasspain.com nicht verantwortlich f\u00fcr die Handlungen Dritter, die die Rechte auf geistiges und industrielles Eigentum, Betriebsgeheimnisse, die Rechte auf Ehre, pers\u00f6nliche und famili\u00e4re Intimit\u00e4t und das eigene Bild sowie die Normen in Bezug auf die Kompetenzabgrenzung und die \u00d6ffentlichkeitsarbeit gef\u00e4hrden.<\/li>\n<\/ul>\n\n<p>Dar\u00fcber hinaus lehnt www.vacationvillasspain.com jegliche Verantwortung f\u00fcr Informationen ab, die au\u00dferhalb dieser Website gespeichert sind und nicht direkt von unserem Webmaster verwaltet werden. Die Funktion der Links, die auf dieser Website erscheinen, besteht ausschlie\u00dflich darin, den Benutzer \u00fcber das Vorhandensein anderer Quellen zu informieren, die den Inhalt dieser Website erweitern k\u00f6nnen. www.vacationvillasspain.com no garantiza ni se responsabiliza del funcionamiento o accesibilidad de los sitios enlazados.<\/p>\n\n<h3 class=\"wp-block-heading\">JURISDICCI\u00d3N<\/h3>\n\n<p>Im Falle von Streitigkeiten oder Auslegungskonflikten bez\u00fcglich der in der vorliegenden Rechtsbelehrung enthaltenen Begriffe sowie bez\u00fcglich aller Fragen im Zusammenhang mit den auf dieser Website angebotenen Dienstleistungen und\/oder Inhalten gilt das spanische Recht.<\/p>\n\n<p>Zur Beilegung von Konflikten, die durch die Nutzung und den Zugriff auf die Website und\/oder die darin angebotenen Dienste und Inhalte entstehen k\u00f6nnten, erkl\u00e4ren sich www.vacationvillasspain.com und der Nutzer damit einverstanden, sich an die nach dem Gesetz zust\u00e4ndigen Gerichte und Gerichte zu wenden.<\/p>\n","protected":false},"excerpt":{"rendered":"<p>DENTIFICACION En cumplimiento de la Ley 34\/2002, de 11 de julio, de servicios de la sociedad de la informaci\u00f3n y de comercio electr\u00f3nico, le informamos que esta p\u00e1gina web pertenece a: ALLGEMEINE NUTZUNGSBEDINGUNGEN. www.vacationvillasspain.com le informa que el acceso y uso de la presente p\u00e1gina Web, as\u00ed como de los servicios y\/o contenidos que a [&hellip;]<\/p>\n","protected":false},"author":1,"featured_media":0,"parent":0,"menu_order":0,"comment_status":"closed","ping_status":"closed","template":"","meta":{"footnotes":""},"class_list":["post-9865","page","type-page","status-publish","hentry"],"_links":{"self":[{"href":"https:\/\/vacationvillas.es\/de\/wp-json\/wp\/v2\/pages\/9865","targetHints":{"allow":["GET"]}}],"collection":[{"href":"https:\/\/vacationvillas.es\/de\/wp-json\/wp\/v2\/pages"}],"about":[{"href":"https:\/\/vacationvillas.es\/de\/wp-json\/wp\/v2\/types\/page"}],"author":[{"embeddable":true,"href":"https:\/\/vacationvillas.es\/de\/wp-json\/wp\/v2\/users\/1"}],"replies":[{"embeddable":true,"href":"https:\/\/vacationvillas.es\/de\/wp-json\/wp\/v2\/comments?post=9865"}],"version-history":[{"count":1,"href":"https:\/\/vacationvillas.es\/de\/wp-json\/wp\/v2\/pages\/9865\/revisions"}],"predecessor-version":[{"id":9867,"href":"https:\/\/vacationvillas.es\/de\/wp-json\/wp\/v2\/pages\/9865\/revisions\/9867"}],"wp:attachment":[{"href":"https:\/\/vacationvillas.es\/de\/wp-json\/wp\/v2\/media?parent=9865"}],"curies":[{"name":"wp","href":"https:\/\/api.w.org\/{rel}","templated":true}]}}