{"id":9914,"date":"2023-05-20T10:12:20","date_gmt":"2023-05-20T08:12:20","guid":{"rendered":"https:\/immobilien-management-dienstleistungen\/"},"modified":"2023-10-11T11:44:36","modified_gmt":"2023-10-11T09:44:36","slug":"immobilien-management-dienstleistungen","status":"publish","type":"page","link":"https:\/\/vacationvillas.es\/de\/immobilien-management-dienstleistungen\/","title":{"rendered":"Immobilien-Management-Dienstleistungen"},"content":{"rendered":"\t\t<div data-elementor-type=\"wp-page\" data-elementor-id=\"9914\" class=\"elementor elementor-9914 elementor-8649\">\n\t\t\t\t\t\t<section class=\"elementor-section elementor-top-section elementor-element elementor-element-1ba4842 elementor-section-height-min-height animated-slow elementor-section-boxed elementor-section-height-default elementor-section-items-middle elementor-invisible\" data-id=\"1ba4842\" data-element_type=\"section\" data-settings=\"{&quot;background_background&quot;:&quot;classic&quot;,&quot;animation&quot;:&quot;fadeIn&quot;,&quot;shape_divider_bottom&quot;:&quot;opacity-tilt&quot;}\">\n\t\t\t\t\t\t\t<div class=\"elementor-background-overlay\"><\/div>\n\t\t\t\t\t\t<div class=\"elementor-shape elementor-shape-bottom\" aria-hidden=\"true\" data-negative=\"false\">\n\t\t\t<svg xmlns=\"http:\/\/www.w3.org\/2000\/svg\" viewBox=\"0 0 2600 131.1\" preserveAspectRatio=\"none\">\n\t<path class=\"elementor-shape-fill\" d=\"M0 0L2600 0 2600 69.1 0 0z\"\/>\n\t<path class=\"elementor-shape-fill\" style=\"opacity:0.5\" d=\"M0 0L2600 0 2600 69.1 0 69.1z\"\/>\n\t<path class=\"elementor-shape-fill\" style=\"opacity:0.25\" d=\"M2600 0L0 0 0 130.1 2600 69.1z\"\/>\n<\/svg>\t\t<\/div>\n\t\t\t\t\t<div class=\"elementor-container elementor-column-gap-default\">\n\t\t\t\t\t<div class=\"elementor-column elementor-col-100 elementor-top-column elementor-element elementor-element-7337bd2\" data-id=\"7337bd2\" data-element_type=\"column\">\n\t\t\t<div class=\"elementor-widget-wrap elementor-element-populated\">\n\t\t\t\t\t\t<div class=\"elementor-element elementor-element-e521dfd elementor-widget elementor-widget-heading\" data-id=\"e521dfd\" data-element_type=\"widget\" data-widget_type=\"heading.default\">\n\t\t\t\t<div class=\"elementor-widget-container\">\n\t\t\t\t\t<h2 class=\"elementor-heading-title elementor-size-xxl\">Dienstleistungen<\/h2>\t\t\t\t<\/div>\n\t\t\t\t<\/div>\n\t\t\t\t\t<\/div>\n\t\t<\/div>\n\t\t\t\t\t<\/div>\n\t\t<\/section>\n\t\t\t\t<section class=\"elementor-section elementor-top-section elementor-element elementor-element-063837f elementor-section-boxed elementor-section-height-default elementor-section-height-default\" data-id=\"063837f\" data-element_type=\"section\" data-settings=\"{&quot;background_background&quot;:&quot;classic&quot;}\">\n\t\t\t\t\t\t<div class=\"elementor-container elementor-column-gap-default\">\n\t\t\t\t\t<div class=\"elementor-column elementor-col-100 elementor-top-column elementor-element elementor-element-80ad318\" data-id=\"80ad318\" data-element_type=\"column\">\n\t\t\t<div class=\"elementor-widget-wrap elementor-element-populated\">\n\t\t\t\t\t\t<div class=\"elementor-element elementor-element-81da5aa elementor-widget elementor-widget-spacer\" data-id=\"81da5aa\" data-element_type=\"widget\" data-widget_type=\"spacer.default\">\n\t\t\t\t<div class=\"elementor-widget-container\">\n\t\t\t\t\t\t\t<div class=\"elementor-spacer\">\n\t\t\t<div class=\"elementor-spacer-inner\"><\/div>\n\t\t<\/div>\n\t\t\t\t\t\t<\/div>\n\t\t\t\t<\/div>\n\t\t\t\t<div class=\"elementor-element elementor-element-3fcf0ed elementor-widget elementor-widget-houzez_elementor_section_title\" data-id=\"3fcf0ed\" data-element_type=\"widget\" data-widget_type=\"houzez_elementor_section_title.default\">\n\t\t\t\t<div class=\"elementor-widget-container\">\n\t\t\t\t\t            <div class=\"houzez_section_title_wrap section-title-module\">\n                                    <h2 class=\"houzez_section_title\">Immobilien-Management-Dienstleistungen\n<\/h2>\n                \n                            <\/div>\n            \t\t\t\t<\/div>\n\t\t\t\t<\/div>\n\t\t\t\t<div class=\"elementor-element elementor-element-f25da4b elementor-widget elementor-widget-text-editor\" data-id=\"f25da4b\" data-element_type=\"widget\" data-widget_type=\"text-editor.default\">\n\t\t\t\t<div class=\"elementor-widget-container\">\n\t\t\t\t\t\t\t\t\t<p>Vacation Villas verwaltet seit 1999 Ferienvermietungen f\u00fcr Eigent\u00fcmer von Qualit\u00e4tsvillen und -appartements in den Regionen Javea, Denia, La Sella und Pedreguer an der Costa Blanca und hat sich in dieser Zeit erfolgreich an das sich schnell ver\u00e4ndernde Marketingumfeld und den Kundenstamm angepasst.<\/p>\n<p>Unser B\u00fcro in La Xara (zwischen Javea und Denia) ist seit langem etabliert und leicht zu finden. Unsere englisch, spanisch und franz\u00f6sisch sprechenden Mitarbeiter verf\u00fcgen \u00fcber langj\u00e4hrige Erfahrung im Vermietungsgesch\u00e4ft in dieser Gegend und sind rund um die Uhr erreichbar, um alle Probleme zu l\u00f6sen, die gelegentlich auftreten k\u00f6nnen.<\/p>\n\t\t\t\t\t\t\t\t<\/div>\n\t\t\t\t<\/div>\n\t\t\t\t<section class=\"elementor-section elementor-inner-section elementor-element elementor-element-668e491 elementor-section-boxed elementor-section-height-default elementor-section-height-default\" data-id=\"668e491\" data-element_type=\"section\">\n\t\t\t\t\t\t<div class=\"elementor-container elementor-column-gap-default\">\n\t\t\t\t\t<div class=\"elementor-column elementor-col-50 elementor-inner-column elementor-element elementor-element-c8d6891\" data-id=\"c8d6891\" data-element_type=\"column\">\n\t\t\t<div class=\"elementor-widget-wrap elementor-element-populated\">\n\t\t\t\t\t\t<div class=\"elementor-element elementor-element-3bbab28 elementor-widget elementor-widget-text-editor\" data-id=\"3bbab28\" data-element_type=\"widget\" data-widget_type=\"text-editor.default\">\n\t\t\t\t<div class=\"elementor-widget-container\">\n\t\t\t\t\t\t\t\t\t<p>Wir bieten unseren Eigent\u00fcmern:<\/p>\n<ul>\n<li>Umfassendes Marketing \u00fcber unsere eigene Website und \u00fcber viele andere internationale Websites wie z. B:<\/li>\n<li>.homeaway.,.abritel.fr;.kyero..thinkspain. um nur einige zu nennen<\/li>\n<li>Ausf\u00fchrliche Fotos und umfassende Beschreibung des Objekts &#8211; mit der M\u00f6glichkeit eines zus\u00e4tzlichen Fotopakets<\/li>\n<li>Verwaltung: erster Kundenkontakt, Sicherstellung der Buchung, Entgegennahme von Anzahlungen und Restbetr\u00e4gen, Versand von Buchungsbest\u00e4tigungen und Wegbeschreibungen, monatliche Eigent\u00fcmerabrechnungen<\/li>\n<li>Schl\u00fcsselaufbewahrung und Schl\u00fcsselabholung f\u00fcr Kunden in unserem B\u00fcro<\/li>\n<li>Lieferung und W\u00e4sche von Bettw\u00e4sche, Handt\u00fcchern und Geschirrt\u00fcchern sowohl f\u00fcr unsere eigenen Mietobjekte als auch f\u00fcr unsere Schl\u00fcsselunterk\u00fcnfte<\/li>\n<li>Umstellungsreinigung<\/li>\n<li>Informationsbrosch\u00fcre zum Ort und zur Villa, Karten,  <\/li>\n<li>24-Stunden-Kontaktnummern f\u00fcr Kunden<\/li>\n<li>Fehlersuche, Reparaturen, Ersatzbeschaffungen usw. nach Bedarf und mit vorheriger Zustimmung der Eigent\u00fcmer<\/li>\n<li>Prompte Zahlungen des Eigent\u00fcmers, monatlich im Nachhinein<\/li>\n<\/ul>\n\t\t\t\t\t\t\t\t<\/div>\n\t\t\t\t<\/div>\n\t\t\t\t\t<\/div>\n\t\t<\/div>\n\t\t\t\t<div class=\"elementor-column elementor-col-50 elementor-inner-column elementor-element elementor-element-68a5bed\" data-id=\"68a5bed\" data-element_type=\"column\">\n\t\t\t<div class=\"elementor-widget-wrap elementor-element-populated\">\n\t\t\t\t\t\t<div class=\"elementor-element elementor-element-6bbf6e7 elementor-widget elementor-widget-image\" data-id=\"6bbf6e7\" data-element_type=\"widget\" data-widget_type=\"image.default\">\n\t\t\t\t<div class=\"elementor-widget-container\">\n\t\t\t\t\t\t\t\t\t\t\t\t\t\t\t<img fetchpriority=\"high\" decoding=\"async\" width=\"1024\" height=\"679\" src=\"https:\/\/vacationvillas.es\/wp-content\/uploads\/2023\/10\/3D-Logo-Mockup-Design-1024x679.jpg\" class=\"attachment-large size-large wp-image-12154\" alt=\"\" srcset=\"https:\/\/vacationvillas.es\/wp-content\/uploads\/2023\/10\/3D-Logo-Mockup-Design-1024x679.jpg 1024w, https:\/\/vacationvillas.es\/wp-content\/uploads\/2023\/10\/3D-Logo-Mockup-Design-300x199.jpg 300w, https:\/\/vacationvillas.es\/wp-content\/uploads\/2023\/10\/3D-Logo-Mockup-Design-768x509.jpg 768w, https:\/\/vacationvillas.es\/wp-content\/uploads\/2023\/10\/3D-Logo-Mockup-Design-1536x1019.jpg 1536w, https:\/\/vacationvillas.es\/wp-content\/uploads\/2023\/10\/3D-Logo-Mockup-Design-2048x1359.jpg 2048w, https:\/\/vacationvillas.es\/wp-content\/uploads\/2023\/10\/3D-Logo-Mockup-Design-905x600.jpg 905w, https:\/\/vacationvillas.es\/wp-content\/uploads\/2023\/10\/3D-Logo-Mockup-Design-496x329.jpg 496w\" sizes=\"(max-width: 1024px) 100vw, 1024px\" \/>\t\t\t\t\t\t\t\t\t\t\t\t\t\t\t<\/div>\n\t\t\t\t<\/div>\n\t\t\t\t\t<\/div>\n\t\t<\/div>\n\t\t\t\t\t<\/div>\n\t\t<\/section>\n\t\t\t\t<div class=\"elementor-element elementor-element-cb58bb5 elementor-widget elementor-widget-heading\" data-id=\"cb58bb5\" data-element_type=\"widget\" data-widget_type=\"heading.default\">\n\t\t\t\t<div class=\"elementor-widget-container\">\n\t\t\t\t\t<h2 class=\"elementor-heading-title elementor-size-default\">Immobilien-Dienstleistungen<\/h2>\t\t\t\t<\/div>\n\t\t\t\t<\/div>\n\t\t\t\t<section class=\"elementor-section elementor-inner-section elementor-element elementor-element-b4108a5 elementor-section-boxed elementor-section-height-default elementor-section-height-default\" data-id=\"b4108a5\" data-element_type=\"section\">\n\t\t\t\t\t\t<div class=\"elementor-container elementor-column-gap-default\">\n\t\t\t\t\t<div class=\"elementor-column elementor-col-50 elementor-inner-column elementor-element elementor-element-675ff10\" data-id=\"675ff10\" data-element_type=\"column\">\n\t\t\t<div class=\"elementor-widget-wrap elementor-element-populated\">\n\t\t\t\t\t\t<div class=\"elementor-element elementor-element-52e79cf elementor-widget elementor-widget-text-editor\" data-id=\"52e79cf\" data-element_type=\"widget\" data-widget_type=\"text-editor.default\">\n\t\t\t\t<div class=\"elementor-widget-container\">\n\t\t\t\t\t\t\t\t\t<p>Wir k\u00f6nnen Ihnen zuverl\u00e4ssige, bew\u00e4hrte Handwerker empfehlen (und gegebenenfalls beaufsichtigen), wenn Sie Arbeiten an Ihrer Immobilie durchf\u00fchren lassen wollen. Die von uns angebotenen Dienstleistungen umfassen unter anderem:<\/p>\n<ul>\n<li>Bau und Wartung von Schwimmb\u00e4dern<\/li>\n<li>Allgemeine Bauarbeiten, Renovierung, Reparaturen<\/li>\n<li>Installationen\/Reparaturen von Sanit\u00e4r- und Heizungsanlagen<\/li>\n<li>Elektrische Installationen\/Reparaturen<\/li>\n<li>Installationen\/Reparaturen von Klimaanlagen<\/li>\n<li>Schl\u00fcsseldienst<\/li>\n<li>TV- und Satelliteninstallation<\/li>\n<li>Gartenarbeit<\/li>\n<li>Schmiedearbeiten (Tore\/Gitter usw.)<\/li>\n<li>Malereidienstleistungen<\/li>\n<li>Unverbindliche Kostenvoranschl\u00e4ge<\/li>\n<\/ul>\n\t\t\t\t\t\t\t\t<\/div>\n\t\t\t\t<\/div>\n\t\t\t\t\t<\/div>\n\t\t<\/div>\n\t\t\t\t<div class=\"elementor-column elementor-col-50 elementor-inner-column elementor-element elementor-element-b3000bd\" data-id=\"b3000bd\" data-element_type=\"column\">\n\t\t\t<div class=\"elementor-widget-wrap elementor-element-populated\">\n\t\t\t\t\t\t<div class=\"elementor-element elementor-element-370a4d2 elementor-widget elementor-widget-image\" data-id=\"370a4d2\" data-element_type=\"widget\" data-widget_type=\"image.default\">\n\t\t\t\t<div class=\"elementor-widget-container\">\n\t\t\t\t\t\t\t\t\t\t\t\t\t\t\t<img decoding=\"async\" width=\"1024\" height=\"568\" src=\"https:\/\/vacationvillas.es\/wp-content\/uploads\/2023\/10\/vvggtt-1024x568.jpg\" class=\"attachment-large size-large wp-image-12178\" alt=\"\" srcset=\"https:\/\/vacationvillas.es\/wp-content\/uploads\/2023\/10\/vvggtt-1024x568.jpg 1024w, https:\/\/vacationvillas.es\/wp-content\/uploads\/2023\/10\/vvggtt-300x167.jpg 300w, https:\/\/vacationvillas.es\/wp-content\/uploads\/2023\/10\/vvggtt-768x426.jpg 768w, https:\/\/vacationvillas.es\/wp-content\/uploads\/2023\/10\/vvggtt-1536x853.jpg 1536w, https:\/\/vacationvillas.es\/wp-content\/uploads\/2023\/10\/vvggtt-2048x1137.jpg 2048w, https:\/\/vacationvillas.es\/wp-content\/uploads\/2023\/10\/vvggtt-1081x600.jpg 1081w, https:\/\/vacationvillas.es\/wp-content\/uploads\/2023\/10\/vvggtt-496x275.jpg 496w\" sizes=\"(max-width: 1024px) 100vw, 1024px\" \/>\t\t\t\t\t\t\t\t\t\t\t\t\t\t\t<\/div>\n\t\t\t\t<\/div>\n\t\t\t\t\t<\/div>\n\t\t<\/div>\n\t\t\t\t\t<\/div>\n\t\t<\/section>\n\t\t\t\t<div class=\"elementor-element elementor-element-2679b14 elementor-widget elementor-widget-spacer\" data-id=\"2679b14\" data-element_type=\"widget\" data-widget_type=\"spacer.default\">\n\t\t\t\t<div class=\"elementor-widget-container\">\n\t\t\t\t\t\t\t<div class=\"elementor-spacer\">\n\t\t\t<div class=\"elementor-spacer-inner\"><\/div>\n\t\t<\/div>\n\t\t\t\t\t\t<\/div>\n\t\t\t\t<\/div>\n\t\t\t\t\t<\/div>\n\t\t<\/div>\n\t\t\t\t\t<\/div>\n\t\t<\/section>\n\t\t\t\t<\/div>\n\t\t","protected":false},"excerpt":{"rendered":"<p>Dienstleistungen Immobilien-Management-Dienstleistungen Vacation Villas verwaltet seit 1999 Ferienvermietungen f\u00fcr Eigent\u00fcmer von Qualit\u00e4tsvillen und -appartements in den Regionen Javea, Denia, La Sella und Pedreguer an der Costa Blanca und hat sich in dieser Zeit erfolgreich an das sich schnell ver\u00e4ndernde Marketingumfeld und den Kundenstamm angepasst. Unser B\u00fcro in La Xara (zwischen Javea und Denia) ist seit [&hellip;]<\/p>\n","protected":false},"author":1,"featured_media":0,"parent":0,"menu_order":0,"comment_status":"closed","ping_status":"closed","template":"elementor_header_footer","meta":{"footnotes":""},"class_list":["post-9914","page","type-page","status-publish","hentry"],"_links":{"self":[{"href":"https:\/\/vacationvillas.es\/de\/wp-json\/wp\/v2\/pages\/9914","targetHints":{"allow":["GET"]}}],"collection":[{"href":"https:\/\/vacationvillas.es\/de\/wp-json\/wp\/v2\/pages"}],"about":[{"href":"https:\/\/vacationvillas.es\/de\/wp-json\/wp\/v2\/types\/page"}],"author":[{"embeddable":true,"href":"https:\/\/vacationvillas.es\/de\/wp-json\/wp\/v2\/users\/1"}],"replies":[{"embeddable":true,"href":"https:\/\/vacationvillas.es\/de\/wp-json\/wp\/v2\/comments?post=9914"}],"version-history":[{"count":4,"href":"https:\/\/vacationvillas.es\/de\/wp-json\/wp\/v2\/pages\/9914\/revisions"}],"predecessor-version":[{"id":12183,"href":"https:\/\/vacationvillas.es\/de\/wp-json\/wp\/v2\/pages\/9914\/revisions\/12183"}],"wp:attachment":[{"href":"https:\/\/vacationvillas.es\/de\/wp-json\/wp\/v2\/media?parent=9914"}],"curies":[{"name":"wp","href":"https:\/\/api.w.org\/{rel}","templated":true}]}}