{"id":9944,"date":"2023-05-17T14:30:55","date_gmt":"2023-05-17T12:30:55","guid":{"rendered":"https:\/infos-zum-gebiet\/"},"modified":"2025-01-26T11:40:19","modified_gmt":"2025-01-26T10:40:19","slug":"infos-zum-gebiet","status":"publish","type":"page","link":"https:\/\/vacationvillas.es\/de\/infos-zum-gebiet\/","title":{"rendered":"Infos zum Gebiet"},"content":{"rendered":"\t\t<div data-elementor-type=\"wp-page\" data-elementor-id=\"9944\" class=\"elementor elementor-9944 elementor-8286\">\n\t\t\t\t\t\t<section class=\"elementor-section elementor-top-section elementor-element elementor-element-62ae60c elementor-section-height-min-height elementor-section-boxed elementor-section-height-default elementor-section-items-middle\" data-id=\"62ae60c\" data-element_type=\"section\" data-settings=\"{&quot;background_background&quot;:&quot;classic&quot;,&quot;shape_divider_bottom&quot;:&quot;opacity-tilt&quot;}\">\n\t\t\t\t\t<div class=\"elementor-shape elementor-shape-bottom\" aria-hidden=\"true\" data-negative=\"false\">\n\t\t\t<svg xmlns=\"http:\/\/www.w3.org\/2000\/svg\" viewBox=\"0 0 2600 131.1\" preserveAspectRatio=\"none\">\n\t<path class=\"elementor-shape-fill\" d=\"M0 0L2600 0 2600 69.1 0 0z\"\/>\n\t<path class=\"elementor-shape-fill\" style=\"opacity:0.5\" d=\"M0 0L2600 0 2600 69.1 0 69.1z\"\/>\n\t<path class=\"elementor-shape-fill\" style=\"opacity:0.25\" d=\"M2600 0L0 0 0 130.1 2600 69.1z\"\/>\n<\/svg>\t\t<\/div>\n\t\t\t\t\t<div class=\"elementor-container elementor-column-gap-default\">\n\t\t\t\t\t<div class=\"elementor-column elementor-col-100 elementor-top-column elementor-element elementor-element-a28234d\" data-id=\"a28234d\" data-element_type=\"column\">\n\t\t\t<div class=\"elementor-widget-wrap elementor-element-populated\">\n\t\t\t\t\t\t<div class=\"elementor-element elementor-element-5e3816a elementor-widget elementor-widget-heading\" data-id=\"5e3816a\" data-element_type=\"widget\" data-widget_type=\"heading.default\">\n\t\t\t\t<div class=\"elementor-widget-container\">\n\t\t\t\t\t<h2 class=\"elementor-heading-title elementor-size-xxl\">Infos zum Gebiet<\/h2>\t\t\t\t<\/div>\n\t\t\t\t<\/div>\n\t\t\t\t\t<\/div>\n\t\t<\/div>\n\t\t\t\t\t<\/div>\n\t\t<\/section>\n\t\t\t\t<section class=\"elementor-section elementor-top-section elementor-element elementor-element-962700f elementor-section-boxed elementor-section-height-default elementor-section-height-default\" data-id=\"962700f\" data-element_type=\"section\">\n\t\t\t\t\t\t<div class=\"elementor-container elementor-column-gap-default\">\n\t\t\t\t\t<div class=\"elementor-column elementor-col-50 elementor-top-column elementor-element elementor-element-9321532\" data-id=\"9321532\" data-element_type=\"column\">\n\t\t\t<div class=\"elementor-widget-wrap elementor-element-populated\">\n\t\t\t\t\t\t<div class=\"elementor-element elementor-element-81bf50a elementor-widget elementor-widget-heading\" data-id=\"81bf50a\" data-element_type=\"widget\" data-widget_type=\"heading.default\">\n\t\t\t\t<div class=\"elementor-widget-container\">\n\t\t\t\t\t<h2 class=\"elementor-heading-title elementor-size-default\">Denia<\/h2>\t\t\t\t<\/div>\n\t\t\t\t<\/div>\n\t\t\t\t<div class=\"elementor-element elementor-element-6236701 elementor-widget elementor-widget-text-editor\" data-id=\"6236701\" data-element_type=\"widget\" data-widget_type=\"text-editor.default\">\n\t\t\t\t<div class=\"elementor-widget-container\">\n\t\t\t\t\t\t\t\t\t<p>Denia ist ein Ferienort an der Costa Blanca, in dem wir Villen auf dem Lande und einige Wohnungen am Meer vermieten. Es ist eine alte Burgstadt mit einer schattigen, von B\u00e4umen ges\u00e4umten Hauptstra\u00dfe, wo man einkaufen und anschlie\u00dfend in Tapas-Bars oder Restaurants essen kann. In der N\u00e4he dieser Stra\u00dfe gibt es sogar eine irische Bar, wenn Sie Guinness m\u00f6gen! Der Strand erstreckt sich von Las Rotas entlang der K\u00fcste bis nach Las Marinas. Verbringen Sie einige Zeit am Hafen und beobachten Sie das Treiben, w\u00e4hrend Sie einen Kaffee oder ein Getr\u00e4nk genie\u00dfen. Oder warum besuchen Sie nicht die ber\u00fchmte Tapas-Gasse, wo Sie den Geschmack Spaniens genie\u00dfen k\u00f6nnen. <\/p>\n\t\t\t\t\t\t\t\t<\/div>\n\t\t\t\t<\/div>\n\t\t\t\t<div class=\"elementor-element elementor-element-d65506b elementor-mobile-align-justify elementor-widget elementor-widget-button\" data-id=\"d65506b\" data-element_type=\"widget\" data-widget_type=\"button.default\">\n\t\t\t\t<div class=\"elementor-widget-container\">\n\t\t\t\t\t\t\t\t\t<div class=\"elementor-button-wrapper\">\n\t\t\t\t\t<a class=\"elementor-button elementor-button-link elementor-size-sm\" href=\"https:\/de\/warum-denia-der-perfekte-ort-fuer-ihren-zweiten-wohnsitz-ist\/\">\n\t\t\t\t\t\t<span class=\"elementor-button-content-wrapper\">\n\t\t\t\t\t\t\t\t\t<span class=\"elementor-button-text\">Erfahren Sie mehr \u00fcber Denia<\/span>\n\t\t\t\t\t<\/span>\n\t\t\t\t\t<\/a>\n\t\t\t\t<\/div>\n\t\t\t\t\t\t\t\t<\/div>\n\t\t\t\t<\/div>\n\t\t\t\t\t<\/div>\n\t\t<\/div>\n\t\t\t\t<div class=\"elementor-column elementor-col-50 elementor-top-column elementor-element elementor-element-b68dadc\" data-id=\"b68dadc\" data-element_type=\"column\">\n\t\t\t<div class=\"elementor-widget-wrap elementor-element-populated\">\n\t\t\t\t\t\t<div class=\"elementor-element elementor-element-2aadd77 elementor-widget elementor-widget-video\" data-id=\"2aadd77\" data-element_type=\"widget\" data-settings=\"{&quot;youtube_url&quot;:&quot;https:\\\/\\\/www.youtube.com\\\/watch?v=5_SvR1M0ZO8&amp;list=PL2j_Qebj0DXjRKV2Kxu8tpq5XdlK5npH-&amp;index=87&quot;,&quot;yt_privacy&quot;:&quot;yes&quot;,&quot;video_type&quot;:&quot;youtube&quot;,&quot;controls&quot;:&quot;yes&quot;}\" data-widget_type=\"video.default\">\n\t\t\t\t<div class=\"elementor-widget-container\">\n\t\t\t\t\t\t\t<div class=\"elementor-wrapper elementor-open-inline\">\n\t\t\t<div class=\"elementor-video\"><\/div>\t\t<\/div>\n\t\t\t\t\t\t<\/div>\n\t\t\t\t<\/div>\n\t\t\t\t\t<\/div>\n\t\t<\/div>\n\t\t\t\t\t<\/div>\n\t\t<\/section>\n\t\t\t\t<section class=\"elementor-section elementor-top-section elementor-element elementor-element-3fe57c5 elementor-reverse-mobile elementor-section-boxed elementor-section-height-default elementor-section-height-default\" data-id=\"3fe57c5\" data-element_type=\"section\">\n\t\t\t\t\t\t<div class=\"elementor-container elementor-column-gap-default\">\n\t\t\t\t\t<div class=\"elementor-column elementor-col-50 elementor-top-column elementor-element elementor-element-21689ec\" data-id=\"21689ec\" data-element_type=\"column\" data-settings=\"{&quot;background_background&quot;:&quot;classic&quot;}\">\n\t\t\t<div class=\"elementor-widget-wrap elementor-element-populated\">\n\t\t\t\t\t\t<div class=\"elementor-element elementor-element-8c14399 elementor-widget elementor-widget-spacer\" data-id=\"8c14399\" data-element_type=\"widget\" data-widget_type=\"spacer.default\">\n\t\t\t\t<div class=\"elementor-widget-container\">\n\t\t\t\t\t\t\t<div class=\"elementor-spacer\">\n\t\t\t<div class=\"elementor-spacer-inner\"><\/div>\n\t\t<\/div>\n\t\t\t\t\t\t<\/div>\n\t\t\t\t<\/div>\n\t\t\t\t\t<\/div>\n\t\t<\/div>\n\t\t\t\t<div class=\"elementor-column elementor-col-50 elementor-top-column elementor-element elementor-element-dcd3ba1\" data-id=\"dcd3ba1\" data-element_type=\"column\">\n\t\t\t<div class=\"elementor-widget-wrap elementor-element-populated\">\n\t\t\t\t\t\t<div class=\"elementor-element elementor-element-f28238a elementor-widget elementor-widget-heading\" data-id=\"f28238a\" data-element_type=\"widget\" data-widget_type=\"heading.default\">\n\t\t\t\t<div class=\"elementor-widget-container\">\n\t\t\t\t\t<h2 class=\"elementor-heading-title elementor-size-default\">La Sella<\/h2>\t\t\t\t<\/div>\n\t\t\t\t<\/div>\n\t\t\t\t<div class=\"elementor-element elementor-element-5ec8c8f elementor-widget elementor-widget-text-editor\" data-id=\"5ec8c8f\" data-element_type=\"widget\" data-widget_type=\"text-editor.default\">\n\t\t\t\t<div class=\"elementor-widget-container\">\n\t\t\t\t\t\t\t\t\t<p>Die exklusive, ruhige Wohngegend von La Sella, 10 Autominuten von Denia entfernt, bietet eine gro\u00dfe Auswahl an Ferienunterk\u00fcnften, von Apartments mit einem Schlafzimmer bis zu Villen mit f\u00fcnf Schlafzimmern und Pools.<\/p>\n<p>Das in der Golfwelt bekannte La Sella Golf Resort bietet Golfliebhabern die M\u00f6glichkeit, eine Runde Golf mit 27 L\u00f6chern zu spielen, Golfunterricht f\u00fcr Fortgeschrittene zu nehmen oder einen Golfkurs f\u00fcr Anf\u00e4nger in der professionellen Golfakademie zu buchen. All dies, bevor Sie sich in einer unserer luxuri\u00f6sen La Sella-Villen oder -Apartments entspannen, die nur wenige Gehminuten vom Golfplatz entfernt sind.<\/p>\n<p>W\u00e4hrend eines Aufenthalts in einer Ferienunterkunft in La Sella k\u00f6nnen die G\u00e4ste eine entspannte Partie Tennis auf den nahe gelegenen Tennispl\u00e4tzen spielen, im Reitstall Equus in der Urbanisation La Sella reiten, eine luxuri\u00f6se Spa-Behandlung im 5-Sterne-Hotel Marriott genie\u00dfen und ruhige Spazierg\u00e4nge im Nationalpark des Montgo-Berges unternehmen, der 5 Minuten entfernt ist.<\/p>\n<p>Wenn Sie eine Villa in La Sella mieten, haben Sie in Ihrem Urlaub an der Costa Blanca immer etwas zu tun. Der kosmopolitische Lebensstil und die Sandstr\u00e4nde der lebhaften spanischen Stadt Denia sind nur eine kurze Autofahrt entfernt und die traditionelle spanische Kultur des Dorfes Jesus Pobre ist nur wenige Minuten von La Sella entfernt.<\/p>\t\t\t\t\t\t\t\t<\/div>\n\t\t\t\t<\/div>\n\t\t\t\t\t<\/div>\n\t\t<\/div>\n\t\t\t\t\t<\/div>\n\t\t<\/section>\n\t\t\t\t<section class=\"elementor-section elementor-top-section elementor-element elementor-element-5b4fce3 elementor-section-boxed elementor-section-height-default elementor-section-height-default\" data-id=\"5b4fce3\" data-element_type=\"section\">\n\t\t\t\t\t\t<div class=\"elementor-container elementor-column-gap-default\">\n\t\t\t\t\t<div class=\"elementor-column elementor-col-50 elementor-top-column elementor-element elementor-element-d0cd409\" data-id=\"d0cd409\" data-element_type=\"column\">\n\t\t\t<div class=\"elementor-widget-wrap elementor-element-populated\">\n\t\t\t\t\t\t<div class=\"elementor-element elementor-element-935b2bd elementor-widget elementor-widget-heading\" data-id=\"935b2bd\" data-element_type=\"widget\" data-widget_type=\"heading.default\">\n\t\t\t\t<div class=\"elementor-widget-container\">\n\t\t\t\t\t<h2 class=\"elementor-heading-title elementor-size-default\">Javea<\/h2>\t\t\t\t<\/div>\n\t\t\t\t<\/div>\n\t\t\t\t<div class=\"elementor-element elementor-element-9021f25 elementor-widget elementor-widget-text-editor\" data-id=\"9021f25\" data-element_type=\"widget\" data-widget_type=\"text-editor.default\">\n\t\t\t\t<div class=\"elementor-widget-container\">\n\t\t\t\t\t\t\t\t\t<p>Javea ist seit langem ein beliebter Urlaubsort f\u00fcr die Vermietung von Villen. Sie ist sehr h\u00fcbsch und besteht aus dem Arenal, dem Hafen und der Altstadt. Das Arenal hat einen langen Sandstrand mit vielen Restaurants und Bars, und am Strand kann man Liegest\u00fchle und Sonnenschirme mieten. Im Hafen gibt es zahlreiche Gesch\u00e4fte und Stra\u00dfencaf\u00e9s mit Blick auf das Meer. Auch die Altstadt mit ihren Lokalen und engen Gassen ist einen Besuch wert. Die meisten unserer Mietvillen in Javea liegen in den umliegenden H\u00fcgeln oder in der N\u00e4he des Golfplatzes.<\/p>\n\t\t\t\t\t\t\t\t<\/div>\n\t\t\t\t<\/div>\n\t\t\t\t<div class=\"elementor-element elementor-element-ca878ff elementor-mobile-align-justify elementor-widget elementor-widget-button\" data-id=\"ca878ff\" data-element_type=\"widget\" data-widget_type=\"button.default\">\n\t\t\t\t<div class=\"elementor-widget-container\">\n\t\t\t\t\t\t\t\t\t<div class=\"elementor-button-wrapper\">\n\t\t\t\t\t<a class=\"elementor-button elementor-button-link elementor-size-sm\" href=\"https:\/exploring-the-arenal-port-and-old-town-of-javea-a-guide-for-villa-renters\/\">\n\t\t\t\t\t\t<span class=\"elementor-button-content-wrapper\">\n\t\t\t\t\t\t\t\t\t<span class=\"elementor-button-text\">Erfahren Sie mehr \u00fcber Javea<\/span>\n\t\t\t\t\t<\/span>\n\t\t\t\t\t<\/a>\n\t\t\t\t<\/div>\n\t\t\t\t\t\t\t\t<\/div>\n\t\t\t\t<\/div>\n\t\t\t\t\t<\/div>\n\t\t<\/div>\n\t\t\t\t<div class=\"elementor-column elementor-col-50 elementor-top-column elementor-element elementor-element-f6fd1bb\" data-id=\"f6fd1bb\" data-element_type=\"column\">\n\t\t\t<div class=\"elementor-widget-wrap elementor-element-populated\">\n\t\t\t\t\t\t<div class=\"elementor-element elementor-element-c28a318 elementor-widget elementor-widget-video\" data-id=\"c28a318\" data-element_type=\"widget\" data-settings=\"{&quot;youtube_url&quot;:&quot;https:\\\/\\\/www.youtube.com\\\/watch?v=lTFqpQyPhds&quot;,&quot;yt_privacy&quot;:&quot;yes&quot;,&quot;video_type&quot;:&quot;youtube&quot;,&quot;controls&quot;:&quot;yes&quot;}\" data-widget_type=\"video.default\">\n\t\t\t\t<div class=\"elementor-widget-container\">\n\t\t\t\t\t\t\t<div class=\"elementor-wrapper elementor-open-inline\">\n\t\t\t<div class=\"elementor-video\"><\/div>\t\t<\/div>\n\t\t\t\t\t\t<\/div>\n\t\t\t\t<\/div>\n\t\t\t\t\t<\/div>\n\t\t<\/div>\n\t\t\t\t\t<\/div>\n\t\t<\/section>\n\t\t\t\t<\/div>\n\t\t","protected":false},"excerpt":{"rendered":"<p>Infos zum Gebiet Denia Denia ist ein Ferienort an der Costa Blanca, in dem wir Villen auf dem Lande und einige Wohnungen am Meer vermieten. Es ist eine alte Burgstadt mit einer schattigen, von B\u00e4umen ges\u00e4umten Hauptstra\u00dfe, wo man einkaufen und anschlie\u00dfend in Tapas-Bars oder Restaurants essen kann. In der N\u00e4he dieser Stra\u00dfe gibt es [&hellip;]<\/p>\n","protected":false},"author":1,"featured_media":0,"parent":0,"menu_order":0,"comment_status":"closed","ping_status":"closed","template":"elementor_header_footer","meta":{"footnotes":""},"class_list":["post-9944","page","type-page","status-publish","hentry"],"_links":{"self":[{"href":"https:\/\/vacationvillas.es\/de\/wp-json\/wp\/v2\/pages\/9944","targetHints":{"allow":["GET"]}}],"collection":[{"href":"https:\/\/vacationvillas.es\/de\/wp-json\/wp\/v2\/pages"}],"about":[{"href":"https:\/\/vacationvillas.es\/de\/wp-json\/wp\/v2\/types\/page"}],"author":[{"embeddable":true,"href":"https:\/\/vacationvillas.es\/de\/wp-json\/wp\/v2\/users\/1"}],"replies":[{"embeddable":true,"href":"https:\/\/vacationvillas.es\/de\/wp-json\/wp\/v2\/comments?post=9944"}],"version-history":[{"count":5,"href":"https:\/\/vacationvillas.es\/de\/wp-json\/wp\/v2\/pages\/9944\/revisions"}],"predecessor-version":[{"id":20937,"href":"https:\/\/vacationvillas.es\/de\/wp-json\/wp\/v2\/pages\/9944\/revisions\/20937"}],"wp:attachment":[{"href":"https:\/\/vacationvillas.es\/de\/wp-json\/wp\/v2\/media?parent=9944"}],"curies":[{"name":"wp","href":"https:\/\/api.w.org\/{rel}","templated":true}]}}