{"id":9997,"date":"2016-03-10T18:51:46","date_gmt":"2016-03-10T18:51:46","guid":{"rendered":"https:\/bedingungen-und-konditionen\/"},"modified":"2016-03-10T18:51:46","modified_gmt":"2016-03-10T18:51:46","slug":"bedingungen-und-konditionen","status":"publish","type":"page","link":"https:\/\/vacationvillas.es\/de\/bedingungen-und-konditionen\/","title":{"rendered":"Bedingungen und Konditionen"},"content":{"rendered":"<div class=\"grid-container\">\n<div class=\"grid-x\">\n<div class=\"main__txt large-12 cell\">\n<p>Buchungen werden mit Theme Park Holidays S.L., die als Vacation Villas firmiert, und Ihnen selbst vorgenommen.<\/p>\n<h3>1. Deine Buchung<\/h3>\n<p>Sobald Sie bei uns eine vorl\u00e4ufige Reservierung vorgenommen haben, m\u00fcssen Sie unser Buchungsformular ausf\u00fcllen. Diese muss von der erstgenannten Person auf dem Buchungsformular (dem Gruppenleiter) unterzeichnet werden, die mindestens 18 Jahre alt sein muss und von allen auf dem Buchungsformular genannten Personen erm\u00e4chtigt wurde, die Buchung auf der Grundlage dieser Buchungsbedingungen vorzunehmen. Nach Erhalt des Buchungsformulars und der Anzahlung (siehe Punkt 2) senden wir Ihnen eine schriftliche Best\u00e4tigung Ihrer Reservierung zu. Die Unterkunft wird nur f\u00fcr die auf der Best\u00e4tigungsrechnung genannten Personen reserviert. Bitte \u00fcberpr\u00fcfen Sie diese sorgf\u00e4ltig und informieren Sie uns sofort, wenn eine Angabe nicht korrekt ist.<\/p>\n<h3>2. Zahlung<\/h3>\n<p>Bei der Buchung ist eine Anzahlung in H\u00f6he von 30 % des Gesamtbetrages der Unterkunft zu leisten. Wenn Sie innerhalb von acht Wochen vor der Abreise buchen, ist der gesamte Betrag sofort f\u00e4llig, der Restbetrag muss sp\u00e4testens acht Wochen vor der Abreise bezahlt werden. Dieses Datum wird auf der Best\u00e4tigungsrechnung angegeben. Wenn nicht alle f\u00e4lligen Zahlungen vollst\u00e4ndig und rechtzeitig geleistet werden, behalten wir uns das Recht vor, Ihren Urlaub als von Ihnen storniert zu betrachten und die Anzahlung einzubehalten.<\/p>\n<h3>3. Ihre Ferienunterkunft<\/h3>\n<p>Sie ist ausschlie\u00dflich f\u00fcr die auf der Best\u00e4tigungsrechnung genannten Personen reserviert, und andere Personen d\u00fcrfen sich dort nicht aufhalten, es sei denn, dies wurde schriftlich mit uns vereinbart und die entsprechenden Zahlungen geleistet. Die lokalen Gemeinschaften erwarten bestimmte Verhaltensnormen; die Kunden sind gehalten, diese einzuhalten. Sie sind verpflichtet, die Unterkunft nach den allgemein anerkannten Standards zu behandeln und in einem sauberen Zustand zu verlassen.<\/p>\n<h3>4. Wenn Sie Ihren Urlaub stornieren<\/h3>\n<p>Wenn Sie oder ein Mitglied Ihrer Gruppe die Buchung stornieren, muss dies schriftlich durch den Gruppenleiter erfolgen und per Einschreiben oder Fax gesendet werden. F\u00fcr jede Stornierung wird eine Geb\u00fchr erhoben, die von Ihnen zu tragen ist. Stornierung vor der Abfahrt:<\/p>\n<ul>\n<li>Mehr als 8 Wochen: nur Kaution<\/li>\n<li>Weniger als 8 Wochen: 100%<\/li>\n<\/ul>\n<h3>5. Wenn wir Ihren Urlaub \u00e4ndern oder stornieren<\/h3>\n<p>Es ist unwahrscheinlich, dass wir \u00c4nderungen an Ihrem Urlaub vornehmen m\u00fcssen, aber gelegentlich k\u00f6nnen Umst\u00e4nde, die sich unserer Kontrolle entziehen, \u00c4nderungen sowohl vor als auch nach der Buchungsbest\u00e4tigung erforderlich machen. Wenn wir Ihre Unterkunft aus irgendeinem Grund \u00e4ndern m\u00fcssen, werden wir immer unser Bestes tun, um eine Alternative von mindestens \u00e4hnlichem oder besserem Standard wie die gebuchte Unterkunft anzubieten. Wenn wir eine wesentliche \u00c4nderung vornehmen m\u00fcssen, werden wir Sie so schnell wie m\u00f6glich dar\u00fcber informieren, und wenn vor der Abreise noch gen\u00fcgend Zeit bleibt, werden wir Ihnen eine der folgenden Optionen anbieten:<\/p>\n<ul>\n<li>(i) die ge\u00e4nderten Vereinbarungen zu akzeptieren, oder<\/li>\n<li>(ii) einen anderen verf\u00fcgbaren Urlaub von uns zu kaufen, wobei Sie die Preisdifferenz bezahlen oder eine R\u00fcckerstattung erhalten, oder<\/li>\n<li>(iii) Stornierung, in diesem Fall erhalten Sie eine vollst\u00e4ndige und schnelle R\u00fcckerstattung aller Gelder, die Sie an uns gezahlt haben.<\/li>\n<\/ul>\n<h3>6. Versicherung<\/h3>\n<p>Wir halten eine Reiseversicherung f\u00fcr so wichtig, dass der Abschluss eines umfassenden Versicherungsschutzes Voraussetzung f\u00fcr die Buchung ist. Bitte lesen Sie die Einzelheiten Ihrer Police sorgf\u00e4ltig durch. Es liegt in Ihrer Verantwortung, daf\u00fcr zu sorgen, dass Sie einen ausreichenden Versicherungsschutz haben.<\/p>\n<h3>7. Wenn Sie eine Beschwerde haben<\/h3>\n<p>In dem unwahrscheinlichen Fall, dass Sie sich w\u00e4hrend Ihres Urlaubs beschweren, ist es gesetzlich vorgeschrieben, dass Sie sofort den zust\u00e4ndigen Anbieter (z. B. den Verwalter des Ferienhauses) informieren, der sich bem\u00fchen wird, die Sache in Ordnung zu bringen. Wenn Sie mit der angebotenen oder erbrachten L\u00f6sung nicht zufrieden sind, m\u00fcssen Sie dies dem Verwalter der Villa unverz\u00fcglich schriftlich mitteilen. Wenn Sie dieses einfache Verfahren nicht einhalten, wird Ihr etwaiger Anspruch auf Entsch\u00e4digung gek\u00fcrzt oder gestrichen, da Sie keine angemessenen Schritte zur Schadensminderung unternommen haben und wir nicht die M\u00f6glichkeit hatten, das Problem zu untersuchen und zu beheben.<\/p>\n<h3>8. Haftung<\/h3>\n<p>Bitte beachten Sie, dass wir weder f\u00fcr den Ausfall von Hauptversorgungseinrichtungen wie Strom- oder Wasserversorgung noch f\u00fcr Ma\u00dfnahmen von Beh\u00f6rden, auf die wir keinen Einfluss haben, in der N\u00e4he Ihrer Unterkunft haftbar gemacht werden k\u00f6nnen. Ebenso sollten Sie sich dar\u00fcber im Klaren sein, dass es vorkommen kann, dass eine angek\u00fcndigte Einrichtung entweder ge\u00e4ndert wird oder nicht verf\u00fcgbar ist. Solche Situationen k\u00f6nnen durch \u00f6rtliche Gegebenheiten, die Notwendigkeit von Wartungsarbeiten (z. B. an Schwimmb\u00e4dern), ungeeignete Wetterbedingungen und andere Umst\u00e4nde, die sich unserer Kontrolle entziehen, bedingt sein. Wenn wir davon erfahren, werden wir uns bem\u00fchen, Sie im Voraus zu informieren, k\u00f6nnen aber unter diesen Umst\u00e4nden nicht haftbar gemacht werden.<\/p>\n<p>Unter keinen Umst\u00e4nden k\u00f6nnen wir f\u00fcr Verluste oder Wertverluste und\/oder Sch\u00e4den an Ihrem Eigentum verantwortlich gemacht werden, die durch unsachgem\u00e4\u00dfe Nutzung des Eigentums verursacht werden. Sollten Sie aufgrund von M\u00e4ngeln des Objekts einen Schaden erleiden, beschr\u00e4nkt sich die Haftung auf die Kosten der Miete.<\/p>\n<p>Bei den auf unserer Website abgebildeten Immobilien handelt es sich um Privatgrundst\u00fccke, die verschiedenen Eigent\u00fcmern geh\u00f6ren und in der Regel in gro\u00dfen Wohngebieten liegen. Die Villen befinden sich nicht in Ferienparks, so dass in der N\u00e4he gelegentlich Bauarbeiten stattfinden k\u00f6nnen. Diese Arbeiten werden von Hausbesitzern oder Auftragnehmern ausgef\u00fchrt, zu denen wir in keiner Weise in Beziehung stehen und \u00fcber die wir keinerlei Kontrolle aus\u00fcben k\u00f6nnen. Wir k\u00f6nnen nicht f\u00fcr Unannehmlichkeiten haftbar gemacht werden, die durch nicht von uns in Auftrag gegebene Bauarbeiten entstehen.<\/p>\n<h3>9. Hinterlegung<\/h3>\n<p>Bitte beachten Sie, dass eine Kaution f\u00fcr Bruchsch\u00e4den erforderlich ist, die mit der Restzahlung zu entrichten ist. Die Kaution wird sp\u00e4testens acht Tage nach Beendigung des Mietverh\u00e4ltnisses zur\u00fcckerstattet. Sollten Sie f\u00fcr Bruch, Verlust oder Besch\u00e4digung von Gegenst\u00e4nden w\u00e4hrend Ihres Aufenthalts verantwortlich sein, werden die Kosten f\u00fcr den Ersatz von der Kaution abgezogen. In allen F\u00e4llen, in denen die Kosten f\u00fcr die Besch\u00e4digung und\/oder den Verlust des Mietobjekts die geleistete Kaution \u00fcbersteigen, m\u00fcssen Sie den \u00dcberschuss sofort an den Verwalter der Villa zahlen. Alle F\u00e4lle von Bruch, Verlust und\/oder Besch\u00e4digung m\u00fcssen sofort dem Verwalter der Villa gemeldet werden.<\/p>\n<h3>10. Ankunfts- und Abfahrtszeiten<\/h3>\n<p>Das Haus steht in der Regel zwischen 16:00 und 18:00 Uhr zur Verf\u00fcgung. Wir k\u00f6nnen das Haus aber auch fr\u00fcher f\u00fcr Sie vorbereiten, wenn Sie uns Ihre voraussichtliche Ankunftszeit mitteilen. Sie sollten uns informieren, wenn Sie voraussichtlich nach 18:00 Uhr ankommen werden.<\/p>\n<p>Am Abreisetag m\u00fcssen Sie die Unterkunft vor 10.00 Uhr verlassen, damit die Reinigung und die Vorbereitungen f\u00fcr die Ankunft der neuen G\u00e4ste abgeschlossen werden k\u00f6nnen. Bei Nichtbeachtung hat der Verwalter das Recht, Ihnen den Schaden in Rechnung zu stellen. Infolgedessen k\u00f6nnen Sie Ihre Kaution verlieren. Es wird erwartet, dass Sie die Unterkunft bei der Abreise in einem ordentlichen Zustand hinterlassen, d.h. allgemein sauber. Die Gegenst\u00e4nde in und um die Unterkunft sollten wieder an ihren urspr\u00fcnglichen Platz gestellt werden (wie bei der Ankunft). Das Geschirr sollte abgewaschen und an einem geeigneten Ort gelagert werden. Der Verwalter der Villa ist befugt, eine Endkontrolle durchzuf\u00fchren. Wenn der Verwalter feststellt, dass einige Gegenst\u00e4nde nicht an ihren Platz zur\u00fcckgebracht wurden oder die Unterkunft nicht in einem allgemein sauberen Zustand hinterlassen wurde, ist er berechtigt, dem Mieter zus\u00e4tzliche Kosten in Rechnung zu stellen.<\/p>\n<h3>11. Reinigungskosten<\/h3>\n<p>Das Haus wird bei der Ankunft sauber sein. Die Kosten f\u00fcr die Endreinigung sind in der Buchungsinformation angegeben.<\/p>\n<h3>12. Bettw\u00e4sche und Handt\u00fccher<\/h3>\n<p>Bettw\u00e4sche und Handt\u00fccher sind im Mietpreis enthalten. Bei einem Aufenthalt von 2 Wochen oder mehr wird ein w\u00f6chentlicher Reinigungsservice (Wechsel von Bettw\u00e4sche und Handt\u00fcchern sowie Reinigung der Badezimmer) angeboten.<\/p>\n<h3>13. Zus\u00e4tzliche Einrichtungen<\/h3>\n<p>In vielen F\u00e4llen k\u00f6nnen Sie ein zus\u00e4tzliches Bett, einen Hochstuhl, ein Begr\u00fc\u00dfungspaket und \u00e4hnliches anfordern, sofern Sie Ihre Bed\u00fcrfnisse bei der Buchung angeben. Die Kosten sind in den Buchungsinformationen angegeben.<\/p>\n<h3>14. Haustiere<\/h3>\n<p>Die meisten Immobilienbesitzer erlauben keine Haustiere. Ein Haustier darf nur mit ausdr\u00fccklicher Genehmigung, die auf der Buchungsbest\u00e4tigung vermerkt ist, in der Villa oder in der N\u00e4he der Villa gehalten werden. Der Verwalter der Villa kann zus\u00e4tzlich zu den obligatorischen Endreinigungskosten eine Geb\u00fchr von 50 \u20ac pro Haustier verlangen.<\/p>\n<h3>15. Satellitenfernsehen<\/h3>\n<p>Wenn in Beschreibungen von Satellitenfernsehen die Rede ist, bedeutet dies nicht automatisch, dass der Empfang alle Sender umfasst. Die meist ausl\u00e4ndischen Besitzer haben Decoder, die nicht immer f\u00fcr den Empfang von Sendern in verschiedenen Sprachen geeignet sind. Bitte pr\u00fcfen Sie zum Zeitpunkt der Buchung, welche Kan\u00e4le Sie in einem bestimmten Haus empfangen k\u00f6nnen, aber beachten Sie bitte auch, dass sich die Verf\u00fcgbarkeit je nach Satellitenanbieter \u00e4ndern kann.<\/p>\n<\/div><\/div>\n<\/p><\/div>\n","protected":false},"excerpt":{"rendered":"<p>Buchungen werden mit Theme Park Holidays S.L., die als Vacation Villas firmiert, und Ihnen selbst vorgenommen. 1. Deine Buchung Sobald Sie bei uns eine vorl\u00e4ufige Reservierung vorgenommen haben, m\u00fcssen Sie unser Buchungsformular ausf\u00fcllen. Diese muss von der erstgenannten Person auf dem Buchungsformular (dem Gruppenleiter) unterzeichnet werden, die mindestens 18 Jahre alt sein muss und von [&hellip;]<\/p>\n","protected":false},"author":1,"featured_media":0,"parent":0,"menu_order":0,"comment_status":"closed","ping_status":"closed","template":"","meta":{"footnotes":""},"class_list":["post-9997","page","type-page","status-publish","hentry"],"_links":{"self":[{"href":"https:\/\/vacationvillas.es\/de\/wp-json\/wp\/v2\/pages\/9997","targetHints":{"allow":["GET"]}}],"collection":[{"href":"https:\/\/vacationvillas.es\/de\/wp-json\/wp\/v2\/pages"}],"about":[{"href":"https:\/\/vacationvillas.es\/de\/wp-json\/wp\/v2\/types\/page"}],"author":[{"embeddable":true,"href":"https:\/\/vacationvillas.es\/de\/wp-json\/wp\/v2\/users\/1"}],"replies":[{"embeddable":true,"href":"https:\/\/vacationvillas.es\/de\/wp-json\/wp\/v2\/comments?post=9997"}],"version-history":[{"count":0,"href":"https:\/\/vacationvillas.es\/de\/wp-json\/wp\/v2\/pages\/9997\/revisions"}],"wp:attachment":[{"href":"https:\/\/vacationvillas.es\/de\/wp-json\/wp\/v2\/media?parent=9997"}],"curies":[{"name":"wp","href":"https:\/\/api.w.org\/{rel}","templated":true}]}}