{"id":9869,"date":"2023-06-22T18:20:43","date_gmt":"2023-06-22T18:20:43","guid":{"rendered":"https:\/aviso-legal\/"},"modified":"2023-07-25T18:06:56","modified_gmt":"2023-07-25T18:06:56","slug":"aviso-legal","status":"publish","type":"page","link":"https:\/\/vacationvillas.es\/es\/aviso-legal\/","title":{"rendered":"Aviso legal"},"content":{"rendered":"\n<h3 class=\"wp-block-heading\">DENTIFICACI\u00d3N<\/h3>\n\n<p>En cumplimiento de la Ley 34\/2002, de 11 de julio, de servicios de la sociedad de la informaci\u00f3n y de comercio electr\u00f3nico, le informamos que esta p\u00e1gina web pertenece a:<\/p>\n\n<h3 class=\"wp-block-heading\">CONDICIONES GENERALES DE USO.<\/h3>\n\n<p>www.vacationvillasspain.com le informa que el acceso y uso de la presente p\u00e1gina Web, as\u00ed como de los servicios y\/o contenidos que a trav\u00e9s de ella se obtengan o se puedan obtener, est\u00e1n sujetos a los t\u00e9rminos que se detallan en este Aviso Legal.<\/p>\n\n<p>Por ello, si las consideraciones detalladas a continuaci\u00f3n no son de su conformidad, rogamos no haga uso de la presente p\u00e1gina Web, ya que cualquier uso que haga de los mismos o de los contenidos y\/o servicios en ellos incluidos, implicar\u00e1 la aceptaci\u00f3n de los t\u00e9rminos legales recogidos en este texto.<\/p>\n\n<p>La navegaci\u00f3n por el sitio web de www.vacationvillasspain.com atribuye la condici\u00f3n de usuario del mismo e implica la aceptaci\u00f3n plena y sin reservas de todas y cada una de las disposiciones incluidas en este Aviso Legal, que pueden sufrir modificaciones.<\/p>\n\n<p>El usuario se obliga a hacer un uso correcto del sitio web de conformidad con las leyes, la buena fe, el orden p\u00fablico, los usos del tr\u00e1fico y el presente Aviso Legal. El usuario responder\u00e1 frente a www.vacationvillasspain.com o frente a terceros, de cualesquiera da\u00f1os y perjuicios que pudieran causarse como consecuencia del incumplimiento de dicha obligaci\u00f3n.<\/p>\n\n<p>www.vacationvillasspain.com, se reserva el derecho a realizar cambios en la p\u00e1gina Web sin previo aviso, con el objeto de actualizar, corregir, modificar, a\u00f1adir o eliminar los contenidos de la misma. Por lo que las condiciones y t\u00e9rminos que se recogen en este apartado, pueden variar en cualquier momento. Por ello, le invitamos a que revise estos t\u00e9rminos cuando visite de nuevo esta p\u00e1gina Web. Dicha modificaci\u00f3n ser\u00e1 de aplicaci\u00f3n desde el momento en que est\u00e9 a disposici\u00f3n de los Usuarios.<\/p>\n\n<p>www.vacationvillasspain.com no se hace responsable de los da\u00f1os que pudiera causar el Usuario, por un uso err\u00f3neo o indebido en relaciones con terceros, siendo responsabilidad \u00fanica y exclusiva del Usuario. Adem\u00e1s, www.vacationvillasspain.com, no se hace responsable en ning\u00fan caso, de los da\u00f1os y perjuicios de cualquier naturaleza que se puedan ocasionar, por ejemplo como consecuencia de la transmisi\u00f3n de un virus o de programas maliciosos, a pesar de haber adoptado todas las medidas tecnol\u00f3gicas necesarias para evitarlo.<\/p>\n\n<p>El Usuario, se compromete a no utilizar la p\u00e1gina Web de www.vacationvillasspain.com de forma contraria a lo dispuesto por la legislaci\u00f3n vigente.<\/p>\n\n<p>Si el Usuario decide no aceptar el presente Aviso Legal, deber\u00e1 abstenerse de acceder y\/o utilizar los contenidos y\/o servicios ofrecidos por www.vacationvillasspain.com a trav\u00e9s de su p\u00e1gina Web.<\/p>\n\n<h3 class=\"wp-block-heading\">ACCESO Y UTILIZACI\u00d3N<\/h3>\n\n<p>El acceso a nuestra Web es libre y gratuito, salvo en lo relativo al coste de conexi\u00f3n de la red de telecomunicaciones suministrada por el operador contratado por cada usuario.<\/p>\n\n<p>El simple acceso a la Web no supone ning\u00fan tipo de relaci\u00f3n comercial entre www.vacationvillasspain.com y el usuario de la misma.<\/p>\n\n<p>El usuario garantiza la autenticidad y actualidad de todos aquellos datos que comunique y ser\u00e1 el \u00fanico responsable de las manifestaciones falsas o inexactas que realice.<\/p>\n\n<p>El usuario se compromete expresamente a hacer un uso adecuado de los contenidos y servicios de www.vacationvillasspain.com y a no emplearlos para, entre otros:<\/p>\n\n<ul class=\"wp-block-list\">\n<li>a) Difundir contenidos, delictivos, violentos, pornogr\u00e1ficos, racistas, xen\u00f3fobos, ofensivos, de apolog\u00eda del terrorismo o, en general, contrarios a la ley o al orden p\u00fablico.<\/li>\n\n\n\n<li>b) Introducir en la red virus inform\u00e1ticos o realizar actuaciones susceptibles de alterar, estropear, interrumpir o generar errores o da\u00f1os en los documentos electr\u00f3nicos, datos o sistemas f\u00edsicos y l\u00f3gicos de www.vacationvillasspain.com o de terceras personas; as\u00ed como obstaculizar el acceso de otros usuarios al sitio web y a sus servicios mediante el consumo masivo de los recursos inform\u00e1ticos a trav\u00e9s de los cuales www.vacationvillasspain.com presta sus servicios.<\/li>\n\n\n\n<li>c) Vulnerar los derechos de propiedad intelectual o industrial, as\u00ed como violar la confidencialidad de la informaci\u00f3n de www.vacationvillasspain.com o de terceros.<\/li>\n\n\n\n<li>d) Reproducir, copiar, distribuir, poner a disposici\u00f3n o de cualquier otra forma comunicar p\u00fablicamente, transformar o modificar los contenidos, a menos que se cuente con la autorizaci\u00f3n del titular de los correspondientes derechos o ello resulte legalmente permitido.<\/li>\n\n\n\n<li>e) Recabar datos con finalidad publicitaria y de remitir publicidad de cualquier clase y comunicaciones con fines de venta u otras de naturaleza comercial sin que medie su previa solicitud o consentimiento.<\/li>\n<\/ul>\n\n<h3 class=\"wp-block-heading\">PROPIEDAD INTELECTUAL<\/h3>\n\n<p>www.vacationvillasspain.com, por s\u00ed o como cesionaria, es titular de todos los derechos de propiedad intelectual e industrial de su sitio Web, as\u00ed como de los elementos contenidos en el mismo (a t\u00edtulo enunciativo, im\u00e1genes, texto, marcas o logotipos, combinaciones de colores, estructura y dise\u00f1o) titularidad de la misma o de sus licenciantes. Todos los derechos reservados.<\/p>\n\n<p>Quedan expresamente prohibidas la reproducci\u00f3n, la transformaci\u00f3n, la distribuci\u00f3n y la comunicaci\u00f3n p\u00fablica, incluida su modalidad de puesta a disposici\u00f3n, de la totalidad o parte de los contenidos de este sitio Web, con fines comerciales, en cualquier soporte y por cualquier medio t\u00e9cnico, sin la autorizaci\u00f3n previa y por escrito de www.vacationvillasspain.com . El incumplimiento de lo anterior, facultar\u00e1 a www.vacationvillasspain.com para interponer las acciones legales pertinentes.<\/p>\n\n<p>El usuario se compromete a respetar los derechos de propiedad intelectual e industrial de www.vacationvillasspain.com, como propietaria o cesionaria. Podr\u00e1 visualizar los elementos del portal Web e incluso imprimirlos, copiarlos y almacenarlos en el disco duro de su ordenador o en cualquier otro soporte f\u00edsico siempre y cuando sea, \u00fanica y exclusivamente, para su uso personal y privado. La distribuci\u00f3n, modificaci\u00f3n, cesi\u00f3n o comunicaci\u00f3n p\u00fablica de los contenidos y cualquier otro acto que no haya sido expresamente autorizado por el titular de los derechos de explotaci\u00f3n quedan prohibidos.<\/p>\n\n<h3 class=\"wp-block-heading\">HIPERENLACES<\/h3>\n\n<p>El establecimiento de un hiperenlace no implica en ning\u00fan caso la existencia de relaciones entre www.vacationvillasspain.com y el propietario del sitio web en la que se establezca, ni la aceptaci\u00f3n y aprobaci\u00f3n por parte de www.vacationvillasspain.com de sus contenidos o servicios. Aquellas personas que se propongan establecer un hiperenlace previamente deber\u00e1n solicitar autorizaci\u00f3n por escrito a www.vacationvillasspain.com.<\/p>\n\n<h3 class=\"wp-block-heading\">GARANT\u00cdAS Y RESPONSABILIDAD<\/h3>\n\n<p>www.vacationvillasspain.com excluye, hasta donde permite el ordenamiento jur\u00eddico, cualquier responsabilidad por los da\u00f1os y perjuicios de toda naturaleza derivados de:<\/p>\n\n<ul class=\"wp-block-list\">\n<li>a) La imposibilidad de acceso al sitio web o la falta de veracidad, exactitud, exhaustividad y\/o actualidad de los contenidos, as\u00ed como la existencia de vicios y defectos de toda clase de los contenidos transmitidos, difundidos, almacenados, puestos a disposici\u00f3n a los que se haya accedido a trav\u00e9s del sitio web o de los servicios que se ofrecen.<\/li>\n\n\n\n<li>b) La presencia de virus o de otros elementos en los contenidos que puedan producir alteraciones en los sistemas inform\u00e1ticos, documentos electr\u00f3nicos o datos de los usuarios.<\/li>\n\n\n\n<li>c) El incumplimiento de las leyes, la buena fe, el orden p\u00fablico, los usos del tr\u00e1fico y el presente aviso legal como consecuencia del uso incorrecto del sitio web. En particular, y a modo ejemplificativo, www.vacationvillasspain.com no se hace responsable de las actuaciones de terceros que vulneren derechos de propiedad intelectual e industrial, secretos empresariales, derechos al honor, a la intimidad personal y familiar y a la propia imagen, as\u00ed como la normativa en materia de competencia desleal y publicidad il\u00edcita.<\/li>\n<\/ul>\n\n<p>Asimismo, www.vacationvillasspain.com declina cualquier responsabilidad respecto a la informaci\u00f3n que se halle fuera de esta web y no sea gestionada directamente por nuestro webmaster. La funci\u00f3n de los links que aparecen en esta web es exclusivamente la de informar al usuario sobre la existencia de otras fuentes susceptibles de ampliar los contenidos que ofrece este sitio web. www.vacationvillasspain.com no garantiza ni se responsabiliza del funcionamiento o accesibilidad de los sitios enlazados.<\/p>\n\n<h3 class=\"wp-block-heading\">JURISDICCI\u00d3N<\/h3>\n\n<p>La ley aplicable en caso de disputa o conflicto de interpretaci\u00f3n de los t\u00e9rminos que conforman el presente Aviso Legal, as\u00ed como de cualquier cuesti\u00f3n relacionada con los servicios y\/o contenidos albergados en la presente p\u00e1gina Web, ser\u00e1 la ley espa\u00f1ola.<\/p>\n\n<p>Para la resoluci\u00f3n de cualquier conflicto que pueda surgir con ocasi\u00f3n de la utilizaci\u00f3n y acceso a la Web y\/o a los servicios o contenidos que en ella se puedan ofertar, www.vacationvillasspain.com y el usuario acuerdan someterse a los Juzgados y Tribunales competentes seg\u00fan la Ley.<\/p>\n","protected":false},"excerpt":{"rendered":"<p>DENTIFICACI\u00d3N En cumplimiento de la Ley 34\/2002, de 11 de julio, de servicios de la sociedad de la informaci\u00f3n y de comercio electr\u00f3nico, le informamos que esta p\u00e1gina web pertenece a: CONDICIONES GENERALES DE USO. www.vacationvillasspain.com le informa que el acceso y uso de la presente p\u00e1gina Web, as\u00ed como de los servicios y\/o contenidos [&hellip;]<\/p>\n","protected":false},"author":1,"featured_media":0,"parent":0,"menu_order":0,"comment_status":"closed","ping_status":"closed","template":"","meta":{"footnotes":""},"class_list":["post-9869","page","type-page","status-publish","hentry"],"_links":{"self":[{"href":"https:\/\/vacationvillas.es\/es\/wp-json\/wp\/v2\/pages\/9869","targetHints":{"allow":["GET"]}}],"collection":[{"href":"https:\/\/vacationvillas.es\/es\/wp-json\/wp\/v2\/pages"}],"about":[{"href":"https:\/\/vacationvillas.es\/es\/wp-json\/wp\/v2\/types\/page"}],"author":[{"embeddable":true,"href":"https:\/\/vacationvillas.es\/es\/wp-json\/wp\/v2\/users\/1"}],"replies":[{"embeddable":true,"href":"https:\/\/vacationvillas.es\/es\/wp-json\/wp\/v2\/comments?post=9869"}],"version-history":[{"count":1,"href":"https:\/\/vacationvillas.es\/es\/wp-json\/wp\/v2\/pages\/9869\/revisions"}],"predecessor-version":[{"id":9872,"href":"https:\/\/vacationvillas.es\/es\/wp-json\/wp\/v2\/pages\/9869\/revisions\/9872"}],"wp:attachment":[{"href":"https:\/\/vacationvillas.es\/es\/wp-json\/wp\/v2\/media?parent=9869"}],"curies":[{"name":"wp","href":"https:\/\/api.w.org\/{rel}","templated":true}]}}