{"id":9916,"date":"2023-05-20T10:12:20","date_gmt":"2023-05-20T08:12:20","guid":{"rendered":"https:\/servicios-de-gestion-inmobiliaria\/"},"modified":"2023-10-11T11:44:36","modified_gmt":"2023-10-11T09:44:36","slug":"servicios-de-gestion-inmobiliaria","status":"publish","type":"page","link":"https:\/\/vacationvillas.es\/es\/servicios-de-gestion-inmobiliaria\/","title":{"rendered":"Servicios de gesti\u00f3n inmobiliaria"},"content":{"rendered":"\t\t<div data-elementor-type=\"wp-page\" data-elementor-id=\"9916\" class=\"elementor elementor-9916 elementor-8649\">\n\t\t\t\t\t\t<section class=\"elementor-section elementor-top-section elementor-element elementor-element-1ba4842 elementor-section-height-min-height animated-slow elementor-section-boxed elementor-section-height-default elementor-section-items-middle elementor-invisible\" data-id=\"1ba4842\" data-element_type=\"section\" data-settings=\"{&quot;background_background&quot;:&quot;classic&quot;,&quot;animation&quot;:&quot;fadeIn&quot;,&quot;shape_divider_bottom&quot;:&quot;opacity-tilt&quot;}\">\n\t\t\t\t\t\t\t<div class=\"elementor-background-overlay\"><\/div>\n\t\t\t\t\t\t<div class=\"elementor-shape elementor-shape-bottom\" aria-hidden=\"true\" data-negative=\"false\">\n\t\t\t<svg xmlns=\"http:\/\/www.w3.org\/2000\/svg\" viewBox=\"0 0 2600 131.1\" preserveAspectRatio=\"none\">\n\t<path class=\"elementor-shape-fill\" d=\"M0 0L2600 0 2600 69.1 0 0z\"\/>\n\t<path class=\"elementor-shape-fill\" style=\"opacity:0.5\" d=\"M0 0L2600 0 2600 69.1 0 69.1z\"\/>\n\t<path class=\"elementor-shape-fill\" style=\"opacity:0.25\" d=\"M2600 0L0 0 0 130.1 2600 69.1z\"\/>\n<\/svg>\t\t<\/div>\n\t\t\t\t\t<div class=\"elementor-container elementor-column-gap-default\">\n\t\t\t\t\t<div class=\"elementor-column elementor-col-100 elementor-top-column elementor-element elementor-element-7337bd2\" data-id=\"7337bd2\" data-element_type=\"column\">\n\t\t\t<div class=\"elementor-widget-wrap elementor-element-populated\">\n\t\t\t\t\t\t<div class=\"elementor-element elementor-element-e521dfd elementor-widget elementor-widget-heading\" data-id=\"e521dfd\" data-element_type=\"widget\" data-widget_type=\"heading.default\">\n\t\t\t\t<div class=\"elementor-widget-container\">\n\t\t\t\t\t<h2 class=\"elementor-heading-title elementor-size-xxl\">Servicios<\/h2>\t\t\t\t<\/div>\n\t\t\t\t<\/div>\n\t\t\t\t\t<\/div>\n\t\t<\/div>\n\t\t\t\t\t<\/div>\n\t\t<\/section>\n\t\t\t\t<section class=\"elementor-section elementor-top-section elementor-element elementor-element-063837f elementor-section-boxed elementor-section-height-default elementor-section-height-default\" data-id=\"063837f\" data-element_type=\"section\" data-settings=\"{&quot;background_background&quot;:&quot;classic&quot;}\">\n\t\t\t\t\t\t<div class=\"elementor-container elementor-column-gap-default\">\n\t\t\t\t\t<div class=\"elementor-column elementor-col-100 elementor-top-column elementor-element elementor-element-80ad318\" data-id=\"80ad318\" data-element_type=\"column\">\n\t\t\t<div class=\"elementor-widget-wrap elementor-element-populated\">\n\t\t\t\t\t\t<div class=\"elementor-element elementor-element-81da5aa elementor-widget elementor-widget-spacer\" data-id=\"81da5aa\" data-element_type=\"widget\" data-widget_type=\"spacer.default\">\n\t\t\t\t<div class=\"elementor-widget-container\">\n\t\t\t\t\t\t\t<div class=\"elementor-spacer\">\n\t\t\t<div class=\"elementor-spacer-inner\"><\/div>\n\t\t<\/div>\n\t\t\t\t\t\t<\/div>\n\t\t\t\t<\/div>\n\t\t\t\t<div class=\"elementor-element elementor-element-3fcf0ed elementor-widget elementor-widget-houzez_elementor_section_title\" data-id=\"3fcf0ed\" data-element_type=\"widget\" data-widget_type=\"houzez_elementor_section_title.default\">\n\t\t\t\t<div class=\"elementor-widget-container\">\n\t\t\t\t\t            <div class=\"houzez_section_title_wrap section-title-module\">\n                                    <h2 class=\"houzez_section_title\">Servicios de gesti\u00f3n inmobiliaria\n<\/h2>\n                \n                            <\/div>\n            \t\t\t\t<\/div>\n\t\t\t\t<\/div>\n\t\t\t\t<div class=\"elementor-element elementor-element-f25da4b elementor-widget elementor-widget-text-editor\" data-id=\"f25da4b\" data-element_type=\"widget\" data-widget_type=\"text-editor.default\">\n\t\t\t\t<div class=\"elementor-widget-container\">\n\t\t\t\t\t\t\t\t\t<p>Vacation Villas lleva gestionando alquileres vacacionales para propietarios de villas y apartamentos de calidad en las zonas de la Costa Blanca de J\u00e1vea, Denia, La Sella y Pedreguer desde 1999, adapt\u00e1ndose con \u00e9xito a un entorno de marketing y una base de clientes que cambian r\u00e1pidamente durante este tiempo.<\/p>\n<p>Con una oficina establecida desde hace mucho tiempo y f\u00e1cilmente localizable en La Xara (entre J\u00e1vea y Denia), nuestro personal de habla inglesa, espa\u00f1ola y francesa tiene el beneficio de muchos a\u00f1os de experiencia en el negocio de alquiler en esta zona, y est\u00e1n a su disposici\u00f3n 24\/7 para hacer frente a cualquier problema que pueda surgir ocasionalmente.<\/p>\n\t\t\t\t\t\t\t\t<\/div>\n\t\t\t\t<\/div>\n\t\t\t\t<section class=\"elementor-section elementor-inner-section elementor-element elementor-element-668e491 elementor-section-boxed elementor-section-height-default elementor-section-height-default\" data-id=\"668e491\" data-element_type=\"section\">\n\t\t\t\t\t\t<div class=\"elementor-container elementor-column-gap-default\">\n\t\t\t\t\t<div class=\"elementor-column elementor-col-50 elementor-inner-column elementor-element elementor-element-c8d6891\" data-id=\"c8d6891\" data-element_type=\"column\">\n\t\t\t<div class=\"elementor-widget-wrap elementor-element-populated\">\n\t\t\t\t\t\t<div class=\"elementor-element elementor-element-3bbab28 elementor-widget elementor-widget-text-editor\" data-id=\"3bbab28\" data-element_type=\"widget\" data-widget_type=\"text-editor.default\">\n\t\t\t\t<div class=\"elementor-widget-container\">\n\t\t\t\t\t\t\t\t\t<p>Ofrecemos a nuestros propietarios:<\/p>\n<ul>\n<li>Amplio marketing a trav\u00e9s de nuestro propio sitio web y de muchos otros sitios web internacionales, como:<\/li>\n<li>.homeaway.,.abritel.fr;.kyero..thinkspain. por nombrar s\u00f3lo algunos<\/li>\n<li>Amplias fotograf\u00edas y una descripci\u00f3n completa de la propiedad, con la opci\u00f3n de un paquete fotogr\u00e1fico adicional.<\/li>\n<li>Administraci\u00f3n: contacto inicial con el cliente, aseguramiento de la reserva, recepci\u00f3n de dep\u00f3sitos y saldos, env\u00edo de confirmaciones de reserva e indicaciones, extractos mensuales de los propietarios.<\/li>\n<li>Guarda y recogida de llaves para clientes en nuestra oficina<\/li>\n<li>Suministro y lavander\u00eda de toda la ropa de cama, toallas y pa\u00f1os de cocina tanto para nuestros propios alquileres como para los que guardamos con llave.<\/li>\n<li>Limpieza de cambio<\/li>\n<li>Folleto de informaci\u00f3n local y de la villa, mapas,  <\/li>\n<li>N\u00fameros de contacto 24 horas para los clientes<\/li>\n<li>Resoluci\u00f3n de problemas, organizaci\u00f3n de reparaciones, sustituciones, etc., seg\u00fan sea necesario con la aprobaci\u00f3n previa de los propietarios.<\/li>\n<li>Pagos puntuales del propietario, a mes vencido<\/li>\n<\/ul>\n\t\t\t\t\t\t\t\t<\/div>\n\t\t\t\t<\/div>\n\t\t\t\t\t<\/div>\n\t\t<\/div>\n\t\t\t\t<div class=\"elementor-column elementor-col-50 elementor-inner-column elementor-element elementor-element-68a5bed\" data-id=\"68a5bed\" data-element_type=\"column\">\n\t\t\t<div class=\"elementor-widget-wrap elementor-element-populated\">\n\t\t\t\t\t\t<div class=\"elementor-element elementor-element-6bbf6e7 elementor-widget elementor-widget-image\" data-id=\"6bbf6e7\" data-element_type=\"widget\" data-widget_type=\"image.default\">\n\t\t\t\t<div class=\"elementor-widget-container\">\n\t\t\t\t\t\t\t\t\t\t\t\t\t\t\t<img fetchpriority=\"high\" decoding=\"async\" width=\"1024\" height=\"679\" src=\"https:\/\/vacationvillas.es\/wp-content\/uploads\/2023\/10\/3D-Logo-Mockup-Design-1024x679.jpg\" class=\"attachment-large size-large wp-image-12155\" alt=\"\" srcset=\"https:\/\/vacationvillas.es\/wp-content\/uploads\/2023\/10\/3D-Logo-Mockup-Design-1024x679.jpg 1024w, https:\/\/vacationvillas.es\/wp-content\/uploads\/2023\/10\/3D-Logo-Mockup-Design-300x199.jpg 300w, https:\/\/vacationvillas.es\/wp-content\/uploads\/2023\/10\/3D-Logo-Mockup-Design-768x509.jpg 768w, https:\/\/vacationvillas.es\/wp-content\/uploads\/2023\/10\/3D-Logo-Mockup-Design-1536x1019.jpg 1536w, https:\/\/vacationvillas.es\/wp-content\/uploads\/2023\/10\/3D-Logo-Mockup-Design-2048x1359.jpg 2048w, https:\/\/vacationvillas.es\/wp-content\/uploads\/2023\/10\/3D-Logo-Mockup-Design-905x600.jpg 905w, https:\/\/vacationvillas.es\/wp-content\/uploads\/2023\/10\/3D-Logo-Mockup-Design-496x329.jpg 496w\" sizes=\"(max-width: 1024px) 100vw, 1024px\" \/>\t\t\t\t\t\t\t\t\t\t\t\t\t\t\t<\/div>\n\t\t\t\t<\/div>\n\t\t\t\t\t<\/div>\n\t\t<\/div>\n\t\t\t\t\t<\/div>\n\t\t<\/section>\n\t\t\t\t<div class=\"elementor-element elementor-element-cb58bb5 elementor-widget elementor-widget-heading\" data-id=\"cb58bb5\" data-element_type=\"widget\" data-widget_type=\"heading.default\">\n\t\t\t\t<div class=\"elementor-widget-container\">\n\t\t\t\t\t<h2 class=\"elementor-heading-title elementor-size-default\">Servicios inmobiliarios<\/h2>\t\t\t\t<\/div>\n\t\t\t\t<\/div>\n\t\t\t\t<section class=\"elementor-section elementor-inner-section elementor-element elementor-element-b4108a5 elementor-section-boxed elementor-section-height-default elementor-section-height-default\" data-id=\"b4108a5\" data-element_type=\"section\">\n\t\t\t\t\t\t<div class=\"elementor-container elementor-column-gap-default\">\n\t\t\t\t\t<div class=\"elementor-column elementor-col-50 elementor-inner-column elementor-element elementor-element-675ff10\" data-id=\"675ff10\" data-element_type=\"column\">\n\t\t\t<div class=\"elementor-widget-wrap elementor-element-populated\">\n\t\t\t\t\t\t<div class=\"elementor-element elementor-element-52e79cf elementor-widget elementor-widget-text-editor\" data-id=\"52e79cf\" data-element_type=\"widget\" data-widget_type=\"text-editor.default\">\n\t\t\t\t<div class=\"elementor-widget-container\">\n\t\t\t\t\t\t\t\t\t<p>Podemos recomendarle (y supervisar si es necesario) a profesionales de confianza y de eficacia probada si necesita realizar alg\u00fan trabajo en su propiedad. Los servicios que ofrecemos incluyen, entre otros:<\/p>\n<ul>\n<li>Construcci\u00f3n y mantenimiento de piscinas<\/li>\n<li>Construcci\u00f3n general, reformas, reparaciones<\/li>\n<li>Instalaciones y reparaciones de fontaner\u00eda y calefacci\u00f3n<\/li>\n<li>Instalaciones y reparaciones el\u00e9ctricas<\/li>\n<li>Instalaciones \/ reparaciones de aire acondicionado<\/li>\n<li>Cerrajero<\/li>\n<li>Instalaci\u00f3n de TV y sat\u00e9lite<\/li>\n<li>Servicios de jardiner\u00eda<\/li>\n<li>Herrajes (puertas\/rejas, etc.)<\/li>\n<li>Servicios de pintura<\/li>\n<li>Presupuestos sin compromiso<\/li>\n<\/ul>\n\t\t\t\t\t\t\t\t<\/div>\n\t\t\t\t<\/div>\n\t\t\t\t\t<\/div>\n\t\t<\/div>\n\t\t\t\t<div class=\"elementor-column elementor-col-50 elementor-inner-column elementor-element elementor-element-b3000bd\" data-id=\"b3000bd\" data-element_type=\"column\">\n\t\t\t<div class=\"elementor-widget-wrap elementor-element-populated\">\n\t\t\t\t\t\t<div class=\"elementor-element elementor-element-370a4d2 elementor-widget elementor-widget-image\" data-id=\"370a4d2\" data-element_type=\"widget\" data-widget_type=\"image.default\">\n\t\t\t\t<div class=\"elementor-widget-container\">\n\t\t\t\t\t\t\t\t\t\t\t\t\t\t\t<img decoding=\"async\" width=\"1024\" height=\"568\" src=\"https:\/\/vacationvillas.es\/wp-content\/uploads\/2023\/10\/vvggtt-1024x568.jpg\" class=\"attachment-large size-large wp-image-12179\" alt=\"\" srcset=\"https:\/\/vacationvillas.es\/wp-content\/uploads\/2023\/10\/vvggtt-1024x568.jpg 1024w, https:\/\/vacationvillas.es\/wp-content\/uploads\/2023\/10\/vvggtt-300x167.jpg 300w, https:\/\/vacationvillas.es\/wp-content\/uploads\/2023\/10\/vvggtt-768x426.jpg 768w, https:\/\/vacationvillas.es\/wp-content\/uploads\/2023\/10\/vvggtt-1536x853.jpg 1536w, https:\/\/vacationvillas.es\/wp-content\/uploads\/2023\/10\/vvggtt-2048x1137.jpg 2048w, https:\/\/vacationvillas.es\/wp-content\/uploads\/2023\/10\/vvggtt-1081x600.jpg 1081w, https:\/\/vacationvillas.es\/wp-content\/uploads\/2023\/10\/vvggtt-496x275.jpg 496w\" sizes=\"(max-width: 1024px) 100vw, 1024px\" \/>\t\t\t\t\t\t\t\t\t\t\t\t\t\t\t<\/div>\n\t\t\t\t<\/div>\n\t\t\t\t\t<\/div>\n\t\t<\/div>\n\t\t\t\t\t<\/div>\n\t\t<\/section>\n\t\t\t\t<div class=\"elementor-element elementor-element-2679b14 elementor-widget elementor-widget-spacer\" data-id=\"2679b14\" data-element_type=\"widget\" data-widget_type=\"spacer.default\">\n\t\t\t\t<div class=\"elementor-widget-container\">\n\t\t\t\t\t\t\t<div class=\"elementor-spacer\">\n\t\t\t<div class=\"elementor-spacer-inner\"><\/div>\n\t\t<\/div>\n\t\t\t\t\t\t<\/div>\n\t\t\t\t<\/div>\n\t\t\t\t\t<\/div>\n\t\t<\/div>\n\t\t\t\t\t<\/div>\n\t\t<\/section>\n\t\t\t\t<\/div>\n\t\t","protected":false},"excerpt":{"rendered":"<p>Servicios Servicios de gesti\u00f3n inmobiliaria Vacation Villas lleva gestionando alquileres vacacionales para propietarios de villas y apartamentos de calidad en las zonas de la Costa Blanca de J\u00e1vea, Denia, La Sella y Pedreguer desde 1999, adapt\u00e1ndose con \u00e9xito a un entorno de marketing y una base de clientes que cambian r\u00e1pidamente durante este tiempo. Con [&hellip;]<\/p>\n","protected":false},"author":1,"featured_media":0,"parent":0,"menu_order":0,"comment_status":"closed","ping_status":"closed","template":"elementor_header_footer","meta":{"footnotes":""},"class_list":["post-9916","page","type-page","status-publish","hentry"],"_links":{"self":[{"href":"https:\/\/vacationvillas.es\/es\/wp-json\/wp\/v2\/pages\/9916","targetHints":{"allow":["GET"]}}],"collection":[{"href":"https:\/\/vacationvillas.es\/es\/wp-json\/wp\/v2\/pages"}],"about":[{"href":"https:\/\/vacationvillas.es\/es\/wp-json\/wp\/v2\/types\/page"}],"author":[{"embeddable":true,"href":"https:\/\/vacationvillas.es\/es\/wp-json\/wp\/v2\/users\/1"}],"replies":[{"embeddable":true,"href":"https:\/\/vacationvillas.es\/es\/wp-json\/wp\/v2\/comments?post=9916"}],"version-history":[{"count":4,"href":"https:\/\/vacationvillas.es\/es\/wp-json\/wp\/v2\/pages\/9916\/revisions"}],"predecessor-version":[{"id":12184,"href":"https:\/\/vacationvillas.es\/es\/wp-json\/wp\/v2\/pages\/9916\/revisions\/12184"}],"wp:attachment":[{"href":"https:\/\/vacationvillas.es\/es\/wp-json\/wp\/v2\/media?parent=9916"}],"curies":[{"name":"wp","href":"https:\/\/api.w.org\/{rel}","templated":true}]}}