{"id":9948,"date":"2023-05-17T14:30:55","date_gmt":"2023-05-17T12:30:55","guid":{"rendered":"https:\/informacion-de-la-zona\/"},"modified":"2025-01-26T11:40:37","modified_gmt":"2025-01-26T10:40:37","slug":"informacion-de-la-zona","status":"publish","type":"page","link":"https:\/\/vacationvillas.es\/es\/informacion-de-la-zona\/","title":{"rendered":"Informaci\u00f3n de la zona"},"content":{"rendered":"\t\t<div data-elementor-type=\"wp-page\" data-elementor-id=\"9948\" class=\"elementor elementor-9948 elementor-8286\">\n\t\t\t\t\t\t<section class=\"elementor-section elementor-top-section elementor-element elementor-element-62ae60c elementor-section-height-min-height elementor-section-boxed elementor-section-height-default elementor-section-items-middle\" data-id=\"62ae60c\" data-element_type=\"section\" data-settings=\"{&quot;background_background&quot;:&quot;classic&quot;,&quot;shape_divider_bottom&quot;:&quot;opacity-tilt&quot;}\">\n\t\t\t\t\t<div class=\"elementor-shape elementor-shape-bottom\" aria-hidden=\"true\" data-negative=\"false\">\n\t\t\t<svg xmlns=\"http:\/\/www.w3.org\/2000\/svg\" viewBox=\"0 0 2600 131.1\" preserveAspectRatio=\"none\">\n\t<path class=\"elementor-shape-fill\" d=\"M0 0L2600 0 2600 69.1 0 0z\"\/>\n\t<path class=\"elementor-shape-fill\" style=\"opacity:0.5\" d=\"M0 0L2600 0 2600 69.1 0 69.1z\"\/>\n\t<path class=\"elementor-shape-fill\" style=\"opacity:0.25\" d=\"M2600 0L0 0 0 130.1 2600 69.1z\"\/>\n<\/svg>\t\t<\/div>\n\t\t\t\t\t<div class=\"elementor-container elementor-column-gap-default\">\n\t\t\t\t\t<div class=\"elementor-column elementor-col-100 elementor-top-column elementor-element elementor-element-a28234d\" data-id=\"a28234d\" data-element_type=\"column\">\n\t\t\t<div class=\"elementor-widget-wrap elementor-element-populated\">\n\t\t\t\t\t\t<div class=\"elementor-element elementor-element-5e3816a elementor-widget elementor-widget-heading\" data-id=\"5e3816a\" data-element_type=\"widget\" data-widget_type=\"heading.default\">\n\t\t\t\t<div class=\"elementor-widget-container\">\n\t\t\t\t\t<h2 class=\"elementor-heading-title elementor-size-xxl\">Informaci\u00f3n de la zona<\/h2>\t\t\t\t<\/div>\n\t\t\t\t<\/div>\n\t\t\t\t\t<\/div>\n\t\t<\/div>\n\t\t\t\t\t<\/div>\n\t\t<\/section>\n\t\t\t\t<section class=\"elementor-section elementor-top-section elementor-element elementor-element-962700f elementor-section-boxed elementor-section-height-default elementor-section-height-default\" data-id=\"962700f\" data-element_type=\"section\">\n\t\t\t\t\t\t<div class=\"elementor-container elementor-column-gap-default\">\n\t\t\t\t\t<div class=\"elementor-column elementor-col-50 elementor-top-column elementor-element elementor-element-9321532\" data-id=\"9321532\" data-element_type=\"column\">\n\t\t\t<div class=\"elementor-widget-wrap elementor-element-populated\">\n\t\t\t\t\t\t<div class=\"elementor-element elementor-element-81bf50a elementor-widget elementor-widget-heading\" data-id=\"81bf50a\" data-element_type=\"widget\" data-widget_type=\"heading.default\">\n\t\t\t\t<div class=\"elementor-widget-container\">\n\t\t\t\t\t<h2 class=\"elementor-heading-title elementor-size-default\">Denia<\/h2>\t\t\t\t<\/div>\n\t\t\t\t<\/div>\n\t\t\t\t<div class=\"elementor-element elementor-element-6236701 elementor-widget elementor-widget-text-editor\" data-id=\"6236701\" data-element_type=\"widget\" data-widget_type=\"text-editor.default\">\n\t\t\t\t<div class=\"elementor-widget-container\">\n\t\t\t\t\t\t\t\t\t<p>Denia es una localidad de la Costa Blanca donde tenemos villas de alquiler situadas en el campo y algunos apartamentos junto al mar. Es una antigua ciudad castillo con una sombreada calle principal bordeada de \u00e1rboles donde se puede ir de compras y luego comer en bares de tapas o restaurantes. Justo al lado de esta calle hay incluso un bar irland\u00e9s si te gusta la Guinness. La playa se extiende desde Las Rotas por la costa hasta Las Marinas. Pasa un rato en el puerto, viendo pasar el mundo mientras disfrutas de un caf\u00e9 o una copa. O por qu\u00e9 no visitar el famoso callej\u00f3n de las tapas, donde podr\u00e1s disfrutar del sabor de Espa\u00f1a.<\/p>\n\t\t\t\t\t\t\t\t<\/div>\n\t\t\t\t<\/div>\n\t\t\t\t<div class=\"elementor-element elementor-element-d65506b elementor-mobile-align-justify elementor-widget elementor-widget-button\" data-id=\"d65506b\" data-element_type=\"widget\" data-widget_type=\"button.default\">\n\t\t\t\t<div class=\"elementor-widget-container\">\n\t\t\t\t\t\t\t\t\t<div class=\"elementor-button-wrapper\">\n\t\t\t\t\t<a class=\"elementor-button elementor-button-link elementor-size-sm\" href=\"https:\/es\/por-que-denia-es-el-lugar-perfecto-para-su-segunda-residencia\/\">\n\t\t\t\t\t\t<span class=\"elementor-button-content-wrapper\">\n\t\t\t\t\t\t\t\t\t<span class=\"elementor-button-text\">M\u00e1s informaci\u00f3n sobre Denia<\/span>\n\t\t\t\t\t<\/span>\n\t\t\t\t\t<\/a>\n\t\t\t\t<\/div>\n\t\t\t\t\t\t\t\t<\/div>\n\t\t\t\t<\/div>\n\t\t\t\t\t<\/div>\n\t\t<\/div>\n\t\t\t\t<div class=\"elementor-column elementor-col-50 elementor-top-column elementor-element elementor-element-b68dadc\" data-id=\"b68dadc\" data-element_type=\"column\">\n\t\t\t<div class=\"elementor-widget-wrap elementor-element-populated\">\n\t\t\t\t\t\t<div class=\"elementor-element elementor-element-2aadd77 elementor-widget elementor-widget-video\" data-id=\"2aadd77\" data-element_type=\"widget\" data-settings=\"{&quot;youtube_url&quot;:&quot;https:\\\/\\\/www.youtube.com\\\/watch?v=5_SvR1M0ZO8&amp;list=PL2j_Qebj0DXjRKV2Kxu8tpq5XdlK5npH-&amp;index=87&quot;,&quot;yt_privacy&quot;:&quot;yes&quot;,&quot;video_type&quot;:&quot;youtube&quot;,&quot;controls&quot;:&quot;yes&quot;}\" data-widget_type=\"video.default\">\n\t\t\t\t<div class=\"elementor-widget-container\">\n\t\t\t\t\t\t\t<div class=\"elementor-wrapper elementor-open-inline\">\n\t\t\t<div class=\"elementor-video\"><\/div>\t\t<\/div>\n\t\t\t\t\t\t<\/div>\n\t\t\t\t<\/div>\n\t\t\t\t\t<\/div>\n\t\t<\/div>\n\t\t\t\t\t<\/div>\n\t\t<\/section>\n\t\t\t\t<section class=\"elementor-section elementor-top-section elementor-element elementor-element-3fe57c5 elementor-reverse-mobile elementor-section-boxed elementor-section-height-default elementor-section-height-default\" data-id=\"3fe57c5\" data-element_type=\"section\">\n\t\t\t\t\t\t<div class=\"elementor-container elementor-column-gap-default\">\n\t\t\t\t\t<div class=\"elementor-column elementor-col-50 elementor-top-column elementor-element elementor-element-21689ec\" data-id=\"21689ec\" data-element_type=\"column\" data-settings=\"{&quot;background_background&quot;:&quot;classic&quot;}\">\n\t\t\t<div class=\"elementor-widget-wrap elementor-element-populated\">\n\t\t\t\t\t\t<div class=\"elementor-element elementor-element-8c14399 elementor-widget elementor-widget-spacer\" data-id=\"8c14399\" data-element_type=\"widget\" data-widget_type=\"spacer.default\">\n\t\t\t\t<div class=\"elementor-widget-container\">\n\t\t\t\t\t\t\t<div class=\"elementor-spacer\">\n\t\t\t<div class=\"elementor-spacer-inner\"><\/div>\n\t\t<\/div>\n\t\t\t\t\t\t<\/div>\n\t\t\t\t<\/div>\n\t\t\t\t\t<\/div>\n\t\t<\/div>\n\t\t\t\t<div class=\"elementor-column elementor-col-50 elementor-top-column elementor-element elementor-element-dcd3ba1\" data-id=\"dcd3ba1\" data-element_type=\"column\">\n\t\t\t<div class=\"elementor-widget-wrap elementor-element-populated\">\n\t\t\t\t\t\t<div class=\"elementor-element elementor-element-f28238a elementor-widget elementor-widget-heading\" data-id=\"f28238a\" data-element_type=\"widget\" data-widget_type=\"heading.default\">\n\t\t\t\t<div class=\"elementor-widget-container\">\n\t\t\t\t\t<h2 class=\"elementor-heading-title elementor-size-default\">La Sella<\/h2>\t\t\t\t<\/div>\n\t\t\t\t<\/div>\n\t\t\t\t<div class=\"elementor-element elementor-element-5ec8c8f elementor-widget elementor-widget-text-editor\" data-id=\"5ec8c8f\" data-element_type=\"widget\" data-widget_type=\"text-editor.default\">\n\t\t\t\t<div class=\"elementor-widget-container\">\n\t\t\t\t\t\t\t\t\t<p>La exclusiva y tranquila zona residencial de La Sella, a 10 minutos en coche de Denia, cuenta con una amplia selecci\u00f3n de propiedades de alquiler vacacional, desde apartamentos de un dormitorio hasta villas de cinco dormitorios con piscina.<\/p>\n<p>Conocido en el mundo del golf por La Sella Golf Resort, los entusiastas del golf pueden disfrutar de un recorrido de 27 hoyos, recibir clases de perfeccionamiento o reservar una clase de iniciaci\u00f3n en la academia de golf profesional. Todo esto antes de relajarse en una de nuestras lujosas villas o apartamentos de alquiler de La Sella, a poca distancia del campo de golf.<\/p>\n<p>Mientras disfruta de una propiedad de alquiler de vacaciones en La Sella, los hu\u00e9spedes tambi\u00e9n pueden disfrutar de un relajado partido de tenis en las cercanas pistas de tenis, montar a caballo en los Equus Riding Stables de la urbanizaci\u00f3n La Sella, un tratamiento de spa de lujo en el Hotel Marriott de 5 estrellas y tranquilos paseos por el campo en el parque nacional de la monta\u00f1a del Montg\u00f3, que se encuentra a 5 minutos.<\/p>\n<p>Alquile una villa en La Sella y nunca estar\u00e1 lejos de algo que hacer en sus vacaciones en la Costa Blanca. El estilo de vida cosmopolita y las playas de arena de la animada ciudad espa\u00f1ola de Denia est\u00e1n a s\u00f3lo un corto trayecto en coche y la cultura tradicional espa\u00f1ola del pueblo de Jes\u00fas Pobre se puede encontrar a pocos minutos de La Sella.<\/p>\t\t\t\t\t\t\t\t<\/div>\n\t\t\t\t<\/div>\n\t\t\t\t\t<\/div>\n\t\t<\/div>\n\t\t\t\t\t<\/div>\n\t\t<\/section>\n\t\t\t\t<section class=\"elementor-section elementor-top-section elementor-element elementor-element-5b4fce3 elementor-section-boxed elementor-section-height-default elementor-section-height-default\" data-id=\"5b4fce3\" data-element_type=\"section\">\n\t\t\t\t\t\t<div class=\"elementor-container elementor-column-gap-default\">\n\t\t\t\t\t<div class=\"elementor-column elementor-col-50 elementor-top-column elementor-element elementor-element-d0cd409\" data-id=\"d0cd409\" data-element_type=\"column\">\n\t\t\t<div class=\"elementor-widget-wrap elementor-element-populated\">\n\t\t\t\t\t\t<div class=\"elementor-element elementor-element-935b2bd elementor-widget elementor-widget-heading\" data-id=\"935b2bd\" data-element_type=\"widget\" data-widget_type=\"heading.default\">\n\t\t\t\t<div class=\"elementor-widget-container\">\n\t\t\t\t\t<h2 class=\"elementor-heading-title elementor-size-default\">Javea<\/h2>\t\t\t\t<\/div>\n\t\t\t\t<\/div>\n\t\t\t\t<div class=\"elementor-element elementor-element-9021f25 elementor-widget elementor-widget-text-editor\" data-id=\"9021f25\" data-element_type=\"widget\" data-widget_type=\"text-editor.default\">\n\t\t\t\t<div class=\"elementor-widget-container\">\n\t\t\t\t\t\t\t\t\t<p>J\u00e1vea es desde hace tiempo uno de los destinos favoritos para alquilar villas. Es muy bonita y est\u00e1 formada por el Arenal, el puerto y el casco antiguo. El Arenal tiene una larga playa de arena con muchos restaurantes y bares, y en la playa es posible alquilar tumbonas y sombrillas. El puerto cuenta con numerosas tiendas y terrazas con vistas al mar. Tambi\u00e9n merece la pena visitar el casco antiguo, con sus bares y callejuelas. La mayor\u00eda de nuestras villas en alquiler en J\u00e1vea est\u00e1n situadas en las colinas de los alrededores o cerca del campo de golf.<\/p>\n\t\t\t\t\t\t\t\t<\/div>\n\t\t\t\t<\/div>\n\t\t\t\t<div class=\"elementor-element elementor-element-ca878ff elementor-mobile-align-justify elementor-widget elementor-widget-button\" data-id=\"ca878ff\" data-element_type=\"widget\" data-widget_type=\"button.default\">\n\t\t\t\t<div class=\"elementor-widget-container\">\n\t\t\t\t\t\t\t\t\t<div class=\"elementor-button-wrapper\">\n\t\t\t\t\t<a class=\"elementor-button elementor-button-link elementor-size-sm\" href=\"https:\/exploring-the-arenal-port-and-old-town-of-javea-a-guide-for-villa-renters\/\">\n\t\t\t\t\t\t<span class=\"elementor-button-content-wrapper\">\n\t\t\t\t\t\t\t\t\t<span class=\"elementor-button-text\">M\u00e1s informaci\u00f3n sobre Javea<\/span>\n\t\t\t\t\t<\/span>\n\t\t\t\t\t<\/a>\n\t\t\t\t<\/div>\n\t\t\t\t\t\t\t\t<\/div>\n\t\t\t\t<\/div>\n\t\t\t\t\t<\/div>\n\t\t<\/div>\n\t\t\t\t<div class=\"elementor-column elementor-col-50 elementor-top-column elementor-element elementor-element-f6fd1bb\" data-id=\"f6fd1bb\" data-element_type=\"column\">\n\t\t\t<div class=\"elementor-widget-wrap elementor-element-populated\">\n\t\t\t\t\t\t<div class=\"elementor-element elementor-element-c28a318 elementor-widget elementor-widget-video\" data-id=\"c28a318\" data-element_type=\"widget\" data-settings=\"{&quot;youtube_url&quot;:&quot;https:\\\/\\\/www.youtube.com\\\/watch?v=lTFqpQyPhds&quot;,&quot;yt_privacy&quot;:&quot;yes&quot;,&quot;video_type&quot;:&quot;youtube&quot;,&quot;controls&quot;:&quot;yes&quot;}\" data-widget_type=\"video.default\">\n\t\t\t\t<div class=\"elementor-widget-container\">\n\t\t\t\t\t\t\t<div class=\"elementor-wrapper elementor-open-inline\">\n\t\t\t<div class=\"elementor-video\"><\/div>\t\t<\/div>\n\t\t\t\t\t\t<\/div>\n\t\t\t\t<\/div>\n\t\t\t\t\t<\/div>\n\t\t<\/div>\n\t\t\t\t\t<\/div>\n\t\t<\/section>\n\t\t\t\t<\/div>\n\t\t","protected":false},"excerpt":{"rendered":"<p>Informaci\u00f3n de la zona Denia Denia es una localidad de la Costa Blanca donde tenemos villas de alquiler situadas en el campo y algunos apartamentos junto al mar. Es una antigua ciudad castillo con una sombreada calle principal bordeada de \u00e1rboles donde se puede ir de compras y luego comer en bares de tapas o [&hellip;]<\/p>\n","protected":false},"author":1,"featured_media":0,"parent":0,"menu_order":0,"comment_status":"closed","ping_status":"closed","template":"elementor_header_footer","meta":{"footnotes":""},"class_list":["post-9948","page","type-page","status-publish","hentry"],"_links":{"self":[{"href":"https:\/\/vacationvillas.es\/es\/wp-json\/wp\/v2\/pages\/9948","targetHints":{"allow":["GET"]}}],"collection":[{"href":"https:\/\/vacationvillas.es\/es\/wp-json\/wp\/v2\/pages"}],"about":[{"href":"https:\/\/vacationvillas.es\/es\/wp-json\/wp\/v2\/types\/page"}],"author":[{"embeddable":true,"href":"https:\/\/vacationvillas.es\/es\/wp-json\/wp\/v2\/users\/1"}],"replies":[{"embeddable":true,"href":"https:\/\/vacationvillas.es\/es\/wp-json\/wp\/v2\/comments?post=9948"}],"version-history":[{"count":5,"href":"https:\/\/vacationvillas.es\/es\/wp-json\/wp\/v2\/pages\/9948\/revisions"}],"predecessor-version":[{"id":20938,"href":"https:\/\/vacationvillas.es\/es\/wp-json\/wp\/v2\/pages\/9948\/revisions\/20938"}],"wp:attachment":[{"href":"https:\/\/vacationvillas.es\/es\/wp-json\/wp\/v2\/media?parent=9948"}],"curies":[{"name":"wp","href":"https:\/\/api.w.org\/{rel}","templated":true}]}}