{"id":9860,"date":"2023-06-22T18:20:43","date_gmt":"2023-06-22T18:20:43","guid":{"rendered":"https:\/avis-juridique\/"},"modified":"2023-07-25T18:06:56","modified_gmt":"2023-07-25T18:06:56","slug":"avis-juridique","status":"publish","type":"page","link":"https:\/\/vacationvillas.es\/fr\/avis-juridique\/","title":{"rendered":"Avis juridique"},"content":{"rendered":"\n<h3 class=\"wp-block-heading\">DENTIFICACION<\/h3>\n\n<p>En cumplimiento de la Ley 34\/2002, de 11 de julio, de servicios de la sociedad de la informaci\u00f3n y de comercio electr\u00f3nico, le informamos que esta p\u00e1gina web pertenece a :<\/p>\n\n<h3 class=\"wp-block-heading\">CONDICIONES GENERALES DE USO.<\/h3>\n\n<p>www.vacationvillasspain.com informe que l&#8217;acc\u00e8s et l&#8217;utilisation de la pr\u00e9sente page Web, ainsi que des services et contenus que l&#8217;on obtient ou que l&#8217;on peut obtenir par son interm\u00e9diaire, sont soumis aux dispositions de l&#8217;avis juridique.<\/p>\n\n<p>Par cons\u00e9quent, si les consid\u00e9rations d\u00e9taill\u00e9es ci-apr\u00e8s ne sont pas conformes, nous vous demandons de ne pas utiliser la pr\u00e9sente page Web, car toute utilisation des m\u00eames pages ou des contenus et des services qu&#8217;elles contiennent implique l&#8217;acceptation des termes juridiques mentionn\u00e9s dans le pr\u00e9sent texte.<\/p>\n\n<p>La navigation sur le site web de www.vacationvillasspain.com attribue la condition d&#8217;utilisation de ce dernier et implique l&#8217;acceptation pleine et enti\u00e8re, sans r\u00e9serve, de toutes et chacune des dispositions incluses dans cet avis juridique, qui peuvent faire l&#8217;objet de modifications.<\/p>\n\n<p>L&#8217;utilisateur s&#8217;engage \u00e0 faire un usage correct du site web en conformit\u00e9 avec les lois, la bonne foi, l&#8217;ordre public, les usages du trafic et le pr\u00e9sent avis juridique. El usuario responder\u00e1 frente a www.vacationvillasspain.com o frente a terceros, de cualesquiera da\u00f1os y perjuicios que pudieran causarse como consecuencia del incumplimiento de dicha obligaci\u00f3n.<\/p>\n\n<p>www.vacationvillasspain.com, nous nous r\u00e9servons le droit d&#8217;apporter des modifications \u00e0 la page Web sans avis pr\u00e9alable, dans le but d&#8217;actualiser, de corriger, de modifier, d&#8217;ajouter ou d&#8217;\u00e9liminer les contenus de cette page. C&#8217;est pourquoi les conditions et les termes qui sont utilis\u00e9s dans cet article peuvent varier \u00e0 tout moment. C&#8217;est pourquoi nous vous invitons \u00e0 revoir ces termes lorsque vous visiterez cette page Web. Cette modification s&#8217;applique \u00e0 partir du moment o\u00f9 elle est mise \u00e0 la disposition des utilisateurs.<\/p>\n\n<p>www.vacationvillasspain.com ne se hace responsable de los da\u00f1os que pudiera causar el Usuario, por un uso err\u00f3neo o indebido en relaciones con terceros, siendo responsabilidad \u00fanica y exclusiva del Usuario. En outre, www.vacationvillasspain.com ne peut en aucun cas \u00eatre tenu pour responsable des dommages et des effets n\u00e9fastes de la nature qui peuvent survenir, par exemple \u00e0 la suite de la transmission d&#8217;un virus ou de programmes malveillants, m\u00eame si l&#8217;on a pris toutes les mesures techniques n\u00e9cessaires pour les \u00e9viter.<\/p>\n\n<p>El Usuario, se compromete a no utilizar la p\u00e1gina Web de www.vacationvillasspain.com de forma contraria a lo dispuesto por la legislaci\u00f3n vigente.<\/p>\n\n<p>Si l&#8217;Utilisateur d\u00e9cide de ne pas accepter le pr\u00e9sent avis juridique, il doit s&#8217;abstenir d&#8217;acc\u00e9der et\/ou d&#8217;utiliser les contenus et\/ou les services propos\u00e9s par www.vacationvillasspain.com sur sa page Web.<\/p>\n\n<h3 class=\"wp-block-heading\">ACC\u00c8S ET UTILISATION<\/h3>\n\n<p>L&#8217;acc\u00e8s \u00e0 notre site Web est libre et gratuit, sauf en ce qui concerne le co\u00fbt de la connexion au r\u00e9seau de t\u00e9l\u00e9communications g\u00e9r\u00e9 par l&#8217;op\u00e9rateur contract\u00e9 par chaque utilisateur.<\/p>\n\n<p>Le simple acc\u00e8s au Web ne suppose aucun type de relation commerciale entre www.vacationvillasspain.com et l&#8217;utilisateur du m\u00eame site.<\/p>\n\n<p>L&#8217;utilisateur garantit l&#8217;authenticit\u00e9 et l&#8217;actualit\u00e9 de toutes les donn\u00e9es qu&#8217;il communique et il est le seul responsable des manifestations fausses ou inexactes qu&#8217;il r\u00e9alise.<\/p>\n\n<p>L&#8217;utilisateur s&#8217;engage express\u00e9ment \u00e0 faire un usage ad\u00e9quat des contenus et services de www.vacationvillasspain.com et \u00e0 ne pas les utiliser, entre autres :<\/p>\n\n<ul class=\"wp-block-list\">\n<li>a) Diffuser des contenus d\u00e9licats, violents, pornographiques, racistes, x\u00e9nophobes, offensants, faisant l&#8217;apologie du terrorisme ou, en g\u00e9n\u00e9ral, contraires \u00e0 la loi ou \u00e0 l&#8217;ordre public.<\/li>\n\n\n\n<li>b) Introduire dans le r\u00e9seau des virus informatiques ou r\u00e9aliser des actions susceptibles d&#8217;alt\u00e9rer, de d\u00e9truire, d&#8217;interf\u00e9rer ou de g\u00e9n\u00e9rer des erreurs ou des dommages dans les documents \u00e9lectroniques, les donn\u00e9es ou les syst\u00e8mes informatiques et logiques de www.vacationvillasspain.com o de terceras personas ; as\u00ed como obstaculizar el acceso de otros usuarios al sitio web y a sus servicios mediante el consumo masivo de los recursos inform\u00e1ticos a trav\u00e9s de los cuales www.vacationvillasspain.com presta sus servicios.<\/li>\n\n\n\n<li>c) Vuln\u00e9rer les droits de propri\u00e9t\u00e9 intellectuelle ou industrielle, ainsi que violer la confidentialit\u00e9 des informations de www.vacationvillasspain.com ou de tiers.<\/li>\n\n\n\n<li>d) reproduire, copier, distribuer, mettre \u00e0 disposition ou de toute autre mani\u00e8re communiquer publiquement, transformer ou modifier les contenus, \u00e0 moins qu&#8217;ils ne soient autoris\u00e9s par le titulaire des droits correspondants ou qu&#8217;ils ne soient l\u00e9galement autoris\u00e9s.<\/li>\n\n\n\n<li>e) Recueillir des donn\u00e9es \u00e0 des fins de publicit\u00e9 et diffuser des informations de toute nature et des communications \u00e0 des fins de vente ou autres de nature commerciale sans avoir re\u00e7u au pr\u00e9alable une demande ou un consentement de la part de l&#8217;int\u00e9ress\u00e9.<\/li>\n<\/ul>\n\n<h3 class=\"wp-block-heading\">PROPRI\u00c9T\u00c9 INTELLECTUELLE<\/h3>\n\n<p>www.vacationvillasspain.com, por s\u00ed o como cesionaria, es titular de todos los derechos de propiedad intelectual e industrial de su sitio Web, as\u00ed como de los elementos contenidos en el mismo (a t\u00edtulo enunciativo, im\u00e1genes, texto, marcas o logotipos, combinaciones de colores, estructura y dise\u00f1o) titularidad de la misma o de sus licenciantes. Tous les droits sont r\u00e9serv\u00e9s.<\/p>\n\n<p>Sont express\u00e9ment interdites la reproduction, la transformation, la distribution et la communication au public, y compris leur mode de mise \u00e0 disposition, de la totalit\u00e9 ou d&#8217;une partie des contenus de ce site Web, \u00e0 des fins commerciales, dans tout type de support et par tout type de m\u00e9dia technique, sans l&#8217;autorisation pr\u00e9alable et \u00e9crite de www.vacationvillasspain.com . El incumplimiento de lo anterior, facultar\u00e1 a www.vacationvillasspain.com para interponer las acciones legales pertinentes.<\/p>\n\n<p>L&#8217;utilisateur s&#8217;engage \u00e0 respecter les droits de propri\u00e9t\u00e9 intellectuelle et industrielle de www.vacationvillasspain.com, en tant que propri\u00e9taire ou propri\u00e9taire. Vous pouvez visualiser les \u00e9l\u00e9ments du portail Web et m\u00eame les imprimer, les copier et les conserver sur le disque dur de votre ordinateur ou sur tout autre support num\u00e9rique, \u00e0 tout moment et en tout lieu, uniquement et exclusivement pour votre usage personnel et priv\u00e9. La distribution, la modification, la cession ou la communication publique des contenus et tout autre acte qui n&#8217;a pas \u00e9t\u00e9 express\u00e9ment autoris\u00e9 par le titulaire des droits d&#8217;auteur sont interdits.<\/p>\n\n<h3 class=\"wp-block-heading\">HIPERENLACES<\/h3>\n\n<p>La cr\u00e9ation d&#8217;un site Internet n&#8217;implique en aucun cas l&#8217;existence de relations entre www.vacationvillasspain.com et le propri\u00e9taire du site Internet sur lequel il est cr\u00e9\u00e9, ni l&#8217;acceptation ou l&#8217;approbation par www.vacationvillasspain.com de son contenu ou de ses services. Aquellas personas que se propongan establecer un hiperenlace previamente deber\u00e1n solicitar autorizaci\u00f3n por escrito a www.vacationvillasspain.com.<\/p>\n\n<h3 class=\"wp-block-heading\">GARANTIES ET RESPONSABILIT\u00c9<\/h3>\n\n<p>www.vacationvillasspain.com excluye, hasta donde permite el ordenamiento jur\u00eddico, cualquier responsabilidad por los da\u00f1os y perjuicios de toda naturaleza derivados de :<\/p>\n\n<ul class=\"wp-block-list\">\n<li>a) L&#8217;impossibilit\u00e9 d&#8217;acc\u00e9der au site web ou le manque de v\u00e9racit\u00e9, d&#8217;exactitude, d&#8217;exhaustivit\u00e9 et\/ou d&#8217;actualit\u00e9 des contenus, ainsi que l&#8217;existence de vices et de d\u00e9fauts de toute nature dans les contenus transmis, diffus\u00e9s, archiv\u00e9s, mis \u00e0 la disposition de ceux qui y ont acc\u00e8s par le biais du site web ou des services qu&#8217;il propose.<\/li>\n\n\n\n<li>b) La pr\u00e9sence de virus ou d&#8217;autres \u00e9l\u00e9ments dans les contenus qui peuvent produire des alt\u00e9rations dans les syst\u00e8mes informatiques, les documents \u00e9lectroniques ou les donn\u00e9es des utilisateurs.<\/li>\n\n\n\n<li>c) Le non-respect des lois, de la bonne foi, de l&#8217;ordre public, de l&#8217;utilisation du trafic et du pr\u00e9sent avis juridique en cons\u00e9quence de l&#8217;utilisation incorrecte du site web. En particulier, et \u00e0 titre d&#8217;exemple, www.vacationvillasspain.com ne se rend pas responsable des actions des tiers qui touchent aux droits de propri\u00e9t\u00e9 intellectuelle et industrielle, aux secrets d&#8217;entreprise, aux droits \u00e0 l&#8217;honneur, \u00e0 l&#8217;intimit\u00e9 personnelle et famili\u00e8re et \u00e0 la propre image, ainsi qu&#8217;aux normes relatives \u00e0 la concurrence et \u00e0 la publicit\u00e9 illicite.<\/li>\n<\/ul>\n\n<p>De m\u00eame, www.vacationvillasspain.com d\u00e9cline toute responsabilit\u00e9 \u00e0 l&#8217;\u00e9gard des informations qui se trouvent en dehors de ce site web et qui ne sont pas g\u00e9r\u00e9es directement par notre webmaster. La fonction des liens qui apparaissent sur ce site est exclusivement d&#8217;informer l&#8217;utilisateur de l&#8217;existence d&#8217;autres sources susceptibles d&#8217;\u00e9largir le contenu de ce site. www.vacationvillasspain.com ne garantit ni ne se responsabilise du fonctionnement ou de l&#8217;accessibilit\u00e9 des sites inscrits.<\/p>\n\n<h3 class=\"wp-block-heading\">JURISDICCI\u00d3N<\/h3>\n\n<p>La loi applicable en cas de litige ou de conflit d&#8217;interpr\u00e9tation des termes conformes au pr\u00e9sent avis juridique, ainsi que de toute question li\u00e9e aux services et\/ou contenus propos\u00e9s sur la pr\u00e9sente page Web, est la loi espagnole.<\/p>\n\n<p>Pour la r\u00e9solution de tout conflit pouvant survenir \u00e0 l&#8217;occasion de l&#8217;utilisation et de l&#8217;acc\u00e8s au site Web et\/ou aux services ou contenus qu&#8217;il peut offrir, www.vacationvillasspain.com et l&#8217;utilisateur s&#8217;adressent aux tribunaux comp\u00e9tents conform\u00e9ment \u00e0 la loi.<\/p>\n","protected":false},"excerpt":{"rendered":"<p>DENTIFICACION En cumplimiento de la Ley 34\/2002, de 11 de julio, de servicios de la sociedad de la informaci\u00f3n y de comercio electr\u00f3nico, le informamos que esta p\u00e1gina web pertenece a : CONDICIONES GENERALES DE USO. www.vacationvillasspain.com informe que l&#8217;acc\u00e8s et l&#8217;utilisation de la pr\u00e9sente page Web, ainsi que des services et contenus que l&#8217;on [&hellip;]<\/p>\n","protected":false},"author":1,"featured_media":0,"parent":0,"menu_order":0,"comment_status":"closed","ping_status":"closed","template":"","meta":{"footnotes":""},"class_list":["post-9860","page","type-page","status-publish","hentry"],"_links":{"self":[{"href":"https:\/\/vacationvillas.es\/fr\/wp-json\/wp\/v2\/pages\/9860","targetHints":{"allow":["GET"]}}],"collection":[{"href":"https:\/\/vacationvillas.es\/fr\/wp-json\/wp\/v2\/pages"}],"about":[{"href":"https:\/\/vacationvillas.es\/fr\/wp-json\/wp\/v2\/types\/page"}],"author":[{"embeddable":true,"href":"https:\/\/vacationvillas.es\/fr\/wp-json\/wp\/v2\/users\/1"}],"replies":[{"embeddable":true,"href":"https:\/\/vacationvillas.es\/fr\/wp-json\/wp\/v2\/comments?post=9860"}],"version-history":[{"count":1,"href":"https:\/\/vacationvillas.es\/fr\/wp-json\/wp\/v2\/pages\/9860\/revisions"}],"predecessor-version":[{"id":9862,"href":"https:\/\/vacationvillas.es\/fr\/wp-json\/wp\/v2\/pages\/9860\/revisions\/9862"}],"wp:attachment":[{"href":"https:\/\/vacationvillas.es\/fr\/wp-json\/wp\/v2\/media?parent=9860"}],"curies":[{"name":"wp","href":"https:\/\/api.w.org\/{rel}","templated":true}]}}