{"id":9910,"date":"2023-05-20T10:12:20","date_gmt":"2023-05-20T08:12:20","guid":{"rendered":"https:\/services-de-gestion-immobiliere\/"},"modified":"2023-10-11T11:44:37","modified_gmt":"2023-10-11T09:44:37","slug":"services-de-gestion-immobiliere","status":"publish","type":"page","link":"https:\/\/vacationvillas.es\/fr\/services-de-gestion-immobiliere\/","title":{"rendered":"Services de gestion immobili\u00e8re"},"content":{"rendered":"\t\t<div data-elementor-type=\"wp-page\" data-elementor-id=\"9910\" class=\"elementor elementor-9910 elementor-8649\">\n\t\t\t\t\t\t<section class=\"elementor-section elementor-top-section elementor-element elementor-element-1ba4842 elementor-section-height-min-height animated-slow elementor-section-boxed elementor-section-height-default elementor-section-items-middle elementor-invisible\" data-id=\"1ba4842\" data-element_type=\"section\" data-settings=\"{&quot;background_background&quot;:&quot;classic&quot;,&quot;animation&quot;:&quot;fadeIn&quot;,&quot;shape_divider_bottom&quot;:&quot;opacity-tilt&quot;}\">\n\t\t\t\t\t\t\t<div class=\"elementor-background-overlay\"><\/div>\n\t\t\t\t\t\t<div class=\"elementor-shape elementor-shape-bottom\" aria-hidden=\"true\" data-negative=\"false\">\n\t\t\t<svg xmlns=\"http:\/\/www.w3.org\/2000\/svg\" viewBox=\"0 0 2600 131.1\" preserveAspectRatio=\"none\">\n\t<path class=\"elementor-shape-fill\" d=\"M0 0L2600 0 2600 69.1 0 0z\"\/>\n\t<path class=\"elementor-shape-fill\" style=\"opacity:0.5\" d=\"M0 0L2600 0 2600 69.1 0 69.1z\"\/>\n\t<path class=\"elementor-shape-fill\" style=\"opacity:0.25\" d=\"M2600 0L0 0 0 130.1 2600 69.1z\"\/>\n<\/svg>\t\t<\/div>\n\t\t\t\t\t<div class=\"elementor-container elementor-column-gap-default\">\n\t\t\t\t\t<div class=\"elementor-column elementor-col-100 elementor-top-column elementor-element elementor-element-7337bd2\" data-id=\"7337bd2\" data-element_type=\"column\">\n\t\t\t<div class=\"elementor-widget-wrap elementor-element-populated\">\n\t\t\t\t\t\t<div class=\"elementor-element elementor-element-e521dfd elementor-widget elementor-widget-heading\" data-id=\"e521dfd\" data-element_type=\"widget\" data-widget_type=\"heading.default\">\n\t\t\t\t<div class=\"elementor-widget-container\">\n\t\t\t\t\t<h2 class=\"elementor-heading-title elementor-size-xxl\">Services<\/h2>\t\t\t\t<\/div>\n\t\t\t\t<\/div>\n\t\t\t\t\t<\/div>\n\t\t<\/div>\n\t\t\t\t\t<\/div>\n\t\t<\/section>\n\t\t\t\t<section class=\"elementor-section elementor-top-section elementor-element elementor-element-063837f elementor-section-boxed elementor-section-height-default elementor-section-height-default\" data-id=\"063837f\" data-element_type=\"section\" data-settings=\"{&quot;background_background&quot;:&quot;classic&quot;}\">\n\t\t\t\t\t\t<div class=\"elementor-container elementor-column-gap-default\">\n\t\t\t\t\t<div class=\"elementor-column elementor-col-100 elementor-top-column elementor-element elementor-element-80ad318\" data-id=\"80ad318\" data-element_type=\"column\">\n\t\t\t<div class=\"elementor-widget-wrap elementor-element-populated\">\n\t\t\t\t\t\t<div class=\"elementor-element elementor-element-81da5aa elementor-widget elementor-widget-spacer\" data-id=\"81da5aa\" data-element_type=\"widget\" data-widget_type=\"spacer.default\">\n\t\t\t\t<div class=\"elementor-widget-container\">\n\t\t\t\t\t\t\t<div class=\"elementor-spacer\">\n\t\t\t<div class=\"elementor-spacer-inner\"><\/div>\n\t\t<\/div>\n\t\t\t\t\t\t<\/div>\n\t\t\t\t<\/div>\n\t\t\t\t<div class=\"elementor-element elementor-element-3fcf0ed elementor-widget elementor-widget-houzez_elementor_section_title\" data-id=\"3fcf0ed\" data-element_type=\"widget\" data-widget_type=\"houzez_elementor_section_title.default\">\n\t\t\t\t<div class=\"elementor-widget-container\">\n\t\t\t\t\t            <div class=\"houzez_section_title_wrap section-title-module\">\n                                    <h2 class=\"houzez_section_title\">Services de gestion immobili\u00e8re\n<\/h2>\n                \n                            <\/div>\n            \t\t\t\t<\/div>\n\t\t\t\t<\/div>\n\t\t\t\t<div class=\"elementor-element elementor-element-f25da4b elementor-widget elementor-widget-text-editor\" data-id=\"f25da4b\" data-element_type=\"widget\" data-widget_type=\"text-editor.default\">\n\t\t\t\t<div class=\"elementor-widget-container\">\n\t\t\t\t\t\t\t\t\t<p>Depuis 1999, Vacation Villas g\u00e8re des locations de vacances pour des propri\u00e9taires de villas et d&#8217;appartements de qualit\u00e9 dans les r\u00e9gions de Javea, Denia, La Sella et Pedreguer, sur la Costa Blanca, en s&#8217;adaptant avec succ\u00e8s \u00e0 un environnement marketing et \u00e0 une client\u00e8le en rapide \u00e9volution.<\/p>\n<p>Avec un bureau \u00e9tabli de longue date et facilement localisable \u00e0 La Xara (entre Javea et Denia), notre personnel parlant anglais, espagnol et fran\u00e7ais a l&#8217;avantage d&#8217;avoir de nombreuses ann\u00e9es d&#8217;exp\u00e9rience dans le domaine de la location dans cette r\u00e9gion, et est disponible 24 heures sur 24 et 7 jours sur 7 pour traiter tous les probl\u00e8mes qui peuvent occasionnellement survenir.<\/p>\n\t\t\t\t\t\t\t\t<\/div>\n\t\t\t\t<\/div>\n\t\t\t\t<section class=\"elementor-section elementor-inner-section elementor-element elementor-element-668e491 elementor-section-boxed elementor-section-height-default elementor-section-height-default\" data-id=\"668e491\" data-element_type=\"section\">\n\t\t\t\t\t\t<div class=\"elementor-container elementor-column-gap-default\">\n\t\t\t\t\t<div class=\"elementor-column elementor-col-50 elementor-inner-column elementor-element elementor-element-c8d6891\" data-id=\"c8d6891\" data-element_type=\"column\">\n\t\t\t<div class=\"elementor-widget-wrap elementor-element-populated\">\n\t\t\t\t\t\t<div class=\"elementor-element elementor-element-3bbab28 elementor-widget elementor-widget-text-editor\" data-id=\"3bbab28\" data-element_type=\"widget\" data-widget_type=\"text-editor.default\">\n\t\t\t\t<div class=\"elementor-widget-container\">\n\t\t\t\t\t\t\t\t\t<p>Nous offrons \u00e0 nos propri\u00e9taires :<\/p>\n<ul>\n<li>Marketing intensif via notre propre site web et via de nombreux autres sites web internationaux tels que<\/li>\n<li>.homeaway.,.abritel.fr ;.kyero..thinkspain. pour n&#8217;en citer que quelques-uns<\/li>\n<li>Des photographies d\u00e9taill\u00e9es et une description compl\u00e8te du bien &#8211; avec la possibilit\u00e9 d&#8217;ajouter un forfait photographique suppl\u00e9mentaire.<\/li>\n<li>Administration : premier contact avec le client, obtention de la r\u00e9servation, encaissement des acomptes et des soldes, envoi des confirmations de r\u00e9servation et des instructions, relev\u00e9s mensuels des propri\u00e9taires.<\/li>\n<li>Garde et r\u00e9cup\u00e9ration des cl\u00e9s pour les clients dans nos locaux<\/li>\n<li>Fourniture et blanchiment de tous les draps, serviettes et torchons pour nos propres locations et celles que nous d\u00e9tenons.<\/li>\n<li>Nettoyage de transition<\/li>\n<li>Brochure d&#8217;information sur la r\u00e9gion et la villa, cartes,  <\/li>\n<li>Num\u00e9ros de contact 24 heures sur 24 pour les clients<\/li>\n<li>D\u00e9pannage, organisation des r\u00e9parations, des remplacements, etc. selon les besoins, avec l&#8217;accord pr\u00e9alable des propri\u00e9taires.<\/li>\n<li>Paiements rapides des propri\u00e9taires, mensuels \u00e0 terme \u00e9chu<\/li>\n<\/ul>\n\t\t\t\t\t\t\t\t<\/div>\n\t\t\t\t<\/div>\n\t\t\t\t\t<\/div>\n\t\t<\/div>\n\t\t\t\t<div class=\"elementor-column elementor-col-50 elementor-inner-column elementor-element elementor-element-68a5bed\" data-id=\"68a5bed\" data-element_type=\"column\">\n\t\t\t<div class=\"elementor-widget-wrap elementor-element-populated\">\n\t\t\t\t\t\t<div class=\"elementor-element elementor-element-6bbf6e7 elementor-widget elementor-widget-image\" data-id=\"6bbf6e7\" data-element_type=\"widget\" data-widget_type=\"image.default\">\n\t\t\t\t<div class=\"elementor-widget-container\">\n\t\t\t\t\t\t\t\t\t\t\t\t\t\t\t<img fetchpriority=\"high\" decoding=\"async\" width=\"1024\" height=\"679\" src=\"https:\/\/vacationvillas.es\/wp-content\/uploads\/2023\/10\/3D-Logo-Mockup-Design-1024x679.jpg\" class=\"attachment-large size-large wp-image-12153\" alt=\"\" srcset=\"https:\/\/vacationvillas.es\/wp-content\/uploads\/2023\/10\/3D-Logo-Mockup-Design-1024x679.jpg 1024w, https:\/\/vacationvillas.es\/wp-content\/uploads\/2023\/10\/3D-Logo-Mockup-Design-300x199.jpg 300w, https:\/\/vacationvillas.es\/wp-content\/uploads\/2023\/10\/3D-Logo-Mockup-Design-768x509.jpg 768w, https:\/\/vacationvillas.es\/wp-content\/uploads\/2023\/10\/3D-Logo-Mockup-Design-1536x1019.jpg 1536w, https:\/\/vacationvillas.es\/wp-content\/uploads\/2023\/10\/3D-Logo-Mockup-Design-2048x1359.jpg 2048w, https:\/\/vacationvillas.es\/wp-content\/uploads\/2023\/10\/3D-Logo-Mockup-Design-905x600.jpg 905w, https:\/\/vacationvillas.es\/wp-content\/uploads\/2023\/10\/3D-Logo-Mockup-Design-496x329.jpg 496w\" sizes=\"(max-width: 1024px) 100vw, 1024px\" \/>\t\t\t\t\t\t\t\t\t\t\t\t\t\t\t<\/div>\n\t\t\t\t<\/div>\n\t\t\t\t\t<\/div>\n\t\t<\/div>\n\t\t\t\t\t<\/div>\n\t\t<\/section>\n\t\t\t\t<div class=\"elementor-element elementor-element-cb58bb5 elementor-widget elementor-widget-heading\" data-id=\"cb58bb5\" data-element_type=\"widget\" data-widget_type=\"heading.default\">\n\t\t\t\t<div class=\"elementor-widget-container\">\n\t\t\t\t\t<h2 class=\"elementor-heading-title elementor-size-default\">Services immobiliers<\/h2>\t\t\t\t<\/div>\n\t\t\t\t<\/div>\n\t\t\t\t<section class=\"elementor-section elementor-inner-section elementor-element elementor-element-b4108a5 elementor-section-boxed elementor-section-height-default elementor-section-height-default\" data-id=\"b4108a5\" data-element_type=\"section\">\n\t\t\t\t\t\t<div class=\"elementor-container elementor-column-gap-default\">\n\t\t\t\t\t<div class=\"elementor-column elementor-col-50 elementor-inner-column elementor-element elementor-element-675ff10\" data-id=\"675ff10\" data-element_type=\"column\">\n\t\t\t<div class=\"elementor-widget-wrap elementor-element-populated\">\n\t\t\t\t\t\t<div class=\"elementor-element elementor-element-52e79cf elementor-widget elementor-widget-text-editor\" data-id=\"52e79cf\" data-element_type=\"widget\" data-widget_type=\"text-editor.default\">\n\t\t\t\t<div class=\"elementor-widget-container\">\n\t\t\t\t\t\t\t\t\t<p>Nous pouvons vous recommander (et superviser si n\u00e9cessaire) des artisans fiables, qui ont fait leurs preuves, si vous avez besoin d&#8217;effectuer des travaux dans votre propri\u00e9t\u00e9. Les services que nous offrons comprennent &#8211; mais ne sont pas limit\u00e9s \u00e0 :<\/p>\n<ul>\n<li>Construction et entretien de piscines<\/li>\n<li>Construction g\u00e9n\u00e9rale, r\u00e9novation, r\u00e9parations<\/li>\n<li>Installations et r\u00e9parations de plomberie et de chauffage<\/li>\n<li>Installations \u00e9lectriques \/ r\u00e9parations<\/li>\n<li>Installations de climatisation \/ r\u00e9parations<\/li>\n<li>Serrurier<\/li>\n<li>Installation TV et satellite<\/li>\n<li>Services de jardinage<\/li>\n<li>Ferronnerie (portails\/grilles, etc.)<\/li>\n<li>Services de peinture<\/li>\n<li>Devis fournis sans engagement<\/li>\n<\/ul>\n\t\t\t\t\t\t\t\t<\/div>\n\t\t\t\t<\/div>\n\t\t\t\t\t<\/div>\n\t\t<\/div>\n\t\t\t\t<div class=\"elementor-column elementor-col-50 elementor-inner-column elementor-element elementor-element-b3000bd\" data-id=\"b3000bd\" data-element_type=\"column\">\n\t\t\t<div class=\"elementor-widget-wrap elementor-element-populated\">\n\t\t\t\t\t\t<div class=\"elementor-element elementor-element-370a4d2 elementor-widget elementor-widget-image\" data-id=\"370a4d2\" data-element_type=\"widget\" data-widget_type=\"image.default\">\n\t\t\t\t<div class=\"elementor-widget-container\">\n\t\t\t\t\t\t\t\t\t\t\t\t\t\t\t<img decoding=\"async\" width=\"1024\" height=\"568\" src=\"https:\/\/vacationvillas.es\/wp-content\/uploads\/2023\/10\/vvggtt-1024x568.jpg\" class=\"attachment-large size-large wp-image-12177\" alt=\"\" srcset=\"https:\/\/vacationvillas.es\/wp-content\/uploads\/2023\/10\/vvggtt-1024x568.jpg 1024w, https:\/\/vacationvillas.es\/wp-content\/uploads\/2023\/10\/vvggtt-300x167.jpg 300w, https:\/\/vacationvillas.es\/wp-content\/uploads\/2023\/10\/vvggtt-768x426.jpg 768w, https:\/\/vacationvillas.es\/wp-content\/uploads\/2023\/10\/vvggtt-1536x853.jpg 1536w, https:\/\/vacationvillas.es\/wp-content\/uploads\/2023\/10\/vvggtt-2048x1137.jpg 2048w, https:\/\/vacationvillas.es\/wp-content\/uploads\/2023\/10\/vvggtt-1081x600.jpg 1081w, https:\/\/vacationvillas.es\/wp-content\/uploads\/2023\/10\/vvggtt-496x275.jpg 496w\" sizes=\"(max-width: 1024px) 100vw, 1024px\" \/>\t\t\t\t\t\t\t\t\t\t\t\t\t\t\t<\/div>\n\t\t\t\t<\/div>\n\t\t\t\t\t<\/div>\n\t\t<\/div>\n\t\t\t\t\t<\/div>\n\t\t<\/section>\n\t\t\t\t<div class=\"elementor-element elementor-element-2679b14 elementor-widget elementor-widget-spacer\" data-id=\"2679b14\" data-element_type=\"widget\" data-widget_type=\"spacer.default\">\n\t\t\t\t<div class=\"elementor-widget-container\">\n\t\t\t\t\t\t\t<div class=\"elementor-spacer\">\n\t\t\t<div class=\"elementor-spacer-inner\"><\/div>\n\t\t<\/div>\n\t\t\t\t\t\t<\/div>\n\t\t\t\t<\/div>\n\t\t\t\t\t<\/div>\n\t\t<\/div>\n\t\t\t\t\t<\/div>\n\t\t<\/section>\n\t\t\t\t<\/div>\n\t\t","protected":false},"excerpt":{"rendered":"<p>Services Services de gestion immobili\u00e8re Depuis 1999, Vacation Villas g\u00e8re des locations de vacances pour des propri\u00e9taires de villas et d&#8217;appartements de qualit\u00e9 dans les r\u00e9gions de Javea, Denia, La Sella et Pedreguer, sur la Costa Blanca, en s&#8217;adaptant avec succ\u00e8s \u00e0 un environnement marketing et \u00e0 une client\u00e8le en rapide \u00e9volution. Avec un bureau [&hellip;]<\/p>\n","protected":false},"author":1,"featured_media":0,"parent":0,"menu_order":0,"comment_status":"closed","ping_status":"closed","template":"elementor_header_footer","meta":{"footnotes":""},"class_list":["post-9910","page","type-page","status-publish","hentry"],"_links":{"self":[{"href":"https:\/\/vacationvillas.es\/fr\/wp-json\/wp\/v2\/pages\/9910","targetHints":{"allow":["GET"]}}],"collection":[{"href":"https:\/\/vacationvillas.es\/fr\/wp-json\/wp\/v2\/pages"}],"about":[{"href":"https:\/\/vacationvillas.es\/fr\/wp-json\/wp\/v2\/types\/page"}],"author":[{"embeddable":true,"href":"https:\/\/vacationvillas.es\/fr\/wp-json\/wp\/v2\/users\/1"}],"replies":[{"embeddable":true,"href":"https:\/\/vacationvillas.es\/fr\/wp-json\/wp\/v2\/comments?post=9910"}],"version-history":[{"count":4,"href":"https:\/\/vacationvillas.es\/fr\/wp-json\/wp\/v2\/pages\/9910\/revisions"}],"predecessor-version":[{"id":12185,"href":"https:\/\/vacationvillas.es\/fr\/wp-json\/wp\/v2\/pages\/9910\/revisions\/12185"}],"wp:attachment":[{"href":"https:\/\/vacationvillas.es\/fr\/wp-json\/wp\/v2\/media?parent=9910"}],"curies":[{"name":"wp","href":"https:\/\/api.w.org\/{rel}","templated":true}]}}