{"id":9941,"date":"2023-05-17T14:30:55","date_gmt":"2023-05-17T12:30:55","guid":{"rendered":"https:\/informations-sur-la-region\/"},"modified":"2025-01-26T11:39:52","modified_gmt":"2025-01-26T10:39:52","slug":"informations-sur-la-region","status":"publish","type":"page","link":"https:\/\/vacationvillas.es\/fr\/informations-sur-la-region\/","title":{"rendered":"Informations sur la r\u00e9gion"},"content":{"rendered":"\t\t<div data-elementor-type=\"wp-page\" data-elementor-id=\"9941\" class=\"elementor elementor-9941 elementor-8286\">\n\t\t\t\t\t\t<section class=\"elementor-section elementor-top-section elementor-element elementor-element-62ae60c elementor-section-height-min-height elementor-section-boxed elementor-section-height-default elementor-section-items-middle\" data-id=\"62ae60c\" data-element_type=\"section\" data-settings=\"{&quot;background_background&quot;:&quot;classic&quot;,&quot;shape_divider_bottom&quot;:&quot;opacity-tilt&quot;}\">\n\t\t\t\t\t<div class=\"elementor-shape elementor-shape-bottom\" aria-hidden=\"true\" data-negative=\"false\">\n\t\t\t<svg xmlns=\"http:\/\/www.w3.org\/2000\/svg\" viewBox=\"0 0 2600 131.1\" preserveAspectRatio=\"none\">\n\t<path class=\"elementor-shape-fill\" d=\"M0 0L2600 0 2600 69.1 0 0z\"\/>\n\t<path class=\"elementor-shape-fill\" style=\"opacity:0.5\" d=\"M0 0L2600 0 2600 69.1 0 69.1z\"\/>\n\t<path class=\"elementor-shape-fill\" style=\"opacity:0.25\" d=\"M2600 0L0 0 0 130.1 2600 69.1z\"\/>\n<\/svg>\t\t<\/div>\n\t\t\t\t\t<div class=\"elementor-container elementor-column-gap-default\">\n\t\t\t\t\t<div class=\"elementor-column elementor-col-100 elementor-top-column elementor-element elementor-element-a28234d\" data-id=\"a28234d\" data-element_type=\"column\">\n\t\t\t<div class=\"elementor-widget-wrap elementor-element-populated\">\n\t\t\t\t\t\t<div class=\"elementor-element elementor-element-5e3816a elementor-widget elementor-widget-heading\" data-id=\"5e3816a\" data-element_type=\"widget\" data-widget_type=\"heading.default\">\n\t\t\t\t<div class=\"elementor-widget-container\">\n\t\t\t\t\t<h2 class=\"elementor-heading-title elementor-size-xxl\">Informations sur la r\u00e9gion<\/h2>\t\t\t\t<\/div>\n\t\t\t\t<\/div>\n\t\t\t\t\t<\/div>\n\t\t<\/div>\n\t\t\t\t\t<\/div>\n\t\t<\/section>\n\t\t\t\t<section class=\"elementor-section elementor-top-section elementor-element elementor-element-962700f elementor-section-boxed elementor-section-height-default elementor-section-height-default\" data-id=\"962700f\" data-element_type=\"section\">\n\t\t\t\t\t\t<div class=\"elementor-container elementor-column-gap-default\">\n\t\t\t\t\t<div class=\"elementor-column elementor-col-50 elementor-top-column elementor-element elementor-element-9321532\" data-id=\"9321532\" data-element_type=\"column\">\n\t\t\t<div class=\"elementor-widget-wrap elementor-element-populated\">\n\t\t\t\t\t\t<div class=\"elementor-element elementor-element-81bf50a elementor-widget elementor-widget-heading\" data-id=\"81bf50a\" data-element_type=\"widget\" data-widget_type=\"heading.default\">\n\t\t\t\t<div class=\"elementor-widget-container\">\n\t\t\t\t\t<h2 class=\"elementor-heading-title elementor-size-default\">D\u00e9nia<\/h2>\t\t\t\t<\/div>\n\t\t\t\t<\/div>\n\t\t\t\t<div class=\"elementor-element elementor-element-6236701 elementor-widget elementor-widget-text-editor\" data-id=\"6236701\" data-element_type=\"widget\" data-widget_type=\"text-editor.default\">\n\t\t\t\t<div class=\"elementor-widget-container\">\n\t\t\t\t\t\t\t\t\t<p>Denia est une station baln\u00e9aire de la Costa Blanca o\u00f9 nous avons des villas \u00e0 louer dans la campagne et quelques appartements au bord de la mer. Il s&#8217;agit d&#8217;une ancienne ville-ch\u00e2teau avec une rue principale bord\u00e9e d&#8217;arbres ombrag\u00e9s o\u00f9 l&#8217;on peut faire du shopping et manger dans des bars \u00e0 tapas ou des restaurants. Juste \u00e0 c\u00f4t\u00e9 de cette rue, il y a m\u00eame un bar irlandais si vous aimez la Guinness ! La plage s&#8217;\u00e9tend de Las Rotas jusqu&#8217;\u00e0 Las Marinas. Passez du temps sur le port \u00e0 regarder le monde passer tout en d\u00e9gustant un caf\u00e9 ou une boisson. Ou pourquoi ne pas visiter la c\u00e9l\u00e8bre all\u00e9e de tapas o\u00f9 vous pourrez d\u00e9guster les saveurs de l&#8217;Espagne.<\/p>\n\t\t\t\t\t\t\t\t<\/div>\n\t\t\t\t<\/div>\n\t\t\t\t<div class=\"elementor-element elementor-element-d65506b elementor-mobile-align-justify elementor-widget elementor-widget-button\" data-id=\"d65506b\" data-element_type=\"widget\" data-widget_type=\"button.default\">\n\t\t\t\t<div class=\"elementor-widget-container\">\n\t\t\t\t\t\t\t\t\t<div class=\"elementor-button-wrapper\">\n\t\t\t\t\t<a class=\"elementor-button elementor-button-link elementor-size-sm\" href=\"https:\/fr\/pourquoi-denia-est-lendroit-ideal-pour-votre-residence-secondaire\/\">\n\t\t\t\t\t\t<span class=\"elementor-button-content-wrapper\">\n\t\t\t\t\t\t\t\t\t<span class=\"elementor-button-text\">En savoir plus sur Denia<\/span>\n\t\t\t\t\t<\/span>\n\t\t\t\t\t<\/a>\n\t\t\t\t<\/div>\n\t\t\t\t\t\t\t\t<\/div>\n\t\t\t\t<\/div>\n\t\t\t\t\t<\/div>\n\t\t<\/div>\n\t\t\t\t<div class=\"elementor-column elementor-col-50 elementor-top-column elementor-element elementor-element-b68dadc\" data-id=\"b68dadc\" data-element_type=\"column\">\n\t\t\t<div class=\"elementor-widget-wrap elementor-element-populated\">\n\t\t\t\t\t\t<div class=\"elementor-element elementor-element-2aadd77 elementor-widget elementor-widget-video\" data-id=\"2aadd77\" data-element_type=\"widget\" data-settings=\"{&quot;youtube_url&quot;:&quot;https:\\\/\\\/www.youtube.com\\\/watch?v=5_SvR1M0ZO8&amp;list=PL2j_Qebj0DXjRKV2Kxu8tpq5XdlK5npH-&amp;index=87&quot;,&quot;yt_privacy&quot;:&quot;yes&quot;,&quot;video_type&quot;:&quot;youtube&quot;,&quot;controls&quot;:&quot;yes&quot;}\" data-widget_type=\"video.default\">\n\t\t\t\t<div class=\"elementor-widget-container\">\n\t\t\t\t\t\t\t<div class=\"elementor-wrapper elementor-open-inline\">\n\t\t\t<div class=\"elementor-video\"><\/div>\t\t<\/div>\n\t\t\t\t\t\t<\/div>\n\t\t\t\t<\/div>\n\t\t\t\t\t<\/div>\n\t\t<\/div>\n\t\t\t\t\t<\/div>\n\t\t<\/section>\n\t\t\t\t<section class=\"elementor-section elementor-top-section elementor-element elementor-element-3fe57c5 elementor-reverse-mobile elementor-section-boxed elementor-section-height-default elementor-section-height-default\" data-id=\"3fe57c5\" data-element_type=\"section\">\n\t\t\t\t\t\t<div class=\"elementor-container elementor-column-gap-default\">\n\t\t\t\t\t<div class=\"elementor-column elementor-col-50 elementor-top-column elementor-element elementor-element-21689ec\" data-id=\"21689ec\" data-element_type=\"column\" data-settings=\"{&quot;background_background&quot;:&quot;classic&quot;}\">\n\t\t\t<div class=\"elementor-widget-wrap elementor-element-populated\">\n\t\t\t\t\t\t<div class=\"elementor-element elementor-element-8c14399 elementor-widget elementor-widget-spacer\" data-id=\"8c14399\" data-element_type=\"widget\" data-widget_type=\"spacer.default\">\n\t\t\t\t<div class=\"elementor-widget-container\">\n\t\t\t\t\t\t\t<div class=\"elementor-spacer\">\n\t\t\t<div class=\"elementor-spacer-inner\"><\/div>\n\t\t<\/div>\n\t\t\t\t\t\t<\/div>\n\t\t\t\t<\/div>\n\t\t\t\t\t<\/div>\n\t\t<\/div>\n\t\t\t\t<div class=\"elementor-column elementor-col-50 elementor-top-column elementor-element elementor-element-dcd3ba1\" data-id=\"dcd3ba1\" data-element_type=\"column\">\n\t\t\t<div class=\"elementor-widget-wrap elementor-element-populated\">\n\t\t\t\t\t\t<div class=\"elementor-element elementor-element-f28238a elementor-widget elementor-widget-heading\" data-id=\"f28238a\" data-element_type=\"widget\" data-widget_type=\"heading.default\">\n\t\t\t\t<div class=\"elementor-widget-container\">\n\t\t\t\t\t<h2 class=\"elementor-heading-title elementor-size-default\">La Sella<\/h2>\t\t\t\t<\/div>\n\t\t\t\t<\/div>\n\t\t\t\t<div class=\"elementor-element elementor-element-5ec8c8f elementor-widget elementor-widget-text-editor\" data-id=\"5ec8c8f\" data-element_type=\"widget\" data-widget_type=\"text-editor.default\">\n\t\t\t\t<div class=\"elementor-widget-container\">\n\t\t\t\t\t\t\t\t\t<p>Le quartier r\u00e9sidentiel exclusif et tranquille de La Sella, \u00e0 10 minutes de route de Denia, offre un vaste choix de propri\u00e9t\u00e9s de location de vacances, des appartements d&#8217;une chambre aux villas de cinq chambres avec piscine.<\/p>\n<p>R\u00e9put\u00e9 dans le monde du golf pour La Sella Golf Resort, les amateurs de golf peuvent profiter d&#8217;un parcours de 27 trous, prendre des le\u00e7ons de perfectionnement ou r\u00e9server une le\u00e7on de golf pour d\u00e9butants \u00e0 l&#8217;acad\u00e9mie de golf professionnelle. Tout cela avant de vous d\u00e9tendre dans l&#8217;une de nos luxueuses villas ou appartements de location de La Sella, \u00e0 quelques pas du terrain de golf.<\/p>\n<p>Tout en profitant d&#8217;une location de vacances \u00e0 La Sella, les clients peuvent \u00e9galement se d\u00e9tendre en jouant au tennis sur les courts de tennis voisins, faire de l&#8217;\u00e9quitation au centre \u00e9questre Equus, situ\u00e9 dans l&#8217;urbanisation de La Sella, profiter d&#8217;un traitement de luxe au spa de l&#8217;h\u00f4tel Marriott (5 \u00e9toiles) et faire des promenades paisibles dans le parc national du Montgo, situ\u00e9 \u00e0 5 minutes.<\/p>\n<p>Louez une villa \u00e0 La Sella et vous ne serez jamais loin de quelque chose \u00e0 faire pendant vos vacances sur la Costa Blanca. Le style de vie cosmopolite et les plages de sable de la ville espagnole anim\u00e9e de Denia ne sont qu&#8217;\u00e0 une courte distance en voiture et la culture espagnole traditionnelle du village de Jesus Pobre se trouve \u00e0 quelques minutes de La Sella.<\/p>\t\t\t\t\t\t\t\t<\/div>\n\t\t\t\t<\/div>\n\t\t\t\t\t<\/div>\n\t\t<\/div>\n\t\t\t\t\t<\/div>\n\t\t<\/section>\n\t\t\t\t<section class=\"elementor-section elementor-top-section elementor-element elementor-element-5b4fce3 elementor-section-boxed elementor-section-height-default elementor-section-height-default\" data-id=\"5b4fce3\" data-element_type=\"section\">\n\t\t\t\t\t\t<div class=\"elementor-container elementor-column-gap-default\">\n\t\t\t\t\t<div class=\"elementor-column elementor-col-50 elementor-top-column elementor-element elementor-element-d0cd409\" data-id=\"d0cd409\" data-element_type=\"column\">\n\t\t\t<div class=\"elementor-widget-wrap elementor-element-populated\">\n\t\t\t\t\t\t<div class=\"elementor-element elementor-element-935b2bd elementor-widget elementor-widget-heading\" data-id=\"935b2bd\" data-element_type=\"widget\" data-widget_type=\"heading.default\">\n\t\t\t\t<div class=\"elementor-widget-container\">\n\t\t\t\t\t<h2 class=\"elementor-heading-title elementor-size-default\">Javea<\/h2>\t\t\t\t<\/div>\n\t\t\t\t<\/div>\n\t\t\t\t<div class=\"elementor-element elementor-element-9021f25 elementor-widget elementor-widget-text-editor\" data-id=\"9021f25\" data-element_type=\"widget\" data-widget_type=\"text-editor.default\">\n\t\t\t\t<div class=\"elementor-widget-container\">\n\t\t\t\t\t\t\t\t\t<p>Javea est depuis longtemps un lieu de vill\u00e9giature privil\u00e9gi\u00e9 pour la location de villas. Elle est tr\u00e8s jolie et se compose de l&#8217;Arenal, du port et de la vieille ville. L&#8217;Arenal dispose d&#8217;une longue plage de sable avec de nombreux restaurants et bars. Sur la plage, il est possible de louer des chaises longues et des parasols. Le port compte de nombreuses boutiques et des caf\u00e9s sur les trottoirs qui donnent sur la mer. La vieille ville, avec ses bars locaux et ses rues \u00e9troites, vaut \u00e9galement la peine d&#8217;\u00eatre visit\u00e9e. La plupart de nos villas \u00e0 louer \u00e0 Javea sont situ\u00e9es dans les collines environnantes ou \u00e0 proximit\u00e9 du terrain de golf.<\/p>\n\t\t\t\t\t\t\t\t<\/div>\n\t\t\t\t<\/div>\n\t\t\t\t<div class=\"elementor-element elementor-element-ca878ff elementor-mobile-align-justify elementor-widget elementor-widget-button\" data-id=\"ca878ff\" data-element_type=\"widget\" data-widget_type=\"button.default\">\n\t\t\t\t<div class=\"elementor-widget-container\">\n\t\t\t\t\t\t\t\t\t<div class=\"elementor-button-wrapper\">\n\t\t\t\t\t<a class=\"elementor-button elementor-button-link elementor-size-sm\" href=\"https:\/exploring-the-arenal-port-and-old-town-of-javea-a-guide-for-villa-renters\/\">\n\t\t\t\t\t\t<span class=\"elementor-button-content-wrapper\">\n\t\t\t\t\t\t\t\t\t<span class=\"elementor-button-text\">En savoir plus sur Javea<\/span>\n\t\t\t\t\t<\/span>\n\t\t\t\t\t<\/a>\n\t\t\t\t<\/div>\n\t\t\t\t\t\t\t\t<\/div>\n\t\t\t\t<\/div>\n\t\t\t\t\t<\/div>\n\t\t<\/div>\n\t\t\t\t<div class=\"elementor-column elementor-col-50 elementor-top-column elementor-element elementor-element-f6fd1bb\" data-id=\"f6fd1bb\" data-element_type=\"column\">\n\t\t\t<div class=\"elementor-widget-wrap elementor-element-populated\">\n\t\t\t\t\t\t<div class=\"elementor-element elementor-element-c28a318 elementor-widget elementor-widget-video\" data-id=\"c28a318\" data-element_type=\"widget\" data-settings=\"{&quot;youtube_url&quot;:&quot;https:\\\/\\\/www.youtube.com\\\/watch?v=lTFqpQyPhds&quot;,&quot;yt_privacy&quot;:&quot;yes&quot;,&quot;video_type&quot;:&quot;youtube&quot;,&quot;controls&quot;:&quot;yes&quot;}\" data-widget_type=\"video.default\">\n\t\t\t\t<div class=\"elementor-widget-container\">\n\t\t\t\t\t\t\t<div class=\"elementor-wrapper elementor-open-inline\">\n\t\t\t<div class=\"elementor-video\"><\/div>\t\t<\/div>\n\t\t\t\t\t\t<\/div>\n\t\t\t\t<\/div>\n\t\t\t\t\t<\/div>\n\t\t<\/div>\n\t\t\t\t\t<\/div>\n\t\t<\/section>\n\t\t\t\t<\/div>\n\t\t","protected":false},"excerpt":{"rendered":"<p>Informations sur la r\u00e9gion D\u00e9nia Denia est une station baln\u00e9aire de la Costa Blanca o\u00f9 nous avons des villas \u00e0 louer dans la campagne et quelques appartements au bord de la mer. Il s&#8217;agit d&#8217;une ancienne ville-ch\u00e2teau avec une rue principale bord\u00e9e d&#8217;arbres ombrag\u00e9s o\u00f9 l&#8217;on peut faire du shopping et manger dans des bars [&hellip;]<\/p>\n","protected":false},"author":1,"featured_media":0,"parent":0,"menu_order":0,"comment_status":"closed","ping_status":"closed","template":"elementor_header_footer","meta":{"footnotes":""},"class_list":["post-9941","page","type-page","status-publish","hentry"],"_links":{"self":[{"href":"https:\/\/vacationvillas.es\/fr\/wp-json\/wp\/v2\/pages\/9941","targetHints":{"allow":["GET"]}}],"collection":[{"href":"https:\/\/vacationvillas.es\/fr\/wp-json\/wp\/v2\/pages"}],"about":[{"href":"https:\/\/vacationvillas.es\/fr\/wp-json\/wp\/v2\/types\/page"}],"author":[{"embeddable":true,"href":"https:\/\/vacationvillas.es\/fr\/wp-json\/wp\/v2\/users\/1"}],"replies":[{"embeddable":true,"href":"https:\/\/vacationvillas.es\/fr\/wp-json\/wp\/v2\/comments?post=9941"}],"version-history":[{"count":6,"href":"https:\/\/vacationvillas.es\/fr\/wp-json\/wp\/v2\/pages\/9941\/revisions"}],"predecessor-version":[{"id":20936,"href":"https:\/\/vacationvillas.es\/fr\/wp-json\/wp\/v2\/pages\/9941\/revisions\/20936"}],"wp:attachment":[{"href":"https:\/\/vacationvillas.es\/fr\/wp-json\/wp\/v2\/media?parent=9941"}],"curies":[{"name":"wp","href":"https:\/\/api.w.org\/{rel}","templated":true}]}}