{"id":9891,"date":"2023-06-22T18:20:43","date_gmt":"2023-06-22T18:20:43","guid":{"rendered":"https:\/wettelijke-kennisgeving\/"},"modified":"2023-07-25T18:07:03","modified_gmt":"2023-07-25T18:07:03","slug":"wettelijke-kennisgeving","status":"publish","type":"page","link":"https:\/\/vacationvillas.es\/nl\/wettelijke-kennisgeving\/","title":{"rendered":"Wettelijke kennisgeving"},"content":{"rendered":"\n<h3 class=\"wp-block-heading\">DENTIFICATIE<\/h3>\n\n<p>En cumplimiento de la Ley 34\/2002, de 11 de julio, de servicios de la sociedad de la informaci\u00f3n y de comercio electr\u00f3nico, le informamos que esta p\u00e1gina web pertenece a:<\/p>\n\n<h3 class=\"wp-block-heading\">ALGEMENE GEBRUIKSVOORWAARDEN.<\/h3>\n\n<p>www.vacationvillasspain.com informa que el acceso y uso de la presente p\u00e1gina Web, as\u00ed como de los servicios y\/o contenidos que a trav\u00e9s de ella se obtengan o se puedan obtener, est\u00e1n sujetos a los t\u00e9rminos que se detallan en este Aviso Legal.<\/p>\n\n<p>Por ello, si las consideraciones detalladas a continuaci\u00f3n no son de su conformidad, rogamos no haga uso de la presente p\u00e1gina Web, ya que cualquier uso que haga de los mismos o de los contenidos y\/o servicios en ellos incluidos, implicar\u00e1 la aceptaci\u00f3n de los t\u00e9rminos legales recogidos en este texto<\/p>\n\n<p>La navegaci\u00f3n por el sitio web de www.vacationvillasspain.com atribuye la condici\u00f3n de usuario del mismo e implica la aceptaci\u00f3n plena y sin reservas de todas y cada una de las disposiciones incluidas en este Aviso Legal, que pueden sufrir modificaciones.<\/p>\n\n<p>De gebruiker is verplicht om de site correct te gebruiken in overeenstemming met de wet, de goede zeden, de openbare orde, het gebruik van persoonsgegevens en deze juridische voorwaarden. El usuario responder\u00e1 frente a www.vacationvillasspain.com o frente a terceros, de cualesquiera da\u00f1os y perjuicios que pudieran causarse como consecuencia del incumplimiento de dicha obligaci\u00f3n.<\/p>\n\n<p>www.vacationvillasspain.com, se reserva el derecho a realizar cambios en la p\u00e1gina Web sin previo aviso, con el objeto de actualizar, corregir, modificar, a\u00f1adir o eliminar los contenidos de la misma. Por lo que las condiciones y t\u00e9rminos que se recogen en este apartado, pueden variar en cualquier momento. Daarom nodigen wij u uit deze termen te herzien wanneer u deze website opnieuw bezoekt. Dicha modificaci\u00f3n ser\u00e1 de aplicaci\u00f3n desde el momento en que est\u00e9 a disposici\u00f3n de los Usuarios.<\/p>\n\n<p>www.vacationvillasspain.com is niet verantwoordelijk voor de schade die de Gebruiker kan veroorzaken door een foutief of onoordeelkundig gebruik in relaties met derden, dit is de enige en exclusieve verantwoordelijkheid van de Gebruiker. Bovendien, www.vacationvillasspain.com, is het in geen enkel geval mogelijk om aansprakelijk te zijn voor de schade die kan ontstaan door natuurrampen, bijvoorbeeld als gevolg van de overdracht van een virus of kwaadaardige programma&#8217;s, ondanks het feit dat we de nodige technische maatregelen hebben genomen om dit te voorkomen.<\/p>\n\n<p>El Usuario, se compromete a no utilizar la p\u00e1gina Web de www.vacationvillasspain.com de forma contraria a lo dispuesto por la legislaci\u00f3n vigente.<\/p>\n\n<p>Indien de Gebruiker besluit deze Aviso Legal niet te accepteren, dient hij zich te onthouden van toegang tot en\/of gebruik van de inhoud en\/of diensten die www.vacationvillasspain.com aanbiedt via zijn website.<\/p>\n\n<h3 class=\"wp-block-heading\">TOEGANG EN GEBRUIK<\/h3>\n\n<p>El acceso a nuestra Web es libre y gratuito, salvo en lo relativo al coste de conexi\u00f3n de la red de telecomunicaciones suministrada por el operador contratado por cada usuario.<\/p>\n\n<p>Eenvoudige toegang tot het web is geen commerci\u00eble relatie tussen www.vacationvillasspain.com en de gebruiker.<\/p>\n\n<p>De gebruiker garandeert de authenticiteit en actualiteit van alle gegevens die hij doorstuurt en is als enige verantwoordelijk voor onjuiste of onnauwkeurige gegevens.<\/p>\n\n<p>El usuario se compromete expresamente a hacer un uso adecuado de los contenidos y servicios de www.vacationvillasspain.com y a no emplearlos para, entre otros:<\/p>\n\n<ul class=\"wp-block-list\">\n<li>a) Het verspreiden van inhoud, delictivos, violentos, pornogr\u00e1ficos, racistas, xen\u00f3fobo, ofensivos, de apolog\u00eda del terrorismo of, in het algemeen, contrarios a la ley or al orden p\u00fablico.<\/li>\n\n\n\n<li>b) informaticavirussen te introduceren of handelingen te verrichten die kunnen leiden tot wijziging, vervorming, verstoring of fouten of beschadiging van elektronische documenten, gegevens of f\u00edsieke of logische systemen van www.vacationvillasspain.com of de terceras personas; as\u00ed como obstaculizar el acceso de otros usuarios al sitio web y a sus servicios mediante el consumo masivo de los recursos inform\u00e1ticos a trav\u00e9s de los cuales www.vacationvillasspain.com presta sus servicios.<\/li>\n\n\n\n<li>c) De intellectuele of industri\u00eble eigendomsrechten schenden, evenals de vertrouwelijkheid van de informatie van www.vacationvillasspain.com of van derden.<\/li>\n\n\n\n<li>d) het reproduceren, kopi\u00ebren, distribueren, ter beschikking stellen of op enigerlei andere wijze openbaar maken, transformeren of wijzigen van de inhoud, voor zover dit overeenkomt met de autorisatie van de rechthebbende of wettelijk is toegestaan.<\/li>\n\n\n\n<li>e) gegevens op te vragen met het oog op publiciteit en publiciteit te verspreiden in welke vorm dan ook en communicatie met commerci\u00eble doeleinden of andere natuurlijke handelsdoeleinden te verspreiden zonder voorafgaand verzoek of toestemming.<\/li>\n<\/ul>\n\n<h3 class=\"wp-block-heading\">INTELLECTUEEL EIGENDOM<\/h3>\n\n<p>www.vacationvillasspain.com, por si o como cesionario, es titular de todos los derechos de propiedad intelectual e industrial de su sitio Web, as\u00ed como de los elementos contenidos en el mismo (a t\u00edtulo enunciativo, im\u00e1genes, texto, marcas o logotipos, combinaciones de colores, estructura y dise\u00f1o) titularidad de la misma o de sus licenciantes. Alle rechten voorbehouden.<\/p>\n\n<p>Quedan expresamente prohibidas la reproducci\u00f3n, la transformaci\u00f3n, la distribuci\u00f3n y la comunicaci\u00f3n p\u00fablica, incluida su modalidad de puesta a disposici\u00f3n, de la totalidad o parte de los contenidos de este sitio Web, con fines comerciales, en cualquier soporte y por cualquier medio t\u00e9cnico, sin la autorizaci\u00f3n previa y por escrito de www.vacationvillasspain.com . El incumplimiento de lo anterior, facultar\u00e1 a www.vacationvillasspain.com para interponer las acciones legales pertinentes.<\/p>\n\n<p>De gebruiker verplicht zich tot het respecteren van de intellectuele en industri\u00eble eigendomsrechten van www.vacationvillasspain.com, als eigenaar of als cessionaris. U kunt de elementen van het webportaal visualiseren, maar ook afdrukken, kopi\u00ebren en opslaan in de disc duro de uw ordenador of op een andere harde schijf, altijd en uitsluitend voor persoonlijk en priv\u00e9gebruik. La distribuci\u00f3n, modificaci\u00f3n, cesi\u00f3n o comunicaci\u00f3n p\u00fablica de los contenidos y cualquier otro acto que no ha sido expresamente autorizado por el titular de los derechos de explotaci\u00f3n quedan prohibidos.<\/p>\n\n<h3 class=\"wp-block-heading\">HIPERENLACES<\/h3>\n\n<p>El establecimiento de un hiperenlace no implica en ning\u00fan caso la existencia de relaciones entre www.vacationvillasspain.com y el propietario del sitio web en la que se establezca, ni la aceptaci\u00f3n y aprobaci\u00f3n por parte de www.vacationvillasspain.com de sus contenidos o servicios. Aquellas personas que se propongan establecer un hiperenlace previamente deber\u00e1n solicitar autorizaci\u00f3n por escrito a www.vacationvillasspain.com.<\/p>\n\n<h3 class=\"wp-block-heading\">GARANTIES EN VERANTWOORDELIJKHEID<\/h3>\n\n<p>www.vacationvillasspain.com excluye, hasta donde permite el ordenamiento jur\u00eddico, cualquier responsabilidad por los da\u00f1os y perjuicios de toda naturaleza derivados de:<\/p>\n\n<ul class=\"wp-block-list\">\n<li>a) La imposibilidad de acceso al sitio web o la falta de veracidad, exactitud, exhaustividad y\/o actualidad de los contenidos, as\u00ed como la existencia de vicios y defectos de toda clase de los contenidos transmitidos, difundidos, almacenados, puestos a disposici\u00f3n a los que se haya accedido a trav\u00e9s del sitio web o de los servicios que se ofrecen.<\/li>\n\n\n\n<li>b) De aanwezigheid van virussen of andere elementen in de inhoud die wijzigingen kunnen veroorzaken in de informaticasystemen, elektronische documenten of gegevens van de gebruikers.<\/li>\n\n\n\n<li>c) El incumpliento de las leyes, la buena feza, el orden p\u00fablico, los usos del tr\u00e1fico y el presente aviso legal como consecuencia del uso incorrecto del sitio web. In het bijzonder, en bij wijze van voorbeeld, is www.vacationvillasspain.com niet verantwoordelijk voor de handelingen van derden die de eigendomsrechten op intellectueel en industrieel gebied, bedrijfsgeheimen, eer, persoonlijke en familiale intimiteit en het eigen imago kunnen aantasten, evenals de normen op het gebied van concurrentie en publiciteit.<\/li>\n<\/ul>\n\n<p>Evenzo wijst www.vacationvillasspain.com elke verantwoordelijkheid af met betrekking tot de informatie die buiten deze website wordt geplaatst en niet direct door onze webmaster wordt beheerd. La funci\u00f3n de los links que aparecen en esta web es exclusivamente la de informar al usuario sobre la existencia de otras fuentes susceptibles de ampliar los contenidos que ofrece este sitio web. www.vacationvillasspain.com garandeert noch is verantwoordelijk voor het functioneren of de toegankelijkheid van de sites.<\/p>\n\n<h3 class=\"wp-block-heading\">JURISDICCI\u00d3N<\/h3>\n\n<p>La ley aplicable en caso de disputa o conflicto de interpretaci\u00f3n de los t\u00e9rminos que conforman el presente Aviso Legal, as\u00ed como de cualquier cuesti\u00f3n relacionada con los servicios y\/o contenidos albergados en la presente p\u00e1gina Web, ser\u00e1 la ley espa\u00f1ola.<\/p>\n\n<p>Para la resoluci\u00f3n de cualquier conflicto que puede surgir con ocasi\u00f3n de la utilizaci\u00f3n y acceso a la Web y\/o a los servicios o contenidos que en ella se puedan ofertar, www.vacationvillasspain.com y el usuario acuerdan someterse a los Juzgados y Tribunales competentes seg\u00fan la Ley.<\/p>\n","protected":false},"excerpt":{"rendered":"<p>DENTIFICATIE En cumplimiento de la Ley 34\/2002, de 11 de julio, de servicios de la sociedad de la informaci\u00f3n y de comercio electr\u00f3nico, le informamos que esta p\u00e1gina web pertenece a: ALGEMENE GEBRUIKSVOORWAARDEN. www.vacationvillasspain.com informa que el acceso y uso de la presente p\u00e1gina Web, as\u00ed como de los servicios y\/o contenidos que a trav\u00e9s [&hellip;]<\/p>\n","protected":false},"author":1,"featured_media":0,"parent":0,"menu_order":0,"comment_status":"closed","ping_status":"closed","template":"","meta":{"footnotes":""},"class_list":["post-9891","page","type-page","status-publish","hentry"],"_links":{"self":[{"href":"https:\/\/vacationvillas.es\/nl\/wp-json\/wp\/v2\/pages\/9891","targetHints":{"allow":["GET"]}}],"collection":[{"href":"https:\/\/vacationvillas.es\/nl\/wp-json\/wp\/v2\/pages"}],"about":[{"href":"https:\/\/vacationvillas.es\/nl\/wp-json\/wp\/v2\/types\/page"}],"author":[{"embeddable":true,"href":"https:\/\/vacationvillas.es\/nl\/wp-json\/wp\/v2\/users\/1"}],"replies":[{"embeddable":true,"href":"https:\/\/vacationvillas.es\/nl\/wp-json\/wp\/v2\/comments?post=9891"}],"version-history":[{"count":1,"href":"https:\/\/vacationvillas.es\/nl\/wp-json\/wp\/v2\/pages\/9891\/revisions"}],"predecessor-version":[{"id":9892,"href":"https:\/\/vacationvillas.es\/nl\/wp-json\/wp\/v2\/pages\/9891\/revisions\/9892"}],"wp:attachment":[{"href":"https:\/\/vacationvillas.es\/nl\/wp-json\/wp\/v2\/media?parent=9891"}],"curies":[{"name":"wp","href":"https:\/\/api.w.org\/{rel}","templated":true}]}}