{"id":9999,"date":"2016-03-10T14:36:36","date_gmt":"2016-03-10T13:36:36","guid":{"rendered":"https:\/over-vacation-villas\/"},"modified":"2025-01-26T11:40:48","modified_gmt":"2025-01-26T10:40:48","slug":"over-vacation-villas","status":"publish","type":"page","link":"https:\/\/vacationvillas.es\/nl\/over-vacation-villas\/","title":{"rendered":"Over Vacation Villas"},"content":{"rendered":"\t\t<div data-elementor-type=\"wp-post\" data-elementor-id=\"9999\" class=\"elementor elementor-9999 elementor-692\">\n\t\t\t\t\t\t<section class=\"elementor-section elementor-top-section elementor-element elementor-element-eedba77 elementor-section-height-min-height animated-slow elementor-section-boxed elementor-section-height-default elementor-section-items-middle elementor-invisible\" data-id=\"eedba77\" data-element_type=\"section\" data-settings=\"{&quot;background_background&quot;:&quot;classic&quot;,&quot;animation&quot;:&quot;fadeIn&quot;,&quot;shape_divider_bottom&quot;:&quot;opacity-tilt&quot;}\">\n\t\t\t\t\t\t\t<div class=\"elementor-background-overlay\"><\/div>\n\t\t\t\t\t\t<div class=\"elementor-shape elementor-shape-bottom\" aria-hidden=\"true\" data-negative=\"false\">\n\t\t\t<svg xmlns=\"http:\/\/www.w3.org\/2000\/svg\" viewBox=\"0 0 2600 131.1\" preserveAspectRatio=\"none\">\n\t<path class=\"elementor-shape-fill\" d=\"M0 0L2600 0 2600 69.1 0 0z\"\/>\n\t<path class=\"elementor-shape-fill\" style=\"opacity:0.5\" d=\"M0 0L2600 0 2600 69.1 0 69.1z\"\/>\n\t<path class=\"elementor-shape-fill\" style=\"opacity:0.25\" d=\"M2600 0L0 0 0 130.1 2600 69.1z\"\/>\n<\/svg>\t\t<\/div>\n\t\t\t\t\t<div class=\"elementor-container elementor-column-gap-default\">\n\t\t\t\t\t<div class=\"elementor-column elementor-col-100 elementor-top-column elementor-element elementor-element-239ddbf4\" data-id=\"239ddbf4\" data-element_type=\"column\">\n\t\t\t<div class=\"elementor-widget-wrap elementor-element-populated\">\n\t\t\t\t\t\t<div class=\"elementor-element elementor-element-5af2f4c elementor-widget elementor-widget-heading\" data-id=\"5af2f4c\" data-element_type=\"widget\" data-widget_type=\"heading.default\">\n\t\t\t\t<div class=\"elementor-widget-container\">\n\t\t\t\t\t<h2 class=\"elementor-heading-title elementor-size-xxl\">Over ons<\/h2>\t\t\t\t<\/div>\n\t\t\t\t<\/div>\n\t\t\t\t\t<\/div>\n\t\t<\/div>\n\t\t\t\t\t<\/div>\n\t\t<\/section>\n\t\t\t\t<section class=\"elementor-section elementor-top-section elementor-element elementor-element-52763c3a elementor-section-boxed elementor-section-height-default elementor-section-height-default\" data-id=\"52763c3a\" data-element_type=\"section\" data-settings=\"{&quot;background_background&quot;:&quot;classic&quot;}\">\n\t\t\t\t\t\t<div class=\"elementor-container elementor-column-gap-default\">\n\t\t\t\t\t<div class=\"elementor-column elementor-col-100 elementor-top-column elementor-element elementor-element-1feb9674\" data-id=\"1feb9674\" data-element_type=\"column\">\n\t\t\t<div class=\"elementor-widget-wrap elementor-element-populated\">\n\t\t\t\t\t\t<div class=\"elementor-element elementor-element-690201b6 elementor-widget elementor-widget-spacer\" data-id=\"690201b6\" data-element_type=\"widget\" data-widget_type=\"spacer.default\">\n\t\t\t\t<div class=\"elementor-widget-container\">\n\t\t\t\t\t\t\t<div class=\"elementor-spacer\">\n\t\t\t<div class=\"elementor-spacer-inner\"><\/div>\n\t\t<\/div>\n\t\t\t\t\t\t<\/div>\n\t\t\t\t<\/div>\n\t\t\t\t<div class=\"elementor-element elementor-element-1d156598 elementor-widget elementor-widget-houzez_elementor_section_title\" data-id=\"1d156598\" data-element_type=\"widget\" data-widget_type=\"houzez_elementor_section_title.default\">\n\t\t\t\t<div class=\"elementor-widget-container\">\n\t\t\t\t\t            <div class=\"houzez_section_title_wrap section-title-module\">\n                                    <h2 class=\"houzez_section_title\">Over Vacation Villas\n<\/h2>\n                \n                            <\/div>\n            \t\t\t\t<\/div>\n\t\t\t\t<\/div>\n\t\t\t\t<div class=\"elementor-element elementor-element-dbe1e7d elementor-widget elementor-widget-text-editor\" data-id=\"dbe1e7d\" data-element_type=\"widget\" data-widget_type=\"text-editor.default\">\n\t\t\t\t<div class=\"elementor-widget-container\">\n\t\t\t\t\t\t\t\t\t<p>Vacation Villas is sinds 1999 gevestigd in La Xara tussen Javea en Denia. De eigenaresse Anne-Christine Cl\u00e9ment is trots op de professionele en vriendelijke benadering van alle medewerkers en geeft je graag het voordeel van hun ervaring met het wonen aan de Costa Blanca. Wij zijn er om je alle hulp te bieden bij het vinden van de perfecte vakantiewoning in dit adembenemende deel van Spanje.<\/p>\n\t\t\t\t\t\t\t\t<\/div>\n\t\t\t\t<\/div>\n\t\t\t\t<section class=\"elementor-section elementor-inner-section elementor-element elementor-element-86b260f elementor-section-boxed elementor-section-height-default elementor-section-height-default\" data-id=\"86b260f\" data-element_type=\"section\">\n\t\t\t\t\t\t<div class=\"elementor-container elementor-column-gap-default\">\n\t\t\t\t\t<div class=\"elementor-column elementor-col-50 elementor-inner-column elementor-element elementor-element-ece4c3d\" data-id=\"ece4c3d\" data-element_type=\"column\">\n\t\t\t<div class=\"elementor-widget-wrap elementor-element-populated\">\n\t\t\t\t\t\t<div class=\"elementor-element elementor-element-eeccb13 elementor-widget elementor-widget-text-editor\" data-id=\"eeccb13\" data-element_type=\"widget\" data-widget_type=\"text-editor.default\">\n\t\t\t\t<div class=\"elementor-widget-container\">\n\t\t\t\t\t\t\t\t\t<p>We zullen niet alleen het perfecte vakantiehuis voor je vinden, we zullen er alles aan doen om ervoor te zorgen dat je hier aan de Costa Blanca een heerlijk verblijf zult hebben. We kunnen je vertellen over alle leuke dingen die er te zien en te doen zijn, zoals:<\/p>\n<ul>\n<li>waar de beste stranden zijn<\/li>\n<li>voortreffelijke restaurants om te dineren<\/li>\n<li>Plekken om de kinderen te vermaken<\/li>\n<li>winkelen<\/li>\n<li>lokale markten<\/li>\n<li>hoe je het &#8216;echte Spanje&#8217; kunt ervaren<\/li>\n<li>feesten<\/li>\n<li>golf- en sportfaciliteiten<\/li>\n<li>wandelen en fietsen<\/li>\n<\/ul>\n\t\t\t\t\t\t\t\t<\/div>\n\t\t\t\t<\/div>\n\t\t\t\t\t<\/div>\n\t\t<\/div>\n\t\t\t\t<div class=\"elementor-column elementor-col-50 elementor-inner-column elementor-element elementor-element-ef013dd\" data-id=\"ef013dd\" data-element_type=\"column\">\n\t\t\t<div class=\"elementor-widget-wrap elementor-element-populated\">\n\t\t\t\t\t\t<div class=\"elementor-element elementor-element-4a189dc animated-slow elementor-invisible elementor-widget elementor-widget-image\" data-id=\"4a189dc\" data-element_type=\"widget\" data-settings=\"{&quot;_animation&quot;:&quot;zoomIn&quot;}\" data-widget_type=\"image.default\">\n\t\t\t\t<div class=\"elementor-widget-container\">\n\t\t\t\t\t\t\t\t\t\t\t\t\t\t\t<img fetchpriority=\"high\" decoding=\"async\" width=\"768\" height=\"613\" src=\"https:\/\/vacationvillas.es\/wp-content\/uploads\/2023\/06\/VV-logo-2-768x613.jpg\" class=\"attachment-medium_large size-medium_large wp-image-9526\" alt=\"\" srcset=\"https:\/\/vacationvillas.es\/wp-content\/uploads\/2023\/06\/VV-logo-2-768x613.jpg 768w, https:\/\/vacationvillas.es\/wp-content\/uploads\/2023\/06\/VV-logo-2-300x239.jpg 300w, https:\/\/vacationvillas.es\/wp-content\/uploads\/2023\/06\/VV-logo-2-752x600.jpg 752w, https:\/\/vacationvillas.es\/wp-content\/uploads\/2023\/06\/VV-logo-2-496x396.jpg 496w, https:\/\/vacationvillas.es\/wp-content\/uploads\/2023\/06\/VV-logo-2.jpg 822w\" sizes=\"(max-width: 768px) 100vw, 768px\" \/>\t\t\t\t\t\t\t\t\t\t\t\t\t\t\t<\/div>\n\t\t\t\t<\/div>\n\t\t\t\t\t<\/div>\n\t\t<\/div>\n\t\t\t\t\t<\/div>\n\t\t<\/section>\n\t\t\t\t<div class=\"elementor-element elementor-element-8d340a7 elementor-widget elementor-widget-text-editor\" data-id=\"8d340a7\" data-element_type=\"widget\" data-widget_type=\"text-editor.default\">\n\t\t\t\t<div class=\"elementor-widget-container\">\n\t\t\t\t\t\t\t\t\t<p>Ons bedrijf is in de loop der jaren succesvol gegroeid dankzij mond-tot-mondreclame en terugkerende boekingen &#8211; een feit waar we erg trots op zijn. Zodra je boekt, heb je de gemoedsrust dat je vakantie bij ons in veilige handen is. Je kunt er zeker van zijn dat je bij een gerenommeerd bedrijf hebt geboekt.<\/p>\n<p>Als klein bedrijf luisteren we naar onze klanten en brengen we verbeteringen aan in onze villa&#8217;s op basis van hun aanbevelingen. Terwijl je hier bent, zouden we het leuk vinden als je bij ons op kantoor langskomt voor een kop koffie en een praatje over de service die je hebt ontvangen. We bieden een exclusieve \u00e9\u00e9n-op-\u00e9\u00e9n service en heten je van harte welkom aan de Costa Blanca.<\/p>\n<p>Stuur gerust een e-mail naar <a href=\"mailto:info@vacationvillasspain.com\">info@vacationvillasspain.com<\/a> of bel ons op <a href=\"tel:%200034%2096%20642%204505\">0034 96 642 4505<\/a> of 0034 647575152 om je te helpen bij het plannen van je vakantie aan de Costa Blanca. We horen graag van je.<\/p>\n\t\t\t\t\t\t\t\t<\/div>\n\t\t\t\t<\/div>\n\t\t\t\t<section class=\"elementor-section elementor-inner-section elementor-element elementor-element-36bcfe5 elementor-section-boxed elementor-section-height-default elementor-section-height-default\" data-id=\"36bcfe5\" data-element_type=\"section\">\n\t\t\t\t\t\t<div class=\"elementor-container elementor-column-gap-default\">\n\t\t\t\t\t<div class=\"elementor-column elementor-col-50 elementor-inner-column elementor-element elementor-element-da6cd89\" data-id=\"da6cd89\" data-element_type=\"column\">\n\t\t\t<div class=\"elementor-widget-wrap elementor-element-populated\">\n\t\t\t\t\t\t<div class=\"elementor-element elementor-element-7603d2b elementor-widget__width-initial elementor-position-top elementor-widget elementor-widget-image-box\" data-id=\"7603d2b\" data-element_type=\"widget\" data-widget_type=\"image-box.default\">\n\t\t\t\t<div class=\"elementor-widget-container\">\n\t\t\t\t\t<div class=\"elementor-image-box-wrapper\"><figure class=\"elementor-image-box-img\"><img decoding=\"async\" width=\"2048\" height=\"1587\" src=\"https:\/\/vacationvillas.es\/wp-content\/uploads\/2023\/11\/IMG_20211102_1709059050-3-2048x1587.jpg\" class=\"attachment-2048x2048 size-2048x2048 wp-image-12241\" alt=\"\" srcset=\"https:\/\/vacationvillas.es\/wp-content\/uploads\/2023\/11\/IMG_20211102_1709059050-3-2048x1587.jpg 2048w, https:\/\/vacationvillas.es\/wp-content\/uploads\/2023\/11\/IMG_20211102_1709059050-3-300x232.jpg 300w, https:\/\/vacationvillas.es\/wp-content\/uploads\/2023\/11\/IMG_20211102_1709059050-3-1024x793.jpg 1024w, https:\/\/vacationvillas.es\/wp-content\/uploads\/2023\/11\/IMG_20211102_1709059050-3-768x595.jpg 768w, https:\/\/vacationvillas.es\/wp-content\/uploads\/2023\/11\/IMG_20211102_1709059050-3-1536x1190.jpg 1536w, https:\/\/vacationvillas.es\/wp-content\/uploads\/2023\/11\/IMG_20211102_1709059050-3-774x600.jpg 774w, https:\/\/vacationvillas.es\/wp-content\/uploads\/2023\/11\/IMG_20211102_1709059050-3-496x384.jpg 496w\" sizes=\"(max-width: 2048px) 100vw, 2048px\" \/><\/figure><div class=\"elementor-image-box-content\"><h3 class=\"elementor-image-box-title\">Anne Christine<\/h3><\/div><\/div>\t\t\t\t<\/div>\n\t\t\t\t<\/div>\n\t\t\t\t\t<\/div>\n\t\t<\/div>\n\t\t\t\t<div class=\"elementor-column elementor-col-50 elementor-inner-column elementor-element elementor-element-146fe33\" data-id=\"146fe33\" data-element_type=\"column\">\n\t\t\t<div class=\"elementor-widget-wrap elementor-element-populated\">\n\t\t\t\t\t\t<div class=\"elementor-element elementor-element-bfa7f08 elementor-widget__width-initial elementor-position-top elementor-widget elementor-widget-image-box\" data-id=\"bfa7f08\" data-element_type=\"widget\" data-widget_type=\"image-box.default\">\n\t\t\t\t<div class=\"elementor-widget-container\">\n\t\t\t\t\t<div class=\"elementor-image-box-wrapper\"><figure class=\"elementor-image-box-img\"><img decoding=\"async\" width=\"663\" height=\"664\" src=\"https:\/\/vacationvillas.es\/wp-content\/uploads\/2016\/02\/Me.png\" class=\"attachment-medium_large size-medium_large wp-image-9806\" alt=\"\" srcset=\"https:\/\/vacationvillas.es\/wp-content\/uploads\/2016\/02\/Me.png 663w, https:\/\/vacationvillas.es\/wp-content\/uploads\/2016\/02\/Me-300x300.png 300w, https:\/\/vacationvillas.es\/wp-content\/uploads\/2016\/02\/Me-150x150.png 150w, https:\/\/vacationvillas.es\/wp-content\/uploads\/2016\/02\/Me-599x600.png 599w, https:\/\/vacationvillas.es\/wp-content\/uploads\/2016\/02\/Me-496x497.png 496w\" sizes=\"(max-width: 663px) 100vw, 663px\" \/><\/figure><div class=\"elementor-image-box-content\"><h3 class=\"elementor-image-box-title\">Jeff<\/h3><\/div><\/div>\t\t\t\t<\/div>\n\t\t\t\t<\/div>\n\t\t\t\t\t<\/div>\n\t\t<\/div>\n\t\t\t\t\t<\/div>\n\t\t<\/section>\n\t\t\t\t<div class=\"elementor-element elementor-element-4ff0a7f5 elementor-widget elementor-widget-spacer\" data-id=\"4ff0a7f5\" data-element_type=\"widget\" data-widget_type=\"spacer.default\">\n\t\t\t\t<div class=\"elementor-widget-container\">\n\t\t\t\t\t\t\t<div class=\"elementor-spacer\">\n\t\t\t<div class=\"elementor-spacer-inner\"><\/div>\n\t\t<\/div>\n\t\t\t\t\t\t<\/div>\n\t\t\t\t<\/div>\n\t\t\t\t\t<\/div>\n\t\t<\/div>\n\t\t\t\t\t<\/div>\n\t\t<\/section>\n\t\t\t\t<section class=\"elementor-section elementor-top-section elementor-element elementor-element-990214f elementor-section-boxed elementor-section-height-default elementor-section-height-default\" data-id=\"990214f\" data-element_type=\"section\" data-settings=\"{&quot;background_background&quot;:&quot;classic&quot;,&quot;shape_divider_top&quot;:&quot;mountains&quot;}\">\n\t\t\t\t\t<div class=\"elementor-shape elementor-shape-top\" aria-hidden=\"true\" data-negative=\"false\">\n\t\t\t<svg xmlns=\"http:\/\/www.w3.org\/2000\/svg\" viewBox=\"0 0 1000 100\" preserveAspectRatio=\"none\">\n\t<path class=\"elementor-shape-fill\" opacity=\"0.33\" d=\"M473,67.3c-203.9,88.3-263.1-34-320.3,0C66,119.1,0,59.7,0,59.7V0h1000v59.7 c0,0-62.1,26.1-94.9,29.3c-32.8,3.3-62.8-12.3-75.8-22.1C806,49.6,745.3,8.7,694.9,4.7S492.4,59,473,67.3z\"\/>\n\t<path class=\"elementor-shape-fill\" opacity=\"0.66\" d=\"M734,67.3c-45.5,0-77.2-23.2-129.1-39.1c-28.6-8.7-150.3-10.1-254,39.1 s-91.7-34.4-149.2,0C115.7,118.3,0,39.8,0,39.8V0h1000v36.5c0,0-28.2-18.5-92.1-18.5C810.2,18.1,775.7,67.3,734,67.3z\"\/>\n\t<path class=\"elementor-shape-fill\" d=\"M766.1,28.9c-200-57.5-266,65.5-395.1,19.5C242,1.8,242,5.4,184.8,20.6C128,35.8,132.3,44.9,89.9,52.5C28.6,63.7,0,0,0,0 h1000c0,0-9.9,40.9-83.6,48.1S829.6,47,766.1,28.9z\"\/>\n<\/svg>\t\t<\/div>\n\t\t\t\t\t<div class=\"elementor-container elementor-column-gap-default\">\n\t\t\t\t\t<div class=\"elementor-column elementor-col-100 elementor-top-column elementor-element elementor-element-5042d442\" data-id=\"5042d442\" data-element_type=\"column\">\n\t\t\t<div class=\"elementor-widget-wrap elementor-element-populated\">\n\t\t\t\t\t\t<div class=\"elementor-element elementor-element-1fb38fe0 elementor-widget elementor-widget-spacer\" data-id=\"1fb38fe0\" data-element_type=\"widget\" data-widget_type=\"spacer.default\">\n\t\t\t\t<div class=\"elementor-widget-container\">\n\t\t\t\t\t\t\t<div class=\"elementor-spacer\">\n\t\t\t<div class=\"elementor-spacer-inner\"><\/div>\n\t\t<\/div>\n\t\t\t\t\t\t<\/div>\n\t\t\t\t<\/div>\n\t\t\t\t<div class=\"elementor-element elementor-element-1c87375b elementor-widget elementor-widget-houzez_elementor_section_title\" data-id=\"1c87375b\" data-element_type=\"widget\" data-widget_type=\"houzez_elementor_section_title.default\">\n\t\t\t\t<div class=\"elementor-widget-container\">\n\t\t\t\t\t            <div class=\"houzez_section_title_wrap section-title-module\">\n                                    <h2 class=\"houzez_section_title\">Laatste Nieuws<\/h2>\n                \n                            <\/div>\n            \t\t\t\t<\/div>\n\t\t\t\t<\/div>\n\t\t\t\t<section class=\"elementor-section elementor-inner-section elementor-element elementor-element-225212d1 elementor-section-boxed elementor-section-height-default elementor-section-height-default\" data-id=\"225212d1\" data-element_type=\"section\">\n\t\t\t\t\t\t<div class=\"elementor-container elementor-column-gap-default\">\n\t\t\t\t\t<div class=\"elementor-column elementor-col-100 elementor-inner-column elementor-element elementor-element-77a65d53\" data-id=\"77a65d53\" data-element_type=\"column\">\n\t\t\t<div class=\"elementor-widget-wrap elementor-element-populated\">\n\t\t\t\t\t\t<div class=\"elementor-element elementor-element-7448d15c elementor-widget elementor-widget-houzez_elementor_blog_posts\" data-id=\"7448d15c\" data-element_type=\"widget\" data-widget_type=\"houzez_elementor_blog_posts.default\">\n\t\t\t\t<div class=\"elementor-widget-container\">\n\t\t\t\t\t\n        <div class=\"blog-posts-module blog-posts-module-v2\">\n            <div class=\"row module-row\">\n                                    <div class=\"col-lg-4 col-md-6\">\n                        <div id=\"post-12567\" class=\"blog-post-item blog-post-item-v2 post-12567 post type-post status-publish format-standard has-post-thumbnail hentry category-gebied-gidsen\">\n\t\n\t\t<div class=\"blog-post-thumb\">\n\t\t<a href=\"https:\/\/vacationvillas.es\/nl\/ontdek-de-arenal-haven-en-oude-binnenstad-van-javea-een-gids-voor-villahuurders\/\" class=\"hover-effect\">\n\t\t\t<img loading=\"lazy\" decoding=\"async\" width=\"592\" height=\"444\" src=\"https:\/\/vacationvillas.es\/wp-content\/uploads\/2023\/11\/javea-3-592x444.jpg\" class=\"img-fluid wp-post-image\" alt=\"\" srcset=\"https:\/\/vacationvillas.es\/wp-content\/uploads\/2023\/11\/javea-3-592x444.jpg 592w, https:\/\/vacationvillas.es\/wp-content\/uploads\/2023\/11\/javea-3-300x225.jpg 300w, https:\/\/vacationvillas.es\/wp-content\/uploads\/2023\/11\/javea-3-1024x768.jpg 1024w, https:\/\/vacationvillas.es\/wp-content\/uploads\/2023\/11\/javea-3-768x576.jpg 768w, https:\/\/vacationvillas.es\/wp-content\/uploads\/2023\/11\/javea-3-584x438.jpg 584w, https:\/\/vacationvillas.es\/wp-content\/uploads\/2023\/11\/javea-3-800x600.jpg 800w, https:\/\/vacationvillas.es\/wp-content\/uploads\/2023\/11\/javea-3-120x90.jpg 120w, https:\/\/vacationvillas.es\/wp-content\/uploads\/2023\/11\/javea-3-496x372.jpg 496w, https:\/\/vacationvillas.es\/wp-content\/uploads\/2023\/11\/javea-3.jpg 1280w\" sizes=\"(max-width: 592px) 100vw, 592px\" \/>\t\t<\/a>\n\t<\/div><!-- blog-post-thumb -->\n\t\n\t<div class=\"blog-post-content-wrap with-no-author\">\n\t\t<div class=\"blog-post-meta\">\n\t\t\t<ul class=\"list-inline\">\n\t\t\t\t\n\t\t\t\t\t\t\t\t<li class=\"list-inline-item\">\n\t\t\t\t\t<i class=\"houzez-icon icon-tags mr-1\"><\/i> <a href=\"https:\/\/vacationvillas.es\/nl\/category\/gebied-gidsen\/\" rel=\"category tag\">Gebied Gidsen<\/a>\t\t\t\t<\/li>\n\t\t\t\t\t\t\t<\/ul>\n\t\t<\/div><!-- blog-post-meta -->\n\t\t<div class=\"blog-post-title\">\n\t\t\t<h3><a href=\"https:\/\/vacationvillas.es\/nl\/ontdek-de-arenal-haven-en-oude-binnenstad-van-javea-een-gids-voor-villahuurders\/\">Ontdek het hart van Javea: Een gids voor villahuurders<\/a><\/h3>\n\t\t<\/div><!-- blog-post-title -->\n\t<\/div><!-- blog-post-content-wrap -->\n\t<\/div><!-- blog-post-item -->                    <\/div>\n                                    <div class=\"col-lg-4 col-md-6\">\n                        <div id=\"post-9818\" class=\"blog-post-item blog-post-item-v2 post-9818 post type-post status-publish format-standard has-post-thumbnail hentry category-gebied-gidsen category-liesure-tijd\">\n\t\n\t\t<div class=\"blog-post-thumb\">\n\t\t<a href=\"https:\/\/vacationvillas.es\/nl\/waarom-denia-de-perfecte-plek-is-voor-je-tweede-huis\/\" class=\"hover-effect\">\n\t\t\t<img loading=\"lazy\" decoding=\"async\" width=\"592\" height=\"444\" src=\"https:\/\/vacationvillas.es\/wp-content\/uploads\/2023\/06\/denia-1-592x444.jpg\" class=\"img-fluid wp-post-image\" alt=\"\" srcset=\"https:\/\/vacationvillas.es\/wp-content\/uploads\/2023\/06\/denia-1-592x444.jpg 592w, https:\/\/vacationvillas.es\/wp-content\/uploads\/2023\/06\/denia-1-584x438.jpg 584w, https:\/\/vacationvillas.es\/wp-content\/uploads\/2023\/06\/denia-1-120x90.jpg 120w\" sizes=\"(max-width: 592px) 100vw, 592px\" \/>\t\t<\/a>\n\t<\/div><!-- blog-post-thumb -->\n\t\n\t<div class=\"blog-post-content-wrap with-no-author\">\n\t\t<div class=\"blog-post-meta\">\n\t\t\t<ul class=\"list-inline\">\n\t\t\t\t\n\t\t\t\t\t\t\t\t<li class=\"list-inline-item\">\n\t\t\t\t\t<i class=\"houzez-icon icon-tags mr-1\"><\/i> <a href=\"https:\/\/vacationvillas.es\/nl\/category\/gebied-gidsen\/\" rel=\"category tag\">Gebied Gidsen<\/a>, <a href=\"https:\/\/vacationvillas.es\/nl\/category\/liesure-tijd\/\" rel=\"category tag\">Liesure Tijd<\/a>\t\t\t\t<\/li>\n\t\t\t\t\t\t\t<\/ul>\n\t\t<\/div><!-- blog-post-meta -->\n\t\t<div class=\"blog-post-title\">\n\t\t\t<h3><a href=\"https:\/\/vacationvillas.es\/nl\/waarom-denia-de-perfecte-plek-is-voor-je-tweede-huis\/\">Waarom Denia de perfecte plek is voor je tweede huis<\/a><\/h3>\n\t\t<\/div><!-- blog-post-title -->\n\t<\/div><!-- blog-post-content-wrap -->\n\t<\/div><!-- blog-post-item -->                    <\/div>\n                                    <div class=\"col-lg-4 col-md-6\">\n                        <div id=\"post-9835\" class=\"blog-post-item blog-post-item-v2 post-9835 post type-post status-publish format-standard has-post-thumbnail hentry category-liesure-tijd tag-appartement tag-huis-voor-gezinnen tag-luxe-nl tag-onroerend-goed\">\n\t\n\t\t<div class=\"blog-post-thumb\">\n\t\t<a href=\"https:\/\/vacationvillas.es\/nl\/ontdek-la-xara-een-verborgen-juweel-aan-de-costa-blanca\/\" class=\"hover-effect\">\n\t\t\t<img loading=\"lazy\" decoding=\"async\" width=\"592\" height=\"444\" src=\"https:\/\/vacationvillas.es\/wp-content\/uploads\/2016\/03\/Esglesia_de_Sant_Mateu_la_Xara-592x444.jpg\" class=\"img-fluid wp-post-image\" alt=\"\" srcset=\"https:\/\/vacationvillas.es\/wp-content\/uploads\/2016\/03\/Esglesia_de_Sant_Mateu_la_Xara-592x444.jpg 592w, https:\/\/vacationvillas.es\/wp-content\/uploads\/2016\/03\/Esglesia_de_Sant_Mateu_la_Xara-584x438.jpg 584w, https:\/\/vacationvillas.es\/wp-content\/uploads\/2016\/03\/Esglesia_de_Sant_Mateu_la_Xara-120x90.jpg 120w\" sizes=\"(max-width: 592px) 100vw, 592px\" \/>\t\t<\/a>\n\t<\/div><!-- blog-post-thumb -->\n\t\n\t<div class=\"blog-post-content-wrap with-no-author\">\n\t\t<div class=\"blog-post-meta\">\n\t\t\t<ul class=\"list-inline\">\n\t\t\t\t\n\t\t\t\t\t\t\t\t<li class=\"list-inline-item\">\n\t\t\t\t\t<i class=\"houzez-icon icon-tags mr-1\"><\/i> <a href=\"https:\/\/vacationvillas.es\/nl\/category\/liesure-tijd\/\" rel=\"category tag\">Liesure Tijd<\/a>\t\t\t\t<\/li>\n\t\t\t\t\t\t\t<\/ul>\n\t\t<\/div><!-- blog-post-meta -->\n\t\t<div class=\"blog-post-title\">\n\t\t\t<h3><a href=\"https:\/\/vacationvillas.es\/nl\/ontdek-la-xara-een-verborgen-juweel-aan-de-costa-blanca\/\">Ontdek La Xara: Een verborgen juweel aan de Costa Blanca<\/a><\/h3>\n\t\t<\/div><!-- blog-post-title -->\n\t<\/div><!-- blog-post-content-wrap -->\n\t<\/div><!-- blog-post-item -->                    <\/div>\n                            <\/div>\n        <\/div>\n\n        \t\t\t\t<\/div>\n\t\t\t\t<\/div>\n\t\t\t\t\t<\/div>\n\t\t<\/div>\n\t\t\t\t\t<\/div>\n\t\t<\/section>\n\t\t\t\t<div class=\"elementor-element elementor-element-4f0054b0 elementor-widget elementor-widget-spacer\" data-id=\"4f0054b0\" data-element_type=\"widget\" data-widget_type=\"spacer.default\">\n\t\t\t\t<div class=\"elementor-widget-container\">\n\t\t\t\t\t\t\t<div class=\"elementor-spacer\">\n\t\t\t<div class=\"elementor-spacer-inner\"><\/div>\n\t\t<\/div>\n\t\t\t\t\t\t<\/div>\n\t\t\t\t<\/div>\n\t\t\t\t\t<\/div>\n\t\t<\/div>\n\t\t\t\t\t<\/div>\n\t\t<\/section>\n\t\t\t\t<section class=\"elementor-section elementor-top-section elementor-element elementor-element-d4b4613 elementor-section-boxed elementor-section-height-default elementor-section-height-default\" data-id=\"d4b4613\" data-element_type=\"section\">\n\t\t\t\t\t\t<div class=\"elementor-container elementor-column-gap-default\">\n\t\t\t\t\t<div class=\"elementor-column elementor-col-100 elementor-top-column elementor-element elementor-element-26eded1\" data-id=\"26eded1\" data-element_type=\"column\">\n\t\t\t<div class=\"elementor-widget-wrap elementor-element-populated\">\n\t\t\t\t\t\t<div class=\"elementor-element elementor-element-af62b47 elementor-widget elementor-widget-image\" data-id=\"af62b47\" data-element_type=\"widget\" data-widget_type=\"image.default\">\n\t\t\t\t<div class=\"elementor-widget-container\">\n\t\t\t\t\t\t\t\t\t\t\t\t\t\t\t<img loading=\"lazy\" decoding=\"async\" width=\"960\" height=\"720\" src=\"https:\/\/vacationvillas.es\/wp-content\/uploads\/2023\/09\/vvpropertyshop-propiedades_642c043b82515-source.jpg.jpg\" class=\"attachment-large size-large wp-image-11650\" alt=\"\" srcset=\"https:\/\/vacationvillas.es\/wp-content\/uploads\/2023\/09\/vvpropertyshop-propiedades_642c043b82515-source.jpg.jpg 960w, https:\/\/vacationvillas.es\/wp-content\/uploads\/2023\/09\/vvpropertyshop-propiedades_642c043b82515-source.jpg-300x225.jpg 300w, https:\/\/vacationvillas.es\/wp-content\/uploads\/2023\/09\/vvpropertyshop-propiedades_642c043b82515-source.jpg-768x576.jpg 768w, https:\/\/vacationvillas.es\/wp-content\/uploads\/2023\/09\/vvpropertyshop-propiedades_642c043b82515-source.jpg-592x444.jpg 592w, https:\/\/vacationvillas.es\/wp-content\/uploads\/2023\/09\/vvpropertyshop-propiedades_642c043b82515-source.jpg-584x438.jpg 584w, https:\/\/vacationvillas.es\/wp-content\/uploads\/2023\/09\/vvpropertyshop-propiedades_642c043b82515-source.jpg-800x600.jpg 800w, https:\/\/vacationvillas.es\/wp-content\/uploads\/2023\/09\/vvpropertyshop-propiedades_642c043b82515-source.jpg-120x90.jpg 120w, https:\/\/vacationvillas.es\/wp-content\/uploads\/2023\/09\/vvpropertyshop-propiedades_642c043b82515-source.jpg-496x372.jpg 496w\" sizes=\"(max-width: 960px) 100vw, 960px\" \/>\t\t\t\t\t\t\t\t\t\t\t\t\t\t\t<\/div>\n\t\t\t\t<\/div>\n\t\t\t\t\t<\/div>\n\t\t<\/div>\n\t\t\t\t\t<\/div>\n\t\t<\/section>\n\t\t\t\t<\/div>\n\t\t","protected":false},"excerpt":{"rendered":"<p>Over ons Over Vacation Villas Vacation Villas is sinds 1999 gevestigd in La Xara tussen Javea en Denia. De eigenaresse Anne-Christine Cl\u00e9ment is trots op de professionele en vriendelijke benadering van alle medewerkers en geeft je graag het voordeel van hun ervaring met het wonen aan de Costa Blanca. Wij zijn er om je alle [&hellip;]<\/p>\n","protected":false},"author":1,"featured_media":0,"parent":0,"menu_order":0,"comment_status":"closed","ping_status":"closed","template":"elementor_header_footer","meta":{"footnotes":""},"class_list":["post-9999","page","type-page","status-publish","hentry"],"_links":{"self":[{"href":"https:\/\/vacationvillas.es\/nl\/wp-json\/wp\/v2\/pages\/9999","targetHints":{"allow":["GET"]}}],"collection":[{"href":"https:\/\/vacationvillas.es\/nl\/wp-json\/wp\/v2\/pages"}],"about":[{"href":"https:\/\/vacationvillas.es\/nl\/wp-json\/wp\/v2\/types\/page"}],"author":[{"embeddable":true,"href":"https:\/\/vacationvillas.es\/nl\/wp-json\/wp\/v2\/users\/1"}],"replies":[{"embeddable":true,"href":"https:\/\/vacationvillas.es\/nl\/wp-json\/wp\/v2\/comments?post=9999"}],"version-history":[{"count":8,"href":"https:\/\/vacationvillas.es\/nl\/wp-json\/wp\/v2\/pages\/9999\/revisions"}],"predecessor-version":[{"id":20940,"href":"https:\/\/vacationvillas.es\/nl\/wp-json\/wp\/v2\/pages\/9999\/revisions\/20940"}],"wp:attachment":[{"href":"https:\/\/vacationvillas.es\/nl\/wp-json\/wp\/v2\/media?parent=9999"}],"curies":[{"name":"wp","href":"https:\/\/api.w.org\/{rel}","templated":true}]}}